{"id":179,"date":"2025-06-18T13:29:09","date_gmt":"2025-06-18T11:29:09","guid":{"rendered":"https:\/\/www.hannover-tourismus.de\/?page_id=179"},"modified":"2026-04-23T10:15:12","modified_gmt":"2026-04-23T08:15:12","slug":"%e5%8d%b0%e8%ae%b0","status":"publish","type":"page","link":"https:\/\/www.hannover-tourismus.de\/zh\/impressum\/","title":{"rendered":"Legal notice"},"content":{"rendered":"<h1 class=\"wp-block-heading\">Legal notice<\/h1>\r\n\r\n\r\n\r\n<h3 class=\"wp-block-heading\">\u7b2c 5 DDG \u6761\u89c4\u5b9a\u7684\u4fe1\u606f<\/h3>\r\n\r\n\r\n\r\n<p>\u6c49\u8bfa\u5a01\u8425\u9500\u548c\u65c5\u6e38\u6709\u9650\u516c\u53f8<br \/>\u5e38\u52a1\u8463\u4e8b\uff1a<br \/>\u514b\u91cc\u65af\u8482\u5b89-\u5361\u8328<br \/>Vahrenwalder \u8857 7 \u53f7<br \/>30165 \u6c49\u8bfa\u5a01<br \/>\u7535\u5b50\u90ae\u4ef6\u00a0<a href=\"mailto:info@hannover-tourismus.de\">info@hannover-tourismus.de<\/a><br \/>\u7535\u8bdd\uff1a+49 511 12349-00<br \/>\u4f20\u771f\uff1a+49 511 123490-10<\/p>\r\n\r\n\r\n\r\n<p><strong>\u8054\u7cfb\u65b9\u5f0f<\/strong><br \/>\u591a\u7433-\u65bd\u5bc6\u7279\u94a6<br \/>\u7535\u8bdd\uff1a+49 511 168 349-31<br \/>\u4f20\u771f\uff1a+49 511 123490-10<br \/>\u7535\u5b50\u90ae\u4ef6\uff1a schmidtchen@hannover-marketing.de<\/p>\r\n\r\n\r\n\r\n<p>\u5546\u4e1a\u767b\u8bb0\uff1aB \u90e8\u5206\u7b2c 59223 \u53f7<br \/>\u767b\u8bb0\u6cd5\u9662\uff1a\u6c49\u8bfa\u5a01<\/p>\r\n\r\n\r\n\r\n<p><strong>\u9500\u552e\u7a0e ID<\/strong><br \/>\u6839\u636e\u9500\u552e\u7a0e\u6cd5\u7b2c 27 a \u6761\u89c4\u5b9a\u7684\u9500\u552e\u7a0e\u8bc6\u522b\u53f7\uff1a<br \/>DE211133985<\/p>\r\n\r\n\r\n\r\n\r\n\r\n<p><strong>\u5185\u5bb9\u8d23\u4efb<br \/><\/strong>\u4f5c\u4e3a\u670d\u52a1\u63d0\u4f9b\u5546\uff0c\u6839\u636e DDG \u7b2c 7 (1) \u8282\u548c\u4e00\u822c\u6cd5\u5f8b\uff0c\u6211\u4eec\u5bf9\u81ea\u5df1\u5728\u8fd9\u4e9b\u7f51\u9875\u4e0a\u7684\u5185\u5bb9\u8d1f\u8d23\u3002\u4e0d\u8fc7\uff0c\u6839\u636e\u300a\u5fb7\u56fd\u6570\u636e\u4fdd\u62a4\u6cd5\u300b\u7b2c 8 \u81f3 10 \u6761\uff0c\u4f5c\u4e3a\u670d\u52a1\u63d0\u4f9b\u5546\uff0c\u6211\u4eec\u6ca1\u6709\u4e49\u52a1\u76d1\u63a7\u4f20\u8f93\u6216\u5b58\u50a8\u7684\u7b2c\u4e09\u65b9\u4fe1\u606f\uff0c\u4e5f\u6ca1\u6709\u4e49\u52a1\u8c03\u67e5\u8868\u660e\u5b58\u5728\u975e\u6cd5\u6d3b\u52a8\u7684\u60c5\u51b5\u3002<\/p>\r\n\r\n\r\n\r\n<p>\u6839\u636e\u4e00\u822c\u6cd5\u5f8b\uff0c\u5220\u9664\u6216\u963b\u6b62\u4f7f\u7528\u4fe1\u606f\u7684\u4e49\u52a1\u4e0d\u53d7\u6b64\u5f71\u54cd\u3002\u4f46\u662f\uff0c\u53ea\u6709\u5728\u6211\u4eec\u610f\u8bc6\u5230\u5177\u4f53\u4fb5\u6743\u884c\u4e3a\u65f6\uff0c\u624d\u6709\u53ef\u80fd\u627f\u62c5\u8fd9\u65b9\u9762\u7684\u8d23\u4efb\u3002\u4e00\u65e6\u53d1\u73b0\u6b64\u7c7b\u4fb5\u6743\u884c\u4e3a\uff0c\u6211\u4eec\u5c06\u7acb\u5373\u5220\u9664\u76f8\u5173\u5185\u5bb9\u3002<\/p>\r\n\r\n\r\n\r\n<p><strong>\u94fe\u63a5\u8d23\u4efb<br \/><\/strong>\u6211\u4eec\u7684\u7f51\u7ad9\u5305\u542b\u5916\u90e8\u7b2c\u4e09\u65b9\u7f51\u7ad9\u7684\u94fe\u63a5\uff0c\u6211\u4eec\u5bf9\u8fd9\u4e9b\u7f51\u7ad9\u7684\u5185\u5bb9\u6ca1\u6709\u5f71\u54cd\u529b\u3002\u56e0\u6b64\uff0c\u6211\u4eec\u4e0d\u5bf9\u7b2c\u4e09\u65b9\u5185\u5bb9\u627f\u62c5\u4efb\u4f55\u8d23\u4efb\u3002\u7f51\u9875\u63d0\u4f9b\u8005\u6216\u7ecf\u8425\u8005\u59cb\u7ec8\u5bf9\u94fe\u63a5\u7f51\u9875\u7684\u5185\u5bb9\u8d1f\u8d23\u3002\u5728\u94fe\u63a5\u65f6\uff0c\u6211\u4eec\u5bf9\u6240\u94fe\u63a5\u7684\u7f51\u9875\u8fdb\u884c\u4e86\u68c0\u67e5\uff0c\u4ee5\u786e\u5b9a\u662f\u5426\u5b58\u5728\u8fdd\u6cd5\u884c\u4e3a\u3002\u94fe\u63a5\u65f6\u65e0\u6cd5\u8bc6\u522b\u975e\u6cd5\u5185\u5bb9\u3002<\/p>\r\n\r\n\r\n\r\n<p>\u4f46\u662f\uff0c\u5982\u679c\u6ca1\u6709\u5177\u4f53\u7684\u4fb5\u6743\u8bc1\u636e\uff0c\u5bf9\u94fe\u63a5\u7f51\u9875\u5185\u5bb9\u8fdb\u884c\u957f\u671f\u76d1\u63a7\u662f\u4e0d\u5408\u7406\u7684\u3002\u5982\u679c\u6211\u4eec\u53d1\u73b0\u4efb\u4f55\u8fdd\u6cd5\u884c\u4e3a\uff0c\u6211\u4eec\u5c06\u7acb\u5373\u5220\u9664\u6b64\u7c7b\u94fe\u63a5\u3002<\/p>\r\n\r\n\r\n\r\n<p><strong>\u7248\u6743<br \/><\/strong>\u7f51\u7ad9\u8fd0\u8425\u8005\u5728\u8fd9\u4e9b\u7f51\u9875\u4e0a\u521b\u4f5c\u7684\u5185\u5bb9\u548c\u4f5c\u54c1\u53d7\u5fb7\u56fd\u7248\u6743\u6cd5\u4fdd\u62a4\u3002\u590d\u5236\u3001\u52a0\u5de5\u3001\u5206\u53d1\u4ee5\u53ca\u4efb\u4f55\u8d85\u51fa\u7248\u6743\u6cd5\u8303\u56f4\u7684\u4f7f\u7528\u5747\u9700\u5f97\u5230\u76f8\u5173\u4f5c\u8005\u6216\u521b\u4f5c\u8005\u7684\u4e66\u9762\u540c\u610f\u3002\u672c\u7f51\u7ad9\u7684\u4e0b\u8f7d\u548c\u62f7\u8d1d\u53ea\u5141\u8bb8\u7528\u4e8e\u79c1\u4eba\u548c\u975e\u5546\u4e1a\u7528\u9014\u3002<\/p>\r\n\r\n\r\n\r\n<p>\u53ea\u8981\u672c\u7f51\u7ad9\u4e0a\u7684\u5185\u5bb9\u4e0d\u662f\u7531\u8fd0\u8425\u5546\u521b\u5efa\uff0c\u7b2c\u4e09\u65b9\u7684\u7248\u6743\u5373\u53d7\u5230\u5c0a\u91cd\u3002\u7279\u522b\u662f\uff0c\u7b2c\u4e09\u65b9\u5185\u5bb9\u4f1a\u88ab\u6807\u6ce8\u4e3a\u7b2c\u4e09\u65b9\u5185\u5bb9\u3002\u5982\u679c\u60a8\u53d1\u73b0\u6709\u4fb5\u72af\u7248\u6743\u7684\u60c5\u51b5\uff0c\u8bf7\u53ca\u65f6\u901a\u77e5\u6211\u4eec\u3002\u5982\u679c\u6211\u4eec\u53d1\u73b0\u4efb\u4f55\u4fb5\u6743\u884c\u4e3a\uff0c\u6211\u4eec\u5c06\u7acb\u5373\u5220\u9664\u8fd9\u4e9b\u5185\u5bb9\u3002<\/p>\r\n\r\n\r\n\r\n<p>Hannover Marketing &amp; Tourismus GmbH \u5728\u5176\u7f51\u7ad9\u4e0a\u63d0\u4f9b\u7684\u4fe1\u606f\u53d7\u5230\u6301\u7eed\u76d1\u63a7\u5e76\u4e0d\u65ad\u66f4\u65b0\u3002\u5c3d\u7ba1\u5982\u6b64\uff0c\u5c3d\u7ba1\u7ecf\u8fc7\u4ed4\u7ec6\u6838\u5bf9\uff0c\u6570\u636e\u4ecd\u6709\u53ef\u80fd\u5728\u6b64\u671f\u95f4\u53d1\u751f\u53d8\u5316\u3002\u56e0\u6b64\uff0cHannover Marketing &amp; Tourismus GmbH \u5bf9\u8fd9\u4e9b\u7f51\u9875\u4e0a\u6240\u63d0\u4f9b\u4fe1\u606f\u7684\u51c6\u786e\u6027\u3001\u5b8c\u6574\u6027\u548c\u65f6\u4e8b\u6027\u4e0d\u627f\u62c5\u4efb\u4f55\u8d23\u4efb\u6216\u4f5c\u51fa\u4efb\u4f55\u4fdd\u8bc1\u3002\u8fd9\u4e00\u70b9\u540c\u6837\u9002\u7528\u4e8e\u672c\u7f51\u7ad9\u4e0a\u901a\u8fc7\u8d85\u94fe\u63a5\u6307\u5411\u7684\u6240\u6709\u7f51\u7ad9\u3002Hannover Marketing &amp; Tourismus GmbH \u5bf9\u8fd9\u4e9b\u7f51\u7ad9\u7684\u5185\u5bb9\u4e0d\u627f\u62c5\u4efb\u4f55\u8d23\u4efb\u3002<\/p>","protected":false},"excerpt":{"rendered":"<p>Impressum Angaben gem\u00e4\u00df \u00a7 5 DDG Hannover Marketing und Tourismus GmbHGesch\u00e4ftsf\u00fchrer:Christian KatzVahrenwalder Stra\u00dfe 730165 HannoverE-Mail:\u00a0info@hannover-tourismus.deTel.: +49 511 12349-00Fax: +49 511 123490-10 Kontakt:Doreen SchmidtchenTel.: +49 511 168 349-31Fax: +49 511 123490-10E-Mail: schmidtchen@hannover-marketing.de Handelsregister: Abt. B Nr. 59223Registergericht: Hannover Umsatzsteuer-IDUmsatzsteuer-Identifikationsnummer gem\u00e4\u00df \u00a7 27 a Umsatzsteuergesetz:DE211133985 Haftung f\u00fcr InhalteAls Diensteanbieter sind wir gem\u00e4\u00df \u00a7 7 Abs.1 DDG f\u00fcr [&hellip;]<\/p>\n","protected":false},"author":1,"featured_media":0,"parent":0,"menu_order":0,"comment_status":"closed","ping_status":"closed","template":"","meta":{"footnotes":""},"class_list":["post-179","page","type-page","status-publish","hentry"],"_links":{"self":[{"href":"https:\/\/www.hannover-tourismus.de\/zh\/wp-json\/wp\/v2\/pages\/179","targetHints":{"allow":["GET"]}}],"collection":[{"href":"https:\/\/www.hannover-tourismus.de\/zh\/wp-json\/wp\/v2\/pages"}],"about":[{"href":"https:\/\/www.hannover-tourismus.de\/zh\/wp-json\/wp\/v2\/types\/page"}],"author":[{"embeddable":true,"href":"https:\/\/www.hannover-tourismus.de\/zh\/wp-json\/wp\/v2\/users\/1"}],"replies":[{"embeddable":true,"href":"https:\/\/www.hannover-tourismus.de\/zh\/wp-json\/wp\/v2\/comments?post=179"}],"version-history":[{"count":4,"href":"https:\/\/www.hannover-tourismus.de\/zh\/wp-json\/wp\/v2\/pages\/179\/revisions"}],"predecessor-version":[{"id":5968,"href":"https:\/\/www.hannover-tourismus.de\/zh\/wp-json\/wp\/v2\/pages\/179\/revisions\/5968"}],"wp:attachment":[{"href":"https:\/\/www.hannover-tourismus.de\/zh\/wp-json\/wp\/v2\/media?parent=179"}],"curies":[{"name":"wp","href":"https:\/\/api.w.org\/{rel}","templated":true}]}}