{"id":179,"date":"2025-06-18T13:29:09","date_gmt":"2025-06-18T11:29:09","guid":{"rendered":"https:\/\/www.hannover-tourismus.de\/?page_id=179"},"modified":"2026-02-26T08:37:04","modified_gmt":"2026-02-26T06:37:04","slug":"baski","status":"publish","type":"page","link":"https:\/\/www.hannover-tourismus.de\/tr\/impressum\/","title":{"rendered":"Legal notice"},"content":{"rendered":"<h1 class=\"wp-block-heading\">Legal notice<\/h1>\r\n\r\n\r\n\r\n<h3 class=\"wp-block-heading\">Madde 5 DDG uyar\u0131nca bilgiler<\/h3>\r\n\r\n\r\n\r\n<p>Hannover Marketing and Tourismus GmbH<br \/>Genel M\u00fcd\u00fcr:<br \/>Christian Katz<br \/>Vahrenwalder Caddesi 7<br \/>30165 Hanover<br \/>E-Mail:\u00a0<a href=\"mailto:info@hannover-tourismus.de\">info@hannover-tourismus.de<\/a><br \/>Telefon: +49 511 12349-00<br \/>Faks: +49 511 123490-10<\/p>\r\n\r\n\r\n\r\n<p><strong>\u0130leti\u015fim:<\/strong><br \/>Doreen Schmidtchen<br \/>Telefon: +49 511 168 349-31<br \/>Faks: +49 511 123490-10<br \/>E-posta: schmidtchen@hannover-marketing.de<\/p>\r\n\r\n\r\n\r\n<p>Ticaret sicili: B\u00f6l\u00fcm B No. 59223<br \/>Kay\u0131t mahkemesi: Hanover<\/p>\r\n\r\n\r\n\r\n<p><strong>Sat\u0131\u015f vergisi kimli\u011fi<\/strong><br \/>\u00a7 27 a sat\u0131\u015f vergisi yasas\u0131na g\u00f6re sat\u0131\u015f vergisi kimlik numaras\u0131:<br \/>DE211133985<\/p>\r\n\r\n\r\n\r\n<p><strong>AB uyu\u015fmazl\u0131k \u00e7\u00f6z\u00fcm\u00fc<br \/><\/strong>Avrupa Komisyonu, \u00e7evrimi\u00e7i uyu\u015fmazl\u0131k \u00e7\u00f6z\u00fcm\u00fc (OS) i\u00e7in bir platform sa\u011flamaktad\u0131r:\u00a0<a href=\"https:\/\/ec.europa.eu\/consumers\/odr\" target=\"_blank\" rel=\"noreferrer noopener\">https:\/\/ec.europa.eu\/consumers\/odr<\/a>.<br \/>E-posta adresimizi yukar\u0131daki yasal bildirimde bulabilirsiniz.<\/p>\r\n\r\n\r\n\r\n<p><strong>\u0130\u00e7erik i\u00e7in sorumluluk<br \/><\/strong>Bir hizmet sa\u011flay\u0131c\u0131 olarak, Madde 7 (1) DDG ve genel mevzuat uyar\u0131nca bu sayfalardaki kendi i\u00e7eri\u011fimizden sorumluyuz. Ancak, DDG \u00a7\u00a7 8 ila 10 uyar\u0131nca, bir hizmet sa\u011flay\u0131c\u0131 olarak iletilen veya depolanan \u00fc\u00e7\u00fcnc\u00fc taraf bilgilerini izlemek veya yasa d\u0131\u015f\u0131 faaliyetlere i\u015faret eden durumlar\u0131 ara\u015ft\u0131rmak zorunda de\u011filiz.<\/p>\r\n\r\n\r\n\r\n<p>Genel mevzuat uyar\u0131nca bilgilerin kullan\u0131m\u0131n\u0131 kald\u0131rma veya engelleme y\u00fck\u00fcml\u00fcl\u00fckleri bundan etkilenmez. Ancak, bu konudaki sorumluluk sadece belirli bir ihlalin fark\u0131na vard\u0131\u011f\u0131m\u0131z andan itibaren m\u00fcmk\u00fcnd\u00fcr. Bu t\u00fcr ihlallerin fark\u0131na var\u0131r varmaz, bu i\u00e7eri\u011fi derhal kald\u0131raca\u011f\u0131z.<\/p>\r\n\r\n\r\n\r\n<p><strong>Ba\u011flant\u0131lar i\u00e7in sorumluluk<br \/><\/strong>Web sitemiz, i\u00e7eri\u011fi \u00fczerinde hi\u00e7bir etkimiz olmayan harici \u00fc\u00e7\u00fcnc\u00fc taraf web sitelerine ba\u011flant\u0131lar i\u00e7ermektedir. Bu nedenle, bu \u00fc\u00e7\u00fcnc\u00fc taraf i\u00e7eri\u011fi i\u00e7in herhangi bir sorumluluk kabul edemeyiz. Ba\u011flant\u0131l\u0131 sayfalar\u0131n i\u00e7eri\u011finden her zaman sayfalar\u0131n ilgili sa\u011flay\u0131c\u0131s\u0131 veya operat\u00f6r\u00fc sorumludur. Ba\u011flant\u0131 verilen sayfalar, ba\u011flant\u0131 verildi\u011fi s\u0131rada olas\u0131 yasal ihlallere kar\u015f\u0131 kontrol edilmi\u015ftir. Ba\u011flant\u0131 s\u0131ras\u0131nda yasa d\u0131\u015f\u0131 i\u00e7erikler tespit edilememi\u015ftir.<\/p>\r\n\r\n\r\n\r\n<p>Bununla birlikte, ba\u011flant\u0131l\u0131 sayfalar\u0131n i\u00e7eri\u011finin s\u00fcrekli olarak izlenmesi, bir ihlalin somut kan\u0131t\u0131 olmadan makul de\u011fildir. Herhangi bir yasal ihlalden haberdar olursak, bu t\u00fcr ba\u011flant\u0131lar\u0131 derhal kald\u0131raca\u011f\u0131z.<\/p>\r\n\r\n\r\n\r\n<p><strong>Telif Hakk\u0131<br \/><\/strong>Bu sayfalarda site operat\u00f6rleri taraf\u0131ndan olu\u015fturulan i\u00e7erik ve eserler Alman telif hakk\u0131 yasas\u0131na tabidir. \u00c7o\u011faltma, i\u015fleme, da\u011f\u0131t\u0131m ve telif hakk\u0131 yasas\u0131n\u0131n s\u0131n\u0131rlar\u0131 d\u0131\u015f\u0131ndaki her t\u00fcrl\u00fc kullan\u0131m, ilgili yazar\u0131n veya yarat\u0131c\u0131n\u0131n yaz\u0131l\u0131 onay\u0131n\u0131 gerektirir. Bu sitenin indirilmesine ve kopyalanmas\u0131na yaln\u0131zca \u00f6zel, ticari olmayan kullan\u0131m i\u00e7in izin verilir.<\/p>\r\n\r\n\r\n\r\n<p>Bu sitedeki i\u00e7erik operat\u00f6r taraf\u0131ndan olu\u015fturulmad\u0131\u011f\u0131 s\u00fcrece, \u00fc\u00e7\u00fcnc\u00fc taraflar\u0131n telif haklar\u0131na sayg\u0131 duyulur. \u00d6zellikle, \u00fc\u00e7\u00fcnc\u00fc taraf i\u00e7eri\u011fi bu \u015fekilde etiketlenmi\u015ftir. Yine de bir telif hakk\u0131 ihlalinden haberdar olursan\u0131z, l\u00fctfen bizi uygun \u015fekilde bilgilendirin. Herhangi bir ihlalden haberdar olursak, bu t\u00fcr i\u00e7eri\u011fi derhal kald\u0131raca\u011f\u0131z.<\/p>\r\n\r\n\r\n\r\n<p>Hannover Marketing &amp; Tourismus GmbH taraf\u0131ndan web sitesinde sa\u011flanan bilgiler s\u00fcrekli denetime tabidir ve s\u00fcrekli olarak g\u00fcncellenir. Bununla birlikte, dikkatli bir \u015fekilde kontrol edilmesine ra\u011fmen verilerin bu arada de\u011fi\u015fmi\u015f olmas\u0131 m\u00fcmk\u00fcnd\u00fcr. Bu nedenle Hannover Marketing &amp; Tourismus GmbH, bu sayfalarda verilen bilgilerin do\u011frulu\u011fu, eksiksizli\u011fi ve g\u00fcncelli\u011fi konusunda hi\u00e7bir sorumluluk veya garanti kabul etmez. Bu durum, bu web sitesinde hiperlink ile at\u0131fta bulunulan t\u00fcm web siteleri i\u00e7in de ge\u00e7erlidir. Hannover Marketing &amp; Tourismus GmbH bu sitelerin i\u00e7eri\u011finden sorumlu de\u011fildir.<\/p>","protected":false},"excerpt":{"rendered":"<p>Impressum Angaben gem\u00e4\u00df \u00a7 5 DDG Hannover Marketing und Tourismus GmbHGesch\u00e4ftsf\u00fchrer:Christian KatzVahrenwalder Stra\u00dfe 730165 HannoverE-Mail:\u00a0info@hannover-tourismus.deTel.: +49 511 12349-00Fax: +49 511 123490-10 Kontakt:Doreen SchmidtchenTel.: +49 511 168 349-31Fax: +49 511 123490-10E-Mail: schmidtchen@hannover-marketing.de Handelsregister: Abt. B Nr. 59223Registergericht: Hannover Umsatzsteuer-IDUmsatzsteuer-Identifikationsnummer gem\u00e4\u00df \u00a7 27 a Umsatzsteuergesetz:DE211133985 EU-StreitschlichtungDie Europ\u00e4ische Kommission stellt eine Plattform zur Online-Streitbeilegung (OS) bereit:\u00a0https:\/\/ec.europa.eu\/consumers\/odr.Unsere E-Mail-Adresse finden [&hellip;]<\/p>\n","protected":false},"author":1,"featured_media":0,"parent":0,"menu_order":0,"comment_status":"closed","ping_status":"closed","template":"","meta":{"footnotes":""},"class_list":["post-179","page","type-page","status-publish","hentry"],"_links":{"self":[{"href":"https:\/\/www.hannover-tourismus.de\/tr\/wp-json\/wp\/v2\/pages\/179","targetHints":{"allow":["GET"]}}],"collection":[{"href":"https:\/\/www.hannover-tourismus.de\/tr\/wp-json\/wp\/v2\/pages"}],"about":[{"href":"https:\/\/www.hannover-tourismus.de\/tr\/wp-json\/wp\/v2\/types\/page"}],"author":[{"embeddable":true,"href":"https:\/\/www.hannover-tourismus.de\/tr\/wp-json\/wp\/v2\/users\/1"}],"replies":[{"embeddable":true,"href":"https:\/\/www.hannover-tourismus.de\/tr\/wp-json\/wp\/v2\/comments?post=179"}],"version-history":[{"count":3,"href":"https:\/\/www.hannover-tourismus.de\/tr\/wp-json\/wp\/v2\/pages\/179\/revisions"}],"predecessor-version":[{"id":5602,"href":"https:\/\/www.hannover-tourismus.de\/tr\/wp-json\/wp\/v2\/pages\/179\/revisions\/5602"}],"wp:attachment":[{"href":"https:\/\/www.hannover-tourismus.de\/tr\/wp-json\/wp\/v2\/media?parent=179"}],"curies":[{"name":"wp","href":"https:\/\/api.w.org\/{rel}","templated":true}]}}