{"id":445,"date":"2025-06-19T08:42:42","date_gmt":"2025-06-19T06:42:42","guid":{"rendered":"https:\/\/www.hannover-tourismus.de\/?page_id=445"},"modified":"2025-06-19T08:56:43","modified_gmt":"2025-06-19T06:56:43","slug":"boende-i-hannover","status":"publish","type":"page","link":"https:\/\/www.hannover-tourismus.de\/sv\/unterkunft-in-hannover\/","title":{"rendered":"Boende i Hanover"},"content":{"rendered":"<div data-elementor-type=\"wp-page\" data-elementor-id=\"445\" class=\"elementor elementor-445\" data-elementor-post-type=\"page\">\n\t\t\t\t<div class=\"elementor-element elementor-element-0a6ec60 e-flex e-con-boxed e-con e-parent\" data-id=\"0a6ec60\" data-element_type=\"container\" data-e-type=\"container\">\n\t\t\t\t\t<div class=\"e-con-inner\">\n\t\t\t\t<div class=\"elementor-element elementor-element-542b84a elementor-widget elementor-widget-image\" data-id=\"542b84a\" data-element_type=\"widget\" data-e-type=\"widget\" data-widget_type=\"image.default\">\n\t\t\t\t<div class=\"elementor-widget-container\">\n\t\t\t\t\t\t\t\t\t\t\t\t\t\t\t<img fetchpriority=\"high\" decoding=\"async\" width=\"2000\" height=\"1000\" src=\"https:\/\/www.hannover-tourismus.de\/wp-content\/uploads\/2025\/06\/Kein-Titel-2000-x-1000-px.png\" class=\"attachment-full size-full wp-image-447\" alt=\"Mysigt hotellrum med utsikt \u00f6ver solnedg\u00e5ngen i Hannover.\" srcset=\"https:\/\/www.hannover-tourismus.de\/wp-content\/uploads\/2025\/06\/Kein-Titel-2000-x-1000-px.png 2000w, https:\/\/www.hannover-tourismus.de\/wp-content\/uploads\/2025\/06\/Kein-Titel-2000-x-1000-px-300x150.png 300w, https:\/\/www.hannover-tourismus.de\/wp-content\/uploads\/2025\/06\/Kein-Titel-2000-x-1000-px-1024x512.png 1024w, https:\/\/www.hannover-tourismus.de\/wp-content\/uploads\/2025\/06\/Kein-Titel-2000-x-1000-px-768x384.png 768w, https:\/\/www.hannover-tourismus.de\/wp-content\/uploads\/2025\/06\/Kein-Titel-2000-x-1000-px-1536x768.png 1536w, https:\/\/www.hannover-tourismus.de\/wp-content\/uploads\/2025\/06\/Kein-Titel-2000-x-1000-px-18x9.png 18w\" sizes=\"(max-width: 2000px) 100vw, 2000px\" \/>\t\t\t\t\t\t\t\t\t\t\t\t\t\t\t<\/div>\n\t\t\t\t<\/div>\n\t\t\t\t\t<\/div>\n\t\t\t\t<\/div>\n\t\t<div class=\"elementor-element elementor-element-2b524b8 e-flex e-con-boxed e-con e-parent\" data-id=\"2b524b8\" data-element_type=\"container\" data-e-type=\"container\">\n\t\t\t\t\t<div class=\"e-con-inner\">\n\t\t\t\t<div class=\"elementor-element elementor-element-afebad2 elementor-widget elementor-widget-heading\" data-id=\"afebad2\" data-element_type=\"widget\" data-e-type=\"widget\" data-widget_type=\"heading.default\">\n\t\t\t\t<div class=\"elementor-widget-container\">\n\t\t\t\t\t<h2 class=\"elementor-heading-title elementor-size-default\">Hotel and flats - ditt boende i Hannover<\/h2>\t\t\t\t<\/div>\n\t\t\t\t<\/div>\n\t\t\t\t\t<\/div>\n\t\t\t\t<\/div>\n\t\t<div class=\"elementor-element elementor-element-5d1f4ec e-flex e-con-boxed e-con e-parent\" data-id=\"5d1f4ec\" data-element_type=\"container\" data-e-type=\"container\">\n\t\t\t\t\t<div class=\"e-con-inner\">\n\t\t\t\t<div class=\"elementor-element elementor-element-2c6063f elementor-widget elementor-widget-text-editor\" data-id=\"2c6063f\" data-element_type=\"widget\" data-e-type=\"widget\" data-widget_type=\"text-editor.default\">\n\t\t\t\t<div class=\"elementor-widget-container\">\n\t\t\t\t\t\t\t\t\t<p>Stadsresa, m\u00e4ssbes\u00f6k eller familjesemester - om du letar efter en <strong data-start=\"988\" data-end=\"1014\">Boende i Hanover<\/strong> kommer att hitta ett imponerande urval av l\u00e4mpliga boendealternativ. I Niedersachsens huvudstad finns centrala hotell, charmiga semesterl\u00e4genheter och mysiga privata boenden.<\/p>\t\t\t\t\t\t\t\t<\/div>\n\t\t\t\t<\/div>\n\t\t\t\t\t<\/div>\n\t\t\t\t<\/div>\n\t\t<div class=\"elementor-element elementor-element-0880143 e-grid e-con-boxed e-con e-parent\" data-id=\"0880143\" data-element_type=\"container\" data-e-type=\"container\">\n\t\t\t\t\t<div class=\"e-con-inner\">\n\t\t\t\t<div class=\"elementor-element elementor-element-3cd0efb elementor-cta--skin-classic elementor-animated-content elementor-bg-transform elementor-bg-transform-zoom-in elementor-widget elementor-widget-call-to-action\" data-id=\"3cd0efb\" data-element_type=\"widget\" data-e-type=\"widget\" data-isc-images=\"448\" data-widget_type=\"call-to-action.default\">\n\t\t\t\t<div class=\"elementor-widget-container\">\n\t\t\t\t\t\t\t<div class=\"elementor-cta\">\n\t\t\t\t\t<div class=\"elementor-cta__bg-wrapper\">\n\t\t\t\t<div class=\"elementor-cta__bg elementor-bg\" style=\"background-image: url(https:\/\/www.hannover-tourismus.de\/wp-content\/uploads\/2025\/06\/Gemini_Generated_Image_cpjjqicpjjqicpjj1-1024x1024.jpg);\" role=\"img\" aria-label=\"Bekv\u00e4mt hotellrum med s\u00e4ng, tr\u00e4panel och modern belysning i Hannover.\"><\/div>\n\t\t\t\t<div class=\"elementor-cta__bg-overlay\"><\/div>\n\t\t\t<\/div>\n\t\t\t\t\t\t\t<div class=\"elementor-cta__content\">\n\t\t\t\t\n\t\t\t\t\t\t\t\t\t<h2 class=\"elementor-cta__title elementor-cta__content-item elementor-content-item\">\n\t\t\t\t\t\tHotell - komfort och korta avst\u00e5nd\t\t\t\t\t<\/h2>\n\t\t\t\t\n\t\t\t\t\t\t\t\t\t<div class=\"elementor-cta__description elementor-cta__content-item elementor-content-item\">\n\t\t\t\t\t\tOm du l\u00e4gger s\u00e4rskild vikt vid service, centralt l\u00e4ge och goda kommunikationer \u00e4r ett hotell ett bra val. \t\t\t\t\t<\/div>\n\t\t\t\t\n\t\t\t\t\t\t\t\t\t<div class=\"elementor-cta__button-wrapper elementor-cta__content-item elementor-content-item\">\n\t\t\t\t\t<a class=\"elementor-cta__button elementor-button elementor-size-\" href=\"https:\/\/welcome.visit-hannover.com\/Hotelportal\/start?reset=1&#038;persistentParameters=1\" target=\"_blank\" rel=\"noopener\">\n\t\t\t\t\t\tKlicka h\u00e4r\t\t\t\t\t<\/a>\n\t\t\t\t\t<\/div>\n\t\t\t\t\t\t\t<\/div>\n\t\t\t\t\t\t<\/div>\n\t\t\t\t\t\t<\/div>\n\t\t\t\t<\/div>\n\t\t\t\t<div class=\"elementor-element elementor-element-1ec89b5 elementor-cta--skin-classic elementor-animated-content elementor-bg-transform elementor-bg-transform-zoom-in elementor-widget elementor-widget-call-to-action\" data-id=\"1ec89b5\" data-element_type=\"widget\" data-e-type=\"widget\" data-isc-images=\"450\" data-widget_type=\"call-to-action.default\">\n\t\t\t\t<div class=\"elementor-widget-container\">\n\t\t\t\t\t\t\t<div class=\"elementor-cta\">\n\t\t\t\t\t<div class=\"elementor-cta__bg-wrapper\">\n\t\t\t\t<div class=\"elementor-cta__bg elementor-bg\" style=\"background-image: url(https:\/\/www.hannover-tourismus.de\/wp-content\/uploads\/2025\/06\/poreen1896_68024_Photorealistic_image_of_a_friendly_modern_va_63a64b03-3a0d-4090-bb92-6d56e4f93cf2_0.png);\" role=\"img\" aria-label=\"Modernt hotellrum med bekv\u00e4m s\u00e4ng och stort f\u00f6nster med utsikt \u00f6ver staden.\"><\/div>\n\t\t\t\t<div class=\"elementor-cta__bg-overlay\"><\/div>\n\t\t\t<\/div>\n\t\t\t\t\t\t\t<div class=\"elementor-cta__content\">\n\t\t\t\t\n\t\t\t\t\t\t\t\t\t<h2 class=\"elementor-cta__title elementor-cta__content-item elementor-content-item\">\n\t\t\t\t\t\tL\u00e4genheter - K\u00e4nn dig som hemma\t\t\t\t\t<\/h2>\n\t\t\t\t\n\t\t\t\t\t\t\t\t\t<div class=\"elementor-cta__description elementor-cta__content-item elementor-content-item\">\n\t\t\t\t\t\tOm du f\u00f6redrar att resa p\u00e5 egen hand eller reser med din familj \u00e4r det v\u00e4rt att titta p\u00e5 semesterl\u00e4genheter. \t\t\t\t\t<\/div>\n\t\t\t\t\n\t\t\t\t\t\t\t\t\t<div class=\"elementor-cta__button-wrapper elementor-cta__content-item elementor-content-item\">\n\t\t\t\t\t<a class=\"elementor-cta__button elementor-button elementor-size-\" href=\"https:\/\/tportal.tomas.travel\/hannover-privatvermietung\/ukv\/?lang=de\" target=\"_blank\" rel=\"noopener\">\n\t\t\t\t\t\tKlicka h\u00e4r\t\t\t\t\t<\/a>\n\t\t\t\t\t<\/div>\n\t\t\t\t\t\t\t<\/div>\n\t\t\t\t\t\t<\/div>\n\t\t\t\t\t\t<\/div>\n\t\t\t\t<\/div>\n\t\t\t\t<div class=\"elementor-element elementor-element-8a51b53 elementor-cta--skin-classic elementor-animated-content elementor-bg-transform elementor-bg-transform-zoom-in elementor-widget elementor-widget-call-to-action\" data-id=\"8a51b53\" data-element_type=\"widget\" data-e-type=\"widget\" data-isc-images=\"452\" data-widget_type=\"call-to-action.default\">\n\t\t\t\t<div class=\"elementor-widget-container\">\n\t\t\t\t\t\t\t<div class=\"elementor-cta\">\n\t\t\t\t\t<div class=\"elementor-cta__bg-wrapper\">\n\t\t\t\t<div class=\"elementor-cta__bg elementor-bg\" style=\"background-image: url(https:\/\/www.hannover-tourismus.de\/wp-content\/uploads\/2025\/06\/Linden-Christian-Wyrwa-6-scaled-1-1024x683.jpg);\" role=\"img\" aria-label=\"Stadsrundtur\"><\/div>\n\t\t\t\t<div class=\"elementor-cta__bg-overlay\"><\/div>\n\t\t\t<\/div>\n\t\t\t\t\t\t\t<div class=\"elementor-cta__content\">\n\t\t\t\t\n\t\t\t\t\t\t\t\t\t<h2 class=\"elementor-cta__title elementor-cta__content-item elementor-content-item\">\n\t\t\t\t\t\tResa som grupp\t\t\t\t\t<\/h2>\n\t\t\t\t\n\t\t\t\t\t\t\t\t\t<div class=\"elementor-cta__description elementor-cta__content-item elementor-content-item\">\n\t\t\t\t\t\tHannover erbjuder sp\u00e4nnande fritidsaktiviteter och m\u00e5nga boendealternativ f\u00f6r grupper.\t\t\t\t\t<\/div>\n\t\t\t\t\n\t\t\t\t\t\t\t\t\t<div class=\"elementor-cta__button-wrapper elementor-cta__content-item elementor-content-item\">\n\t\t\t\t\t<a class=\"elementor-cta__button elementor-button elementor-size-\" href=\"https:\/\/www.hannover-tourismus.de\/sv\/gruppresor\/\">\n\t\t\t\t\t\tKlicka h\u00e4r\t\t\t\t\t<\/a>\n\t\t\t\t\t<\/div>\n\t\t\t\t\t\t\t<\/div>\n\t\t\t\t\t\t<\/div>\n\t\t\t\t\t\t<\/div>\n\t\t\t\t<\/div>\n\t\t\t\t\t<\/div>\n\t\t\t\t<\/div>\n\t\t<div class=\"elementor-element elementor-element-10fae9d e-flex e-con-boxed e-con e-parent\" data-id=\"10fae9d\" data-element_type=\"container\" data-e-type=\"container\">\n\t\t\t\t\t<div class=\"e-con-inner\">\n\t\t\t\t<div class=\"elementor-element elementor-element-176fd3a elementor-cta--layout-image-left elementor-cta--skin-classic elementor-animated-content elementor-bg-transform elementor-bg-transform-zoom-in elementor-widget elementor-widget-call-to-action\" data-id=\"176fd3a\" data-element_type=\"widget\" data-e-type=\"widget\" data-isc-images=\"96\" data-widget_type=\"call-to-action.default\">\n\t\t\t\t<div class=\"elementor-widget-container\">\n\t\t\t\t\t\t\t<div class=\"elementor-cta\">\n\t\t\t\t\t<div class=\"elementor-cta__bg-wrapper\">\n\t\t\t\t<div class=\"elementor-cta__bg elementor-bg\" style=\"background-image: url(https:\/\/www.hannover-tourismus.de\/wp-content\/uploads\/2025\/06\/HL-Header13-1024x327.png);\" role=\"img\" aria-label=\"Hannovers r\u00e5dhus med utsikt \u00f6ver floden och de gr\u00f6na omgivningarna, imponerande arkitektur och historiska centrum.\"><\/div>\n\t\t\t\t<div class=\"elementor-cta__bg-overlay\"><\/div>\n\t\t\t<\/div>\n\t\t\t\t\t\t\t<div class=\"elementor-cta__content\">\n\t\t\t\t\n\t\t\t\t\t\t\t\t\t<h2 class=\"elementor-cta__title elementor-cta__content-item elementor-content-item\">\n\t\t\t\t\t\tErfarenhetspaket\t\t\t\t\t<\/h2>\n\t\t\t\t\n\t\t\t\t\t\t\t\t\t<div class=\"elementor-cta__description elementor-cta__content-item elementor-content-item\">\n\t\t\t\t\t\tNjut av upplevelsepaket i Hannover - kombinera upplevelse och \u00f6vernattning f\u00f6r din utflykt med fokus p\u00e5 stadsupplevelse och natur.\t\t\t\t\t<\/div>\n\t\t\t\t\n\t\t\t\t\t\t\t\t\t<div class=\"elementor-cta__button-wrapper elementor-cta__content-item elementor-content-item\">\n\t\t\t\t\t<a class=\"elementor-cta__button elementor-button elementor-size-\" href=\"https:\/\/www.hannover-tourismus.de\/sv\/upplevelsepaket\/\">\n\t\t\t\t\t\tKlicka h\u00e4r\t\t\t\t\t<\/a>\n\t\t\t\t\t<\/div>\n\t\t\t\t\t\t\t<\/div>\n\t\t\t\t\t\t<\/div>\n\t\t\t\t\t\t<\/div>\n\t\t\t\t<\/div>\n\t\t\t\t\t<\/div>\n\t\t\t\t<\/div>\n\t\t<div class=\"elementor-element elementor-element-8d49dcd e-grid e-con-boxed e-con e-parent\" data-id=\"8d49dcd\" data-element_type=\"container\" data-e-type=\"container\">\n\t\t\t\t\t<div class=\"e-con-inner\">\n\t\t\t\t<div class=\"elementor-element elementor-element-c1a422b elementor-cta--skin-classic elementor-animated-content elementor-bg-transform elementor-bg-transform-zoom-in elementor-widget elementor-widget-call-to-action\" data-id=\"c1a422b\" data-element_type=\"widget\" data-e-type=\"widget\" data-isc-images=\"455\" data-widget_type=\"call-to-action.default\">\n\t\t\t\t<div class=\"elementor-widget-container\">\n\t\t\t\t\t\t\t<div class=\"elementor-cta\">\n\t\t\t\t\t<div class=\"elementor-cta__bg-wrapper\">\n\t\t\t\t<div class=\"elementor-cta__bg elementor-bg\" style=\"background-image: url(https:\/\/www.hannover-tourismus.de\/wp-content\/uploads\/2025\/06\/Hauptbahnhof-Ernst-Agust-Platz-_Martin-Kirchner-1-scaled-1-1024x682.jpg);\" role=\"img\" aria-label=\"Hannovers centralstation med m\u00e4nniskor och elscootrar i solljuset.\"><\/div>\n\t\t\t\t<div class=\"elementor-cta__bg-overlay\"><\/div>\n\t\t\t<\/div>\n\t\t\t\t\t\t\t<div class=\"elementor-cta__content\">\n\t\t\t\t\n\t\t\t\t\t\t\t\t\t<h2 class=\"elementor-cta__title elementor-cta__content-item elementor-content-item\">\n\t\t\t\t\t\t Centralt l\u00e4ge och f\u00f6rbindelser\t\t\t\t\t<\/h2>\n\t\t\t\t\n\t\t\t\t\t\t\t\t\t<div class=\"elementor-cta__description elementor-cta__content-item elementor-content-item\">\n\t\t\t\t\t\tAtt resa till Hannover \u00e4r bekv\u00e4mt och okomplicerat - oavsett om du reser med t\u00e5g, bil eller cykel. \t\t\t\t\t<\/div>\n\t\t\t\t\n\t\t\t\t\t\t\t\t\t<div class=\"elementor-cta__button-wrapper elementor-cta__content-item elementor-content-item\">\n\t\t\t\t\t<a class=\"elementor-cta__button elementor-button elementor-size-\" href=\"https:\/\/www.visit-hannover.com\/Hotels,-FeWo,-B-Bs-Erlebnispakete\/Anreise-Abreise\" target=\"_blank\" rel=\"noopener\">\n\t\t\t\t\t\tKlicka h\u00e4r\t\t\t\t\t<\/a>\n\t\t\t\t\t<\/div>\n\t\t\t\t\t\t\t<\/div>\n\t\t\t\t\t\t<\/div>\n\t\t\t\t\t\t<\/div>\n\t\t\t\t<\/div>\n\t\t\t\t<div class=\"elementor-element elementor-element-bd2b861 elementor-cta--skin-classic elementor-animated-content elementor-bg-transform elementor-bg-transform-zoom-in elementor-widget elementor-widget-call-to-action\" data-id=\"bd2b861\" data-element_type=\"widget\" data-e-type=\"widget\" data-isc-images=\"99\" data-widget_type=\"call-to-action.default\">\n\t\t\t\t<div class=\"elementor-widget-container\">\n\t\t\t\t\t\t\t<div class=\"elementor-cta\">\n\t\t\t\t\t<div class=\"elementor-cta__bg-wrapper\">\n\t\t\t\t<div class=\"elementor-cta__bg elementor-bg\" style=\"background-image: url(https:\/\/www.hannover-tourismus.de\/wp-content\/uploads\/2025\/06\/poreen1896_68024_Photorealistic_image_of_a_friendly_modern_va_5fc8692d-4e8c-47a6-ba8e-44ef38475cfe_2-1024x683.png);\" role=\"img\" aria-label=\"Ljust sovrum med stora f\u00f6nster, v\u00e4xter och minimalistisk inredning.\"><\/div>\n\t\t\t\t<div class=\"elementor-cta__bg-overlay\"><\/div>\n\t\t\t<\/div>\n\t\t\t\t\t\t\t<div class=\"elementor-cta__content\">\n\t\t\t\t\n\t\t\t\t\t\t\t\t\t<h2 class=\"elementor-cta__title elementor-cta__content-item elementor-content-item\">\n\t\t\t\t\t\tAvropskvoter f\u00f6r evenemang\t\t\t\t\t<\/h2>\n\t\t\t\t\n\t\t\t\t\t\t\t\t\t<div class=\"elementor-cta__description elementor-cta__content-item elementor-content-item\">\n\t\t\t\t\t\tPlanerar du ett evenemang, en konferens eller reser du med en stor grupp? D\u00e5 \u00e4r avropskontingenter v\u00e4rdefulla. \t\t\t\t\t<\/div>\n\t\t\t\t\n\t\t\t\t\t\t\t\t\t<div class=\"elementor-cta__button-wrapper elementor-cta__content-item elementor-content-item\">\n\t\t\t\t\t<a class=\"elementor-cta__button elementor-button elementor-size-\" href=\"https:\/\/hannover-living.de\/abrufkontingent\/\" target=\"_blank\" rel=\"noopener\">\n\t\t\t\t\t\tKlicka h\u00e4r\t\t\t\t\t<\/a>\n\t\t\t\t\t<\/div>\n\t\t\t\t\t\t\t<\/div>\n\t\t\t\t\t\t<\/div>\n\t\t\t\t\t\t<\/div>\n\t\t\t\t<\/div>\n\t\t\t\t<div class=\"elementor-element elementor-element-1550489 elementor-cta--skin-classic elementor-animated-content elementor-bg-transform elementor-bg-transform-zoom-in elementor-widget elementor-widget-call-to-action\" data-id=\"1550489\" data-element_type=\"widget\" data-e-type=\"widget\" data-isc-images=\"101\" data-widget_type=\"call-to-action.default\">\n\t\t\t\t<div class=\"elementor-widget-container\">\n\t\t\t\t\t\t\t<div class=\"elementor-cta\">\n\t\t\t\t\t<div class=\"elementor-cta__bg-wrapper\">\n\t\t\t\t<div class=\"elementor-cta__bg elementor-bg\" style=\"background-image: url(https:\/\/www.hannover-tourismus.de\/wp-content\/uploads\/2025\/06\/HL-Header12-1536x491.png);\" role=\"img\" aria-label=\"Hylla med reseguider och broschyrer f\u00f6r Hannover.\"><\/div>\n\t\t\t\t<div class=\"elementor-cta__bg-overlay\"><\/div>\n\t\t\t<\/div>\n\t\t\t\t\t\t\t<div class=\"elementor-cta__content\">\n\t\t\t\t\n\t\t\t\t\t\t\t\t\t<h2 class=\"elementor-cta__title elementor-cta__content-item elementor-content-item\">\n\t\t\t\t\t\tCentrum f\u00f6r turistinformation\t\t\t\t\t<\/h2>\n\t\t\t\t\n\t\t\t\t\t\t\t\t\t<div class=\"elementor-cta__description elementor-cta__content-item elementor-content-item\">\n\t\t\t\t\t\tTeamet p\u00e5 plats hj\u00e4lper dig ocks\u00e5 med kort varsel om dina resplaner \u00e4ndras eller om du planerar utflykter i regionen. \t\t\t\t\t<\/div>\n\t\t\t\t\n\t\t\t\t\t\t\t\t\t<div class=\"elementor-cta__button-wrapper elementor-cta__content-item elementor-content-item\">\n\t\t\t\t\t<a class=\"elementor-cta__button elementor-button elementor-size-\" href=\"https:\/\/www.hannover-tourismus.de\/sv\/turistinformation-hannover\/\">\n\t\t\t\t\t\tKlicka h\u00e4r\t\t\t\t\t<\/a>\n\t\t\t\t\t<\/div>\n\t\t\t\t\t\t\t<\/div>\n\t\t\t\t\t\t<\/div>\n\t\t\t\t\t\t<\/div>\n\t\t\t\t<\/div>\n\t\t<div class=\"elementor-element elementor-element-5e98c6e e-con-full e-flex e-con e-child\" data-id=\"5e98c6e\" data-element_type=\"container\" data-e-type=\"container\">\n\t\t\t\t<\/div>\n\t\t\t\t\t<\/div>\n\t\t\t\t<\/div>\n\t\t<div class=\"elementor-element elementor-element-7e36be6 e-flex e-con-boxed e-con e-parent\" data-id=\"7e36be6\" data-element_type=\"container\" data-e-type=\"container\">\n\t\t\t\t\t<div class=\"e-con-inner\">\n\t\t\t\t<div class=\"elementor-element elementor-element-c69cbb2 elementor-cta--layout-image-right elementor-cta--skin-classic elementor-animated-content elementor-bg-transform elementor-bg-transform-zoom-in elementor-widget elementor-widget-call-to-action\" data-id=\"c69cbb2\" data-element_type=\"widget\" data-e-type=\"widget\" data-isc-images=\"459\" data-widget_type=\"call-to-action.default\">\n\t\t\t\t<div class=\"elementor-widget-container\">\n\t\t\t\t\t\t\t<div class=\"elementor-cta\">\n\t\t\t\t\t<div class=\"elementor-cta__bg-wrapper\">\n\t\t\t\t<div class=\"elementor-cta__bg elementor-bg\" style=\"background-image: url(https:\/\/www.hannover-tourismus.de\/wp-content\/uploads\/2025\/06\/Titel-Suedstadt_Maschsee-Patrick-Grafjpg_WEB-1024x683.jpg);\" role=\"img\" aria-label=\"Solnedg\u00e5ng p\u00e5 Maschsee med m\u00e4nniskor som sitter p\u00e5 stranden och njuter av utsikten.\"><\/div>\n\t\t\t\t<div class=\"elementor-cta__bg-overlay\"><\/div>\n\t\t\t<\/div>\n\t\t\t\t\t\t\t<div class=\"elementor-cta__content\">\n\t\t\t\t\n\t\t\t\t\t\t\t\t\t<h2 class=\"elementor-cta__title elementor-cta__content-item elementor-content-item\">\n\t\t\t\t\t\tLugnt l\u00e4ge eller mitt i centrum? De b\u00e4sta stadsdelarna att bo i\t\t\t\t\t<\/h2>\n\t\t\t\t\n\t\t\t\t\t\t\t\t\t<div class=\"elementor-cta__description elementor-cta__content-item elementor-content-item\">\n\t\t\t\t\t\tBeroende p\u00e5 dina preferenser \u00e4r det v\u00e4rt att uppm\u00e4rksamma l\u00e4get f\u00f6r ditt boende. \t\t\t\t\t<\/div>\n\t\t\t\t\n\t\t\t\t\t\t\t\t\t<div class=\"elementor-cta__button-wrapper elementor-cta__content-item elementor-content-item\">\n\t\t\t\t\t<a class=\"elementor-cta__button elementor-button elementor-size-\" href=\"https:\/\/hannover-living.de\/stadtteiltipps-city\/\" target=\"_blank\" rel=\"noopener\">\n\t\t\t\t\t\tKlicka h\u00e4r\t\t\t\t\t<\/a>\n\t\t\t\t\t<\/div>\n\t\t\t\t\t\t\t<\/div>\n\t\t\t\t\t\t<\/div>\n\t\t\t\t\t\t<\/div>\n\t\t\t\t<\/div>\n\t\t\t\t\t<\/div>\n\t\t\t\t<\/div>\n\t\t<div class=\"elementor-element elementor-element-21f1e32 e-flex e-con-boxed e-con e-parent\" data-id=\"21f1e32\" data-element_type=\"container\" data-e-type=\"container\">\n\t\t\t\t\t<div class=\"e-con-inner\">\n\t\t\t\t<div class=\"elementor-element elementor-element-2d5e69c elementor-widget elementor-widget-text-editor\" data-id=\"2d5e69c\" data-element_type=\"widget\" data-e-type=\"widget\" data-widget_type=\"text-editor.default\">\n\t\t\t\t<div class=\"elementor-widget-container\">\n\t\t\t\t\t\t\t\t\t<p><strong>Information f\u00f6r turister<\/strong><br \/>Ernst-August-Platz 8<br \/>D-30159 Hanover<br \/>Telefon: + 49 (0) 511 \/ 12345-111<br \/><a href=\"mailto:info@hannover-tourismus.de\">info@hannover-tourismus.de<\/a><\/p>\t\t\t\t\t\t\t\t<\/div>\n\t\t\t\t<\/div>\n\t\t\t\t\t<\/div>\n\t\t\t\t<\/div>\n\t\t\t\t<\/div>","protected":false},"excerpt":{"rendered":"<p>Hotel und Apartments &#8211; Eure Unterkunft in Hannover St\u00e4dtetrip, Messebesuch oder Familienurlaub \u2013 wer eine Unterkunft in Hannover sucht, findet eine beeindruckende Auswahl an passenden \u00dcbernachtungsm\u00f6glichkeiten. Die nieders\u00e4chsische Landeshauptstadt \u00fcberzeugt mit zentralen Hotels, charmanten Ferienwohnungen\/ Apartments und gem\u00fctlichen Privatunterk\u00fcnften. Hotels &#8211; Komfort und kurze Wege Wer besonderen Wert auf Service, zentrale Lage und gute Anbindung [&hellip;]<\/p>\n","protected":false},"author":2,"featured_media":0,"parent":0,"menu_order":0,"comment_status":"closed","ping_status":"closed","template":"","meta":{"footnotes":""},"class_list":["post-445","page","type-page","status-publish","hentry"],"_links":{"self":[{"href":"https:\/\/www.hannover-tourismus.de\/sv\/wp-json\/wp\/v2\/pages\/445","targetHints":{"allow":["GET"]}}],"collection":[{"href":"https:\/\/www.hannover-tourismus.de\/sv\/wp-json\/wp\/v2\/pages"}],"about":[{"href":"https:\/\/www.hannover-tourismus.de\/sv\/wp-json\/wp\/v2\/types\/page"}],"author":[{"embeddable":true,"href":"https:\/\/www.hannover-tourismus.de\/sv\/wp-json\/wp\/v2\/users\/2"}],"replies":[{"embeddable":true,"href":"https:\/\/www.hannover-tourismus.de\/sv\/wp-json\/wp\/v2\/comments?post=445"}],"version-history":[{"count":8,"href":"https:\/\/www.hannover-tourismus.de\/sv\/wp-json\/wp\/v2\/pages\/445\/revisions"}],"predecessor-version":[{"id":492,"href":"https:\/\/www.hannover-tourismus.de\/sv\/wp-json\/wp\/v2\/pages\/445\/revisions\/492"}],"wp:attachment":[{"href":"https:\/\/www.hannover-tourismus.de\/sv\/wp-json\/wp\/v2\/media?parent=445"}],"curies":[{"name":"wp","href":"https:\/\/api.w.org\/{rel}","templated":true}]}}