{"id":445,"date":"2025-06-19T08:42:42","date_gmt":"2025-06-19T06:42:42","guid":{"rendered":"https:\/\/www.hannover-tourismus.de\/?page_id=445"},"modified":"2025-06-19T08:56:43","modified_gmt":"2025-06-19T06:56:43","slug":"alojamento-em-hanover","status":"publish","type":"page","link":"https:\/\/www.hannover-tourismus.de\/pt\/unterkunft-in-hannover\/","title":{"rendered":"Alojamento em Hanover"},"content":{"rendered":"<div data-elementor-type=\"wp-page\" data-elementor-id=\"445\" class=\"elementor elementor-445\" data-elementor-post-type=\"page\">\n\t\t\t\t<div class=\"elementor-element elementor-element-0a6ec60 e-flex e-con-boxed e-con e-parent\" data-id=\"0a6ec60\" data-element_type=\"container\" data-e-type=\"container\">\n\t\t\t\t\t<div class=\"e-con-inner\">\n\t\t\t\t<div class=\"elementor-element elementor-element-542b84a elementor-widget elementor-widget-image\" data-id=\"542b84a\" data-element_type=\"widget\" data-e-type=\"widget\" data-widget_type=\"image.default\">\n\t\t\t\t<div class=\"elementor-widget-container\">\n\t\t\t\t\t\t\t\t\t\t\t\t\t\t\t<img fetchpriority=\"high\" decoding=\"async\" width=\"2000\" height=\"1000\" src=\"https:\/\/www.hannover-tourismus.de\/wp-content\/uploads\/2025\/06\/Kein-Titel-2000-x-1000-px.png\" class=\"attachment-full size-full wp-image-447\" alt=\"Quarto de hotel acolhedor com vista para o p\u00f4r do sol em Han\u00f4ver.\" srcset=\"https:\/\/www.hannover-tourismus.de\/wp-content\/uploads\/2025\/06\/Kein-Titel-2000-x-1000-px.png 2000w, https:\/\/www.hannover-tourismus.de\/wp-content\/uploads\/2025\/06\/Kein-Titel-2000-x-1000-px-300x150.png 300w, https:\/\/www.hannover-tourismus.de\/wp-content\/uploads\/2025\/06\/Kein-Titel-2000-x-1000-px-1024x512.png 1024w, https:\/\/www.hannover-tourismus.de\/wp-content\/uploads\/2025\/06\/Kein-Titel-2000-x-1000-px-768x384.png 768w, https:\/\/www.hannover-tourismus.de\/wp-content\/uploads\/2025\/06\/Kein-Titel-2000-x-1000-px-1536x768.png 1536w, https:\/\/www.hannover-tourismus.de\/wp-content\/uploads\/2025\/06\/Kein-Titel-2000-x-1000-px-18x9.png 18w\" sizes=\"(max-width: 2000px) 100vw, 2000px\" \/>\t\t\t\t\t\t\t\t\t\t\t\t\t\t\t<\/div>\n\t\t\t\t<\/div>\n\t\t\t\t\t<\/div>\n\t\t\t\t<\/div>\n\t\t<div class=\"elementor-element elementor-element-2b524b8 e-flex e-con-boxed e-con e-parent\" data-id=\"2b524b8\" data-element_type=\"container\" data-e-type=\"container\">\n\t\t\t\t\t<div class=\"e-con-inner\">\n\t\t\t\t<div class=\"elementor-element elementor-element-afebad2 elementor-widget elementor-widget-heading\" data-id=\"afebad2\" data-element_type=\"widget\" data-e-type=\"widget\" data-widget_type=\"heading.default\">\n\t\t\t\t<div class=\"elementor-widget-container\">\n\t\t\t\t\t<h2 class=\"elementor-heading-title elementor-size-default\">Hotel e apartamentos - o seu alojamento em Han\u00f4ver<\/h2>\t\t\t\t<\/div>\n\t\t\t\t<\/div>\n\t\t\t\t\t<\/div>\n\t\t\t\t<\/div>\n\t\t<div class=\"elementor-element elementor-element-5d1f4ec e-flex e-con-boxed e-con e-parent\" data-id=\"5d1f4ec\" data-element_type=\"container\" data-e-type=\"container\">\n\t\t\t\t\t<div class=\"e-con-inner\">\n\t\t\t\t<div class=\"elementor-element elementor-element-2c6063f elementor-widget elementor-widget-text-editor\" data-id=\"2c6063f\" data-element_type=\"widget\" data-e-type=\"widget\" data-widget_type=\"text-editor.default\">\n\t\t\t\t<div class=\"elementor-widget-container\">\n\t\t\t\t\t\t\t\t\t<p>Viagem \u00e0 cidade, visita a uma feira ou f\u00e9rias em fam\u00edlia - se est\u00e1 \u00e0 procura de uma <strong data-start=\"988\" data-end=\"1014\">Alojamento em Hanover<\/strong> encontrar\u00e1 uma impressionante sele\u00e7\u00e3o de op\u00e7\u00f5es de alojamento adequadas. A capital da Baixa Sax\u00f3nia disp\u00f5e de hot\u00e9is centrais, apartamentos de f\u00e9rias de charme e alojamentos privados acolhedores.<\/p>\t\t\t\t\t\t\t\t<\/div>\n\t\t\t\t<\/div>\n\t\t\t\t\t<\/div>\n\t\t\t\t<\/div>\n\t\t<div class=\"elementor-element elementor-element-0880143 e-grid e-con-boxed e-con e-parent\" data-id=\"0880143\" data-element_type=\"container\" data-e-type=\"container\">\n\t\t\t\t\t<div class=\"e-con-inner\">\n\t\t\t\t<div class=\"elementor-element elementor-element-3cd0efb elementor-cta--skin-classic elementor-animated-content elementor-bg-transform elementor-bg-transform-zoom-in elementor-widget elementor-widget-call-to-action\" data-id=\"3cd0efb\" data-element_type=\"widget\" data-e-type=\"widget\" data-isc-images=\"448\" data-widget_type=\"call-to-action.default\">\n\t\t\t\t<div class=\"elementor-widget-container\">\n\t\t\t\t\t\t\t<div class=\"elementor-cta\">\n\t\t\t\t\t<div class=\"elementor-cta__bg-wrapper\">\n\t\t\t\t<div class=\"elementor-cta__bg elementor-bg\" style=\"background-image: url(https:\/\/www.hannover-tourismus.de\/wp-content\/uploads\/2025\/06\/Gemini_Generated_Image_cpjjqicpjjqicpjj1-1024x1024.jpg);\" role=\"img\" aria-label=\"Confort\u00e1vel quarto de hotel com cama, pain\u00e9is de madeira e ilumina\u00e7\u00e3o moderna em Hanover.\"><\/div>\n\t\t\t\t<div class=\"elementor-cta__bg-overlay\"><\/div>\n\t\t\t<\/div>\n\t\t\t\t\t\t\t<div class=\"elementor-cta__content\">\n\t\t\t\t\n\t\t\t\t\t\t\t\t\t<h2 class=\"elementor-cta__title elementor-cta__content-item elementor-content-item\">\n\t\t\t\t\t\tHot\u00e9is - conforto e dist\u00e2ncias curtas\t\t\t\t\t<\/h2>\n\t\t\t\t\n\t\t\t\t\t\t\t\t\t<div class=\"elementor-cta__description elementor-cta__content-item elementor-content-item\">\n\t\t\t\t\t\tSe d\u00e1 especial import\u00e2ncia ao servi\u00e7o, a uma localiza\u00e7\u00e3o central e a boas liga\u00e7\u00f5es de transportes, um hotel \u00e9 uma boa escolha. \t\t\t\t\t<\/div>\n\t\t\t\t\n\t\t\t\t\t\t\t\t\t<div class=\"elementor-cta__button-wrapper elementor-cta__content-item elementor-content-item\">\n\t\t\t\t\t<a class=\"elementor-cta__button elementor-button elementor-size-\" href=\"https:\/\/welcome.visit-hannover.com\/Hotelportal\/start?reset=1&#038;persistentParameters=1\" target=\"_blank\" rel=\"noopener\">\n\t\t\t\t\t\tClique aqui\t\t\t\t\t<\/a>\n\t\t\t\t\t<\/div>\n\t\t\t\t\t\t\t<\/div>\n\t\t\t\t\t\t<\/div>\n\t\t\t\t\t\t<\/div>\n\t\t\t\t<\/div>\n\t\t\t\t<div class=\"elementor-element elementor-element-1ec89b5 elementor-cta--skin-classic elementor-animated-content elementor-bg-transform elementor-bg-transform-zoom-in elementor-widget elementor-widget-call-to-action\" data-id=\"1ec89b5\" data-element_type=\"widget\" data-e-type=\"widget\" data-isc-images=\"450\" data-widget_type=\"call-to-action.default\">\n\t\t\t\t<div class=\"elementor-widget-container\">\n\t\t\t\t\t\t\t<div class=\"elementor-cta\">\n\t\t\t\t\t<div class=\"elementor-cta__bg-wrapper\">\n\t\t\t\t<div class=\"elementor-cta__bg elementor-bg\" style=\"background-image: url(https:\/\/www.hannover-tourismus.de\/wp-content\/uploads\/2025\/06\/poreen1896_68024_Photorealistic_image_of_a_friendly_modern_va_63a64b03-3a0d-4090-bb92-6d56e4f93cf2_0.png);\" role=\"img\" aria-label=\"Quarto de hotel moderno com cama confort\u00e1vel e uma grande janela com vista para a cidade.\"><\/div>\n\t\t\t\t<div class=\"elementor-cta__bg-overlay\"><\/div>\n\t\t\t<\/div>\n\t\t\t\t\t\t\t<div class=\"elementor-cta__content\">\n\t\t\t\t\n\t\t\t\t\t\t\t\t\t<h2 class=\"elementor-cta__title elementor-cta__content-item elementor-content-item\">\n\t\t\t\t\t\tApartamentos - Sinta-se em casa\t\t\t\t\t<\/h2>\n\t\t\t\t\n\t\t\t\t\t\t\t\t\t<div class=\"elementor-cta__description elementor-cta__content-item elementor-content-item\">\n\t\t\t\t\t\tSe prefere viajar de forma independente ou se viaja com a fam\u00edlia, vale a pena considerar os apartamentos de f\u00e9rias. \t\t\t\t\t<\/div>\n\t\t\t\t\n\t\t\t\t\t\t\t\t\t<div class=\"elementor-cta__button-wrapper elementor-cta__content-item elementor-content-item\">\n\t\t\t\t\t<a class=\"elementor-cta__button elementor-button elementor-size-\" href=\"https:\/\/tportal.tomas.travel\/hannover-privatvermietung\/ukv\/?lang=de\" target=\"_blank\" rel=\"noopener\">\n\t\t\t\t\t\tClique aqui\t\t\t\t\t<\/a>\n\t\t\t\t\t<\/div>\n\t\t\t\t\t\t\t<\/div>\n\t\t\t\t\t\t<\/div>\n\t\t\t\t\t\t<\/div>\n\t\t\t\t<\/div>\n\t\t\t\t<div class=\"elementor-element elementor-element-8a51b53 elementor-cta--skin-classic elementor-animated-content elementor-bg-transform elementor-bg-transform-zoom-in elementor-widget elementor-widget-call-to-action\" data-id=\"8a51b53\" data-element_type=\"widget\" data-e-type=\"widget\" data-isc-images=\"452\" data-widget_type=\"call-to-action.default\">\n\t\t\t\t<div class=\"elementor-widget-container\">\n\t\t\t\t\t\t\t<div class=\"elementor-cta\">\n\t\t\t\t\t<div class=\"elementor-cta__bg-wrapper\">\n\t\t\t\t<div class=\"elementor-cta__bg elementor-bg\" style=\"background-image: url(https:\/\/www.hannover-tourismus.de\/wp-content\/uploads\/2025\/06\/Linden-Christian-Wyrwa-6-scaled-1-1024x683.jpg);\" role=\"img\" aria-label=\"Visita \u00e0 cidade\"><\/div>\n\t\t\t\t<div class=\"elementor-cta__bg-overlay\"><\/div>\n\t\t\t<\/div>\n\t\t\t\t\t\t\t<div class=\"elementor-cta__content\">\n\t\t\t\t\n\t\t\t\t\t\t\t\t\t<h2 class=\"elementor-cta__title elementor-cta__content-item elementor-content-item\">\n\t\t\t\t\t\tViajar em grupo\t\t\t\t\t<\/h2>\n\t\t\t\t\n\t\t\t\t\t\t\t\t\t<div class=\"elementor-cta__description elementor-cta__content-item elementor-content-item\">\n\t\t\t\t\t\tHanover oferece actividades de lazer emocionantes e numerosas op\u00e7\u00f5es de alojamento para grupos.\t\t\t\t\t<\/div>\n\t\t\t\t\n\t\t\t\t\t\t\t\t\t<div class=\"elementor-cta__button-wrapper elementor-cta__content-item elementor-content-item\">\n\t\t\t\t\t<a class=\"elementor-cta__button elementor-button elementor-size-\" href=\"https:\/\/www.hannover-tourismus.de\/pt\/viagens-de-grupo\/\">\n\t\t\t\t\t\tClique aqui\t\t\t\t\t<\/a>\n\t\t\t\t\t<\/div>\n\t\t\t\t\t\t\t<\/div>\n\t\t\t\t\t\t<\/div>\n\t\t\t\t\t\t<\/div>\n\t\t\t\t<\/div>\n\t\t\t\t\t<\/div>\n\t\t\t\t<\/div>\n\t\t<div class=\"elementor-element elementor-element-10fae9d e-flex e-con-boxed e-con e-parent\" data-id=\"10fae9d\" data-element_type=\"container\" data-e-type=\"container\">\n\t\t\t\t\t<div class=\"e-con-inner\">\n\t\t\t\t<div class=\"elementor-element elementor-element-176fd3a elementor-cta--layout-image-left elementor-cta--skin-classic elementor-animated-content elementor-bg-transform elementor-bg-transform-zoom-in elementor-widget elementor-widget-call-to-action\" data-id=\"176fd3a\" data-element_type=\"widget\" data-e-type=\"widget\" data-isc-images=\"96\" data-widget_type=\"call-to-action.default\">\n\t\t\t\t<div class=\"elementor-widget-container\">\n\t\t\t\t\t\t\t<div class=\"elementor-cta\">\n\t\t\t\t\t<div class=\"elementor-cta__bg-wrapper\">\n\t\t\t\t<div class=\"elementor-cta__bg elementor-bg\" style=\"background-image: url(https:\/\/www.hannover-tourismus.de\/wp-content\/uploads\/2025\/06\/HL-Header13-1024x327.png);\" role=\"img\" aria-label=\"A C\u00e2mara Municipal de Han\u00f4ver com vista para o rio e para os arredores verdes, a arquitetura impressionante e o centro hist\u00f3rico.\"><\/div>\n\t\t\t\t<div class=\"elementor-cta__bg-overlay\"><\/div>\n\t\t\t<\/div>\n\t\t\t\t\t\t\t<div class=\"elementor-cta__content\">\n\t\t\t\t\n\t\t\t\t\t\t\t\t\t<h2 class=\"elementor-cta__title elementor-cta__content-item elementor-content-item\">\n\t\t\t\t\t\tPacotes de experi\u00eancia\t\t\t\t\t<\/h2>\n\t\t\t\t\n\t\t\t\t\t\t\t\t\t<div class=\"elementor-cta__description elementor-cta__content-item elementor-content-item\">\n\t\t\t\t\t\tDesfrute de pacotes de experi\u00eancias em Han\u00f4ver - combine experi\u00eancia e dormida para o seu tempo fora com um foco na experi\u00eancia da cidade e na natureza.\t\t\t\t\t<\/div>\n\t\t\t\t\n\t\t\t\t\t\t\t\t\t<div class=\"elementor-cta__button-wrapper elementor-cta__content-item elementor-content-item\">\n\t\t\t\t\t<a class=\"elementor-cta__button elementor-button elementor-size-\" href=\"https:\/\/www.hannover-tourismus.de\/pt\/pacotes-de-experiencias\/\">\n\t\t\t\t\t\tClique aqui\t\t\t\t\t<\/a>\n\t\t\t\t\t<\/div>\n\t\t\t\t\t\t\t<\/div>\n\t\t\t\t\t\t<\/div>\n\t\t\t\t\t\t<\/div>\n\t\t\t\t<\/div>\n\t\t\t\t\t<\/div>\n\t\t\t\t<\/div>\n\t\t<div class=\"elementor-element elementor-element-8d49dcd e-grid e-con-boxed e-con e-parent\" data-id=\"8d49dcd\" data-element_type=\"container\" data-e-type=\"container\">\n\t\t\t\t\t<div class=\"e-con-inner\">\n\t\t\t\t<div class=\"elementor-element elementor-element-c1a422b elementor-cta--skin-classic elementor-animated-content elementor-bg-transform elementor-bg-transform-zoom-in elementor-widget elementor-widget-call-to-action\" data-id=\"c1a422b\" data-element_type=\"widget\" data-e-type=\"widget\" data-isc-images=\"455\" data-widget_type=\"call-to-action.default\">\n\t\t\t\t<div class=\"elementor-widget-container\">\n\t\t\t\t\t\t\t<div class=\"elementor-cta\">\n\t\t\t\t\t<div class=\"elementor-cta__bg-wrapper\">\n\t\t\t\t<div class=\"elementor-cta__bg elementor-bg\" style=\"background-image: url(https:\/\/www.hannover-tourismus.de\/wp-content\/uploads\/2025\/06\/Hauptbahnhof-Ernst-Agust-Platz-_Martin-Kirchner-1-scaled-1-1024x682.jpg);\" role=\"img\" aria-label=\"A Esta\u00e7\u00e3o Central de Hanover com pessoas e trotinetas electr\u00f3nicas \u00e0 luz do sol.\"><\/div>\n\t\t\t\t<div class=\"elementor-cta__bg-overlay\"><\/div>\n\t\t\t<\/div>\n\t\t\t\t\t\t\t<div class=\"elementor-cta__content\">\n\t\t\t\t\n\t\t\t\t\t\t\t\t\t<h2 class=\"elementor-cta__title elementor-cta__content-item elementor-content-item\">\n\t\t\t\t\t\t Localiza\u00e7\u00e3o central e liga\u00e7\u00f5es\t\t\t\t\t<\/h2>\n\t\t\t\t\n\t\t\t\t\t\t\t\t\t<div class=\"elementor-cta__description elementor-cta__content-item elementor-content-item\">\n\t\t\t\t\t\tViajar para Han\u00f4ver \u00e9 conveniente e descomplicado - independentemente de viajar de comboio, de carro ou de bicicleta. \t\t\t\t\t<\/div>\n\t\t\t\t\n\t\t\t\t\t\t\t\t\t<div class=\"elementor-cta__button-wrapper elementor-cta__content-item elementor-content-item\">\n\t\t\t\t\t<a class=\"elementor-cta__button elementor-button elementor-size-\" href=\"https:\/\/www.visit-hannover.com\/Hotels,-FeWo,-B-Bs-Erlebnispakete\/Anreise-Abreise\" target=\"_blank\" rel=\"noopener\">\n\t\t\t\t\t\tClique aqui\t\t\t\t\t<\/a>\n\t\t\t\t\t<\/div>\n\t\t\t\t\t\t\t<\/div>\n\t\t\t\t\t\t<\/div>\n\t\t\t\t\t\t<\/div>\n\t\t\t\t<\/div>\n\t\t\t\t<div class=\"elementor-element elementor-element-bd2b861 elementor-cta--skin-classic elementor-animated-content elementor-bg-transform elementor-bg-transform-zoom-in elementor-widget elementor-widget-call-to-action\" data-id=\"bd2b861\" data-element_type=\"widget\" data-e-type=\"widget\" data-isc-images=\"99\" data-widget_type=\"call-to-action.default\">\n\t\t\t\t<div class=\"elementor-widget-container\">\n\t\t\t\t\t\t\t<div class=\"elementor-cta\">\n\t\t\t\t\t<div class=\"elementor-cta__bg-wrapper\">\n\t\t\t\t<div class=\"elementor-cta__bg elementor-bg\" style=\"background-image: url(https:\/\/www.hannover-tourismus.de\/wp-content\/uploads\/2025\/06\/poreen1896_68024_Photorealistic_image_of_a_friendly_modern_va_5fc8692d-4e8c-47a6-ba8e-44ef38475cfe_2-1024x683.png);\" role=\"img\" aria-label=\"Quarto luminoso com janelas grandes, plantas e decora\u00e7\u00e3o minimalista.\"><\/div>\n\t\t\t\t<div class=\"elementor-cta__bg-overlay\"><\/div>\n\t\t\t<\/div>\n\t\t\t\t\t\t\t<div class=\"elementor-cta__content\">\n\t\t\t\t\n\t\t\t\t\t\t\t\t\t<h2 class=\"elementor-cta__title elementor-cta__content-item elementor-content-item\">\n\t\t\t\t\t\tQuotas de convoca\u00e7\u00e3o de eventos\t\t\t\t\t<\/h2>\n\t\t\t\t\n\t\t\t\t\t\t\t\t\t<div class=\"elementor-cta__description elementor-cta__content-item elementor-content-item\">\n\t\t\t\t\t\tEst\u00e1 a planear um evento, uma confer\u00eancia ou a viajar com um grande grupo? Nesse caso, vale a pena recorrer a contingentes de emerg\u00eancia. \t\t\t\t\t<\/div>\n\t\t\t\t\n\t\t\t\t\t\t\t\t\t<div class=\"elementor-cta__button-wrapper elementor-cta__content-item elementor-content-item\">\n\t\t\t\t\t<a class=\"elementor-cta__button elementor-button elementor-size-\" href=\"https:\/\/hannover-living.de\/abrufkontingent\/\" target=\"_blank\" rel=\"noopener\">\n\t\t\t\t\t\tClique aqui\t\t\t\t\t<\/a>\n\t\t\t\t\t<\/div>\n\t\t\t\t\t\t\t<\/div>\n\t\t\t\t\t\t<\/div>\n\t\t\t\t\t\t<\/div>\n\t\t\t\t<\/div>\n\t\t\t\t<div class=\"elementor-element elementor-element-1550489 elementor-cta--skin-classic elementor-animated-content elementor-bg-transform elementor-bg-transform-zoom-in elementor-widget elementor-widget-call-to-action\" data-id=\"1550489\" data-element_type=\"widget\" data-e-type=\"widget\" data-isc-images=\"101\" data-widget_type=\"call-to-action.default\">\n\t\t\t\t<div class=\"elementor-widget-container\">\n\t\t\t\t\t\t\t<div class=\"elementor-cta\">\n\t\t\t\t\t<div class=\"elementor-cta__bg-wrapper\">\n\t\t\t\t<div class=\"elementor-cta__bg elementor-bg\" style=\"background-image: url(https:\/\/www.hannover-tourismus.de\/wp-content\/uploads\/2025\/06\/HL-Header12-1536x491.png);\" role=\"img\" aria-label=\"Prateleira com guias tur\u00edsticos e brochuras de Hanover.\"><\/div>\n\t\t\t\t<div class=\"elementor-cta__bg-overlay\"><\/div>\n\t\t\t<\/div>\n\t\t\t\t\t\t\t<div class=\"elementor-cta__content\">\n\t\t\t\t\n\t\t\t\t\t\t\t\t\t<h2 class=\"elementor-cta__title elementor-cta__content-item elementor-content-item\">\n\t\t\t\t\t\tO Centro de Informa\u00e7\u00e3o Tur\u00edstica\t\t\t\t\t<\/h2>\n\t\t\t\t\n\t\t\t\t\t\t\t\t\t<div class=\"elementor-cta__description elementor-cta__content-item elementor-content-item\">\n\t\t\t\t\t\tA equipa no local tamb\u00e9m o ajudar\u00e1 a curto prazo se os seus planos de viagem mudarem ou se estiver a planear excurs\u00f5es na regi\u00e3o. \t\t\t\t\t<\/div>\n\t\t\t\t\n\t\t\t\t\t\t\t\t\t<div class=\"elementor-cta__button-wrapper elementor-cta__content-item elementor-content-item\">\n\t\t\t\t\t<a class=\"elementor-cta__button elementor-button elementor-size-\" href=\"https:\/\/www.hannover-tourismus.de\/pt\/informacoes-turisticas-de-hanover\/\">\n\t\t\t\t\t\tClique aqui\t\t\t\t\t<\/a>\n\t\t\t\t\t<\/div>\n\t\t\t\t\t\t\t<\/div>\n\t\t\t\t\t\t<\/div>\n\t\t\t\t\t\t<\/div>\n\t\t\t\t<\/div>\n\t\t<div class=\"elementor-element elementor-element-5e98c6e e-con-full e-flex e-con e-child\" data-id=\"5e98c6e\" data-element_type=\"container\" data-e-type=\"container\">\n\t\t\t\t<\/div>\n\t\t\t\t\t<\/div>\n\t\t\t\t<\/div>\n\t\t<div class=\"elementor-element elementor-element-7e36be6 e-flex e-con-boxed e-con e-parent\" data-id=\"7e36be6\" data-element_type=\"container\" data-e-type=\"container\">\n\t\t\t\t\t<div class=\"e-con-inner\">\n\t\t\t\t<div class=\"elementor-element elementor-element-c69cbb2 elementor-cta--layout-image-right elementor-cta--skin-classic elementor-animated-content elementor-bg-transform elementor-bg-transform-zoom-in elementor-widget elementor-widget-call-to-action\" data-id=\"c69cbb2\" data-element_type=\"widget\" data-e-type=\"widget\" data-isc-images=\"459\" data-widget_type=\"call-to-action.default\">\n\t\t\t\t<div class=\"elementor-widget-container\">\n\t\t\t\t\t\t\t<div class=\"elementor-cta\">\n\t\t\t\t\t<div class=\"elementor-cta__bg-wrapper\">\n\t\t\t\t<div class=\"elementor-cta__bg elementor-bg\" style=\"background-image: url(https:\/\/www.hannover-tourismus.de\/wp-content\/uploads\/2025\/06\/Titel-Suedstadt_Maschsee-Patrick-Grafjpg_WEB-1024x683.jpg);\" role=\"img\" aria-label=\"P\u00f4r do sol no Maschsee com pessoas sentadas na margem e a apreciar a vista.\"><\/div>\n\t\t\t\t<div class=\"elementor-cta__bg-overlay\"><\/div>\n\t\t\t<\/div>\n\t\t\t\t\t\t\t<div class=\"elementor-cta__content\">\n\t\t\t\t\n\t\t\t\t\t\t\t\t\t<h2 class=\"elementor-cta__title elementor-cta__content-item elementor-content-item\">\n\t\t\t\t\t\tLocaliza\u00e7\u00e3o tranquila ou mesmo no centro? Os melhores bairros para ficar\t\t\t\t\t<\/h2>\n\t\t\t\t\n\t\t\t\t\t\t\t\t\t<div class=\"elementor-cta__description elementor-cta__content-item elementor-content-item\">\n\t\t\t\t\t\tDependendo das suas prefer\u00eancias, vale a pena prestar aten\u00e7\u00e3o \u00e0 localiza\u00e7\u00e3o do seu alojamento. \t\t\t\t\t<\/div>\n\t\t\t\t\n\t\t\t\t\t\t\t\t\t<div class=\"elementor-cta__button-wrapper elementor-cta__content-item elementor-content-item\">\n\t\t\t\t\t<a class=\"elementor-cta__button elementor-button elementor-size-\" href=\"https:\/\/hannover-living.de\/stadtteiltipps-city\/\" target=\"_blank\" rel=\"noopener\">\n\t\t\t\t\t\tClique aqui\t\t\t\t\t<\/a>\n\t\t\t\t\t<\/div>\n\t\t\t\t\t\t\t<\/div>\n\t\t\t\t\t\t<\/div>\n\t\t\t\t\t\t<\/div>\n\t\t\t\t<\/div>\n\t\t\t\t\t<\/div>\n\t\t\t\t<\/div>\n\t\t<div class=\"elementor-element elementor-element-21f1e32 e-flex e-con-boxed e-con e-parent\" data-id=\"21f1e32\" data-element_type=\"container\" data-e-type=\"container\">\n\t\t\t\t\t<div class=\"e-con-inner\">\n\t\t\t\t<div class=\"elementor-element elementor-element-2d5e69c elementor-widget elementor-widget-text-editor\" data-id=\"2d5e69c\" data-element_type=\"widget\" data-e-type=\"widget\" data-widget_type=\"text-editor.default\">\n\t\t\t\t<div class=\"elementor-widget-container\">\n\t\t\t\t\t\t\t\t\t<p><strong>Informa\u00e7\u00f5es tur\u00edsticas<\/strong><br \/>Ernst-August-Platz 8<br \/>D-30159 Hanover<br \/>Telefone: + 49 (0) 511 \/ 12345-111<br \/><a href=\"mailto:info@hannover-tourismus.de\">info@hannover-tourismus.de<\/a><\/p>\t\t\t\t\t\t\t\t<\/div>\n\t\t\t\t<\/div>\n\t\t\t\t\t<\/div>\n\t\t\t\t<\/div>\n\t\t\t\t<\/div>","protected":false},"excerpt":{"rendered":"<p>Hotel und Apartments &#8211; Eure Unterkunft in Hannover St\u00e4dtetrip, Messebesuch oder Familienurlaub \u2013 wer eine Unterkunft in Hannover sucht, findet eine beeindruckende Auswahl an passenden \u00dcbernachtungsm\u00f6glichkeiten. Die nieders\u00e4chsische Landeshauptstadt \u00fcberzeugt mit zentralen Hotels, charmanten Ferienwohnungen\/ Apartments und gem\u00fctlichen Privatunterk\u00fcnften. Hotels &#8211; Komfort und kurze Wege Wer besonderen Wert auf Service, zentrale Lage und gute Anbindung [&hellip;]<\/p>\n","protected":false},"author":2,"featured_media":0,"parent":0,"menu_order":0,"comment_status":"closed","ping_status":"closed","template":"","meta":{"footnotes":""},"class_list":["post-445","page","type-page","status-publish","hentry"],"_links":{"self":[{"href":"https:\/\/www.hannover-tourismus.de\/pt\/wp-json\/wp\/v2\/pages\/445","targetHints":{"allow":["GET"]}}],"collection":[{"href":"https:\/\/www.hannover-tourismus.de\/pt\/wp-json\/wp\/v2\/pages"}],"about":[{"href":"https:\/\/www.hannover-tourismus.de\/pt\/wp-json\/wp\/v2\/types\/page"}],"author":[{"embeddable":true,"href":"https:\/\/www.hannover-tourismus.de\/pt\/wp-json\/wp\/v2\/users\/2"}],"replies":[{"embeddable":true,"href":"https:\/\/www.hannover-tourismus.de\/pt\/wp-json\/wp\/v2\/comments?post=445"}],"version-history":[{"count":8,"href":"https:\/\/www.hannover-tourismus.de\/pt\/wp-json\/wp\/v2\/pages\/445\/revisions"}],"predecessor-version":[{"id":492,"href":"https:\/\/www.hannover-tourismus.de\/pt\/wp-json\/wp\/v2\/pages\/445\/revisions\/492"}],"wp:attachment":[{"href":"https:\/\/www.hannover-tourismus.de\/pt\/wp-json\/wp\/v2\/media?parent=445"}],"curies":[{"name":"wp","href":"https:\/\/api.w.org\/{rel}","templated":true}]}}