{"id":179,"date":"2025-06-18T13:29:09","date_gmt":"2025-06-18T11:29:09","guid":{"rendered":"https:\/\/www.hannover-tourismus.de\/?page_id=179"},"modified":"2026-02-26T08:37:04","modified_gmt":"2026-02-26T06:37:04","slug":"impressao","status":"publish","type":"page","link":"https:\/\/www.hannover-tourismus.de\/pt\/impressum\/","title":{"rendered":"Aviso legal"},"content":{"rendered":"<h1 class=\"wp-block-heading\">Aviso legal<\/h1>\r\n\r\n\r\n\r\n<h3 class=\"wp-block-heading\">Informa\u00e7\u00f5es de acordo com o \u00a7 5 DDG<\/h3>\r\n\r\n\r\n\r\n<p>Hannover Marketing e Tourismus GmbH<br \/>Diretor-geral:<br \/>Christian Katz<br \/>Rua Vahrenwalder 7<br \/>30165 Hanover<br \/>correio eletr\u00f3nico:\u00a0<a href=\"mailto:info@hannover-tourismus.de\">info@hannover-tourismus.de<\/a><br \/>Telefone: +49 511 12349-00<br \/>Fax: +49 511 123490-10<\/p>\r\n\r\n\r\n\r\n<p><strong>Contacto:<\/strong><br \/>Doreen Schmidtchen<br \/>Telefone: +49 511 168 349-31<br \/>Fax: +49 511 123490-10<br \/>Correio eletr\u00f3nico: schmidtchen@hannover-marketing.de<\/p>\r\n\r\n\r\n\r\n<p>Registo comercial: Sec\u00e7\u00e3o B n.\u00ba 59223<br \/>Tribunal de registo: Hanover<\/p>\r\n\r\n\r\n\r\n<p><strong>ID do imposto sobre vendas<\/strong><br \/>N\u00famero de identifica\u00e7\u00e3o fiscal de acordo com o \u00a7 27 da lei relativa ao imposto sobre as vendas:<br \/>DE211133985<\/p>\r\n\r\n\r\n\r\n<p><strong>Resolu\u00e7\u00e3o de lit\u00edgios na UE<br \/><\/strong>A Comiss\u00e3o Europeia disponibiliza uma plataforma para a resolu\u00e7\u00e3o de lit\u00edgios em linha (OS):\u00a0<a href=\"https:\/\/ec.europa.eu\/consumers\/odr\" target=\"_blank\" rel=\"noreferrer noopener\">https:\/\/ec.europa.eu\/consumers\/odr<\/a>.<br \/>O nosso endere\u00e7o de correio eletr\u00f3nico consta do aviso legal acima.<\/p>\r\n\r\n\r\n\r\n<p><strong>Responsabilidade pelo conte\u00fado<br \/><\/strong>Como prestador de servi\u00e7os, somos respons\u00e1veis pelo nosso pr\u00f3prio conte\u00fado nestas p\u00e1ginas, de acordo com o \u00a7 7 (1) DDG e a legisla\u00e7\u00e3o geral. No entanto, de acordo com os \u00a7\u00a7 8 a 10 da DDG, enquanto prestador de servi\u00e7os, n\u00e3o somos obrigados a monitorizar informa\u00e7\u00f5es transmitidas ou armazenadas de terceiros ou a investigar circunst\u00e2ncias que indiquem atividade ilegal.<\/p>\r\n\r\n\r\n\r\n<p>As obriga\u00e7\u00f5es de remover ou bloquear a utiliza\u00e7\u00e3o de informa\u00e7\u00f5es, de acordo com a legisla\u00e7\u00e3o geral, n\u00e3o s\u00e3o afectadas por este facto. No entanto, a responsabilidade a este respeito s\u00f3 \u00e9 poss\u00edvel a partir do momento em que tomamos conhecimento de uma infra\u00e7\u00e3o espec\u00edfica. Assim que tivermos conhecimento de tais infrac\u00e7\u00f5es, removeremos imediatamente esse conte\u00fado.<\/p>\r\n\r\n\r\n\r\n<p><strong>Responsabilidade pelas liga\u00e7\u00f5es<br \/><\/strong>O nosso s\u00edtio Web cont\u00e9m liga\u00e7\u00f5es para s\u00edtios Web externos de terceiros sobre cujo conte\u00fado n\u00e3o temos qualquer influ\u00eancia. Por conseguinte, n\u00e3o podemos aceitar qualquer responsabilidade por este conte\u00fado de terceiros. O respetivo fornecedor ou operador das p\u00e1ginas \u00e9 sempre respons\u00e1vel pelo conte\u00fado das p\u00e1ginas ligadas. As p\u00e1ginas ligadas foram verificadas quanto a poss\u00edveis viola\u00e7\u00f5es legais no momento da liga\u00e7\u00e3o. N\u00e3o foram detectados conte\u00fados ilegais no momento da liga\u00e7\u00e3o.<\/p>\r\n\r\n\r\n\r\n<p>No entanto, o controlo permanente do conte\u00fado das p\u00e1ginas ligadas n\u00e3o \u00e9 razo\u00e1vel sem provas concretas de uma infra\u00e7\u00e3o. Se tivermos conhecimento de quaisquer infrac\u00e7\u00f5es legais, removeremos imediatamente essas liga\u00e7\u00f5es.<\/p>\r\n\r\n\r\n\r\n<p><strong>Direitos de autor<br \/><\/strong>O conte\u00fado e os trabalhos criados pelos operadores do s\u00edtio nestas p\u00e1ginas est\u00e3o sujeitos \u00e0 lei alem\u00e3 dos direitos de autor. A duplica\u00e7\u00e3o, processamento, distribui\u00e7\u00e3o e qualquer tipo de utiliza\u00e7\u00e3o fora dos limites da lei de direitos de autor requerem o consentimento escrito do respetivo autor ou criador. Os downloads e c\u00f3pias deste s\u00edtio s\u00f3 s\u00e3o permitidos para uso privado e n\u00e3o comercial.<\/p>\r\n\r\n\r\n\r\n<p>Na medida em que o conte\u00fado deste s\u00edtio n\u00e3o foi criado pelo operador, os direitos de autor de terceiros s\u00e3o respeitados. Em particular, os conte\u00fados de terceiros s\u00e3o assinalados como tal. Se, no entanto, tiver conhecimento de uma infra\u00e7\u00e3o aos direitos de autor, informe-nos. Se tivermos conhecimento de qualquer infra\u00e7\u00e3o, removeremos imediatamente esse conte\u00fado.<\/p>\r\n\r\n\r\n\r\n<p>As informa\u00e7\u00f5es fornecidas pela Hannover Marketing &amp; Tourismus GmbH no seu s\u00edtio Web est\u00e3o sujeitas a um controlo permanente e s\u00e3o actualizadas continuamente. No entanto, \u00e9 poss\u00edvel que os dados tenham sido alterados entretanto, apesar de um controlo cuidadoso. Por este motivo, a Hannover Marketing &amp; Tourismus GmbH n\u00e3o assume qualquer responsabilidade ou garantia relativamente \u00e0 exatid\u00e3o, integridade e atualidade das informa\u00e7\u00f5es fornecidas nestas p\u00e1ginas. O mesmo se aplica a todos os s\u00edtios Web referidos por hiperliga\u00e7\u00e3o neste s\u00edtio Web. A Hannover Marketing &amp; Tourismus GmbH n\u00e3o \u00e9 respons\u00e1vel pelo conte\u00fado destes s\u00edtios.<\/p>","protected":false},"excerpt":{"rendered":"<p>Impressum Angaben gem\u00e4\u00df \u00a7 5 DDG Hannover Marketing und Tourismus GmbHGesch\u00e4ftsf\u00fchrer:Christian KatzVahrenwalder Stra\u00dfe 730165 HannoverE-Mail:\u00a0info@hannover-tourismus.deTel.: +49 511 12349-00Fax: +49 511 123490-10 Kontakt:Doreen SchmidtchenTel.: +49 511 168 349-31Fax: +49 511 123490-10E-Mail: schmidtchen@hannover-marketing.de Handelsregister: Abt. B Nr. 59223Registergericht: Hannover Umsatzsteuer-IDUmsatzsteuer-Identifikationsnummer gem\u00e4\u00df \u00a7 27 a Umsatzsteuergesetz:DE211133985 EU-StreitschlichtungDie Europ\u00e4ische Kommission stellt eine Plattform zur Online-Streitbeilegung (OS) bereit:\u00a0https:\/\/ec.europa.eu\/consumers\/odr.Unsere E-Mail-Adresse finden [&hellip;]<\/p>\n","protected":false},"author":1,"featured_media":0,"parent":0,"menu_order":0,"comment_status":"closed","ping_status":"closed","template":"","meta":{"footnotes":""},"class_list":["post-179","page","type-page","status-publish","hentry"],"_links":{"self":[{"href":"https:\/\/www.hannover-tourismus.de\/pt\/wp-json\/wp\/v2\/pages\/179","targetHints":{"allow":["GET"]}}],"collection":[{"href":"https:\/\/www.hannover-tourismus.de\/pt\/wp-json\/wp\/v2\/pages"}],"about":[{"href":"https:\/\/www.hannover-tourismus.de\/pt\/wp-json\/wp\/v2\/types\/page"}],"author":[{"embeddable":true,"href":"https:\/\/www.hannover-tourismus.de\/pt\/wp-json\/wp\/v2\/users\/1"}],"replies":[{"embeddable":true,"href":"https:\/\/www.hannover-tourismus.de\/pt\/wp-json\/wp\/v2\/comments?post=179"}],"version-history":[{"count":3,"href":"https:\/\/www.hannover-tourismus.de\/pt\/wp-json\/wp\/v2\/pages\/179\/revisions"}],"predecessor-version":[{"id":5602,"href":"https:\/\/www.hannover-tourismus.de\/pt\/wp-json\/wp\/v2\/pages\/179\/revisions\/5602"}],"wp:attachment":[{"href":"https:\/\/www.hannover-tourismus.de\/pt\/wp-json\/wp\/v2\/media?parent=179"}],"curies":[{"name":"wp","href":"https:\/\/api.w.org\/{rel}","templated":true}]}}