{"id":445,"date":"2025-06-19T08:42:42","date_gmt":"2025-06-19T06:42:42","guid":{"rendered":"https:\/\/www.hannover-tourismus.de\/?page_id=445"},"modified":"2025-06-19T08:56:43","modified_gmt":"2025-06-19T06:56:43","slug":"zakwaterowanie-w-hanowerze","status":"publish","type":"page","link":"https:\/\/www.hannover-tourismus.de\/pl\/unterkunft-in-hannover\/","title":{"rendered":"Zakwaterowanie w Hanowerze"},"content":{"rendered":"<div data-elementor-type=\"wp-page\" data-elementor-id=\"445\" class=\"elementor elementor-445\" data-elementor-post-type=\"page\">\n\t\t\t\t<div class=\"elementor-element elementor-element-0a6ec60 e-flex e-con-boxed e-con e-parent\" data-id=\"0a6ec60\" data-element_type=\"container\" data-e-type=\"container\">\n\t\t\t\t\t<div class=\"e-con-inner\">\n\t\t\t\t<div class=\"elementor-element elementor-element-542b84a elementor-widget elementor-widget-image\" data-id=\"542b84a\" data-element_type=\"widget\" data-e-type=\"widget\" data-widget_type=\"image.default\">\n\t\t\t\t<div class=\"elementor-widget-container\">\n\t\t\t\t\t\t\t\t\t\t\t\t\t\t\t<img fetchpriority=\"high\" decoding=\"async\" width=\"2000\" height=\"1000\" src=\"https:\/\/www.hannover-tourismus.de\/wp-content\/uploads\/2025\/06\/Kein-Titel-2000-x-1000-px.png\" class=\"attachment-full size-full wp-image-447\" alt=\"Przytulny pok\u00f3j hotelowy z widokiem na zach\u00f3d s\u0142o\u0144ca w Hanowerze.\" srcset=\"https:\/\/www.hannover-tourismus.de\/wp-content\/uploads\/2025\/06\/Kein-Titel-2000-x-1000-px.png 2000w, https:\/\/www.hannover-tourismus.de\/wp-content\/uploads\/2025\/06\/Kein-Titel-2000-x-1000-px-300x150.png 300w, https:\/\/www.hannover-tourismus.de\/wp-content\/uploads\/2025\/06\/Kein-Titel-2000-x-1000-px-1024x512.png 1024w, https:\/\/www.hannover-tourismus.de\/wp-content\/uploads\/2025\/06\/Kein-Titel-2000-x-1000-px-768x384.png 768w, https:\/\/www.hannover-tourismus.de\/wp-content\/uploads\/2025\/06\/Kein-Titel-2000-x-1000-px-1536x768.png 1536w, https:\/\/www.hannover-tourismus.de\/wp-content\/uploads\/2025\/06\/Kein-Titel-2000-x-1000-px-18x9.png 18w\" sizes=\"(max-width: 2000px) 100vw, 2000px\" \/>\t\t\t\t\t\t\t\t\t\t\t\t\t\t\t<\/div>\n\t\t\t\t<\/div>\n\t\t\t\t\t<\/div>\n\t\t\t\t<\/div>\n\t\t<div class=\"elementor-element elementor-element-2b524b8 e-flex e-con-boxed e-con e-parent\" data-id=\"2b524b8\" data-element_type=\"container\" data-e-type=\"container\">\n\t\t\t\t\t<div class=\"e-con-inner\">\n\t\t\t\t<div class=\"elementor-element elementor-element-afebad2 elementor-widget elementor-widget-heading\" data-id=\"afebad2\" data-element_type=\"widget\" data-e-type=\"widget\" data-widget_type=\"heading.default\">\n\t\t\t\t<div class=\"elementor-widget-container\">\n\t\t\t\t\t<h2 class=\"elementor-heading-title elementor-size-default\">Hotele i mieszkania - zakwaterowanie w Hanowerze<\/h2>\t\t\t\t<\/div>\n\t\t\t\t<\/div>\n\t\t\t\t\t<\/div>\n\t\t\t\t<\/div>\n\t\t<div class=\"elementor-element elementor-element-5d1f4ec e-flex e-con-boxed e-con e-parent\" data-id=\"5d1f4ec\" data-element_type=\"container\" data-e-type=\"container\">\n\t\t\t\t\t<div class=\"e-con-inner\">\n\t\t\t\t<div class=\"elementor-element elementor-element-2c6063f elementor-widget elementor-widget-text-editor\" data-id=\"2c6063f\" data-element_type=\"widget\" data-e-type=\"widget\" data-widget_type=\"text-editor.default\">\n\t\t\t\t<div class=\"elementor-widget-container\">\n\t\t\t\t\t\t\t\t\t<p>Wycieczka do miasta, wizyta na targach lub rodzinne wakacje - je\u015bli szukasz <strong data-start=\"988\" data-end=\"1014\">Zakwaterowanie w Hanowerze<\/strong> znajd\u0105 imponuj\u0105cy wyb\u00f3r odpowiednich opcji zakwaterowania. Stolica Dolnej Saksonii szczyci si\u0119 centralnymi hotelami, uroczymi mieszkaniami wakacyjnymi i przytulnymi kwaterami prywatnymi.<\/p>\t\t\t\t\t\t\t\t<\/div>\n\t\t\t\t<\/div>\n\t\t\t\t\t<\/div>\n\t\t\t\t<\/div>\n\t\t<div class=\"elementor-element elementor-element-0880143 e-grid e-con-boxed e-con e-parent\" data-id=\"0880143\" data-element_type=\"container\" data-e-type=\"container\">\n\t\t\t\t\t<div class=\"e-con-inner\">\n\t\t\t\t<div class=\"elementor-element elementor-element-3cd0efb elementor-cta--skin-classic elementor-animated-content elementor-bg-transform elementor-bg-transform-zoom-in elementor-widget elementor-widget-call-to-action\" data-id=\"3cd0efb\" data-element_type=\"widget\" data-e-type=\"widget\" data-isc-images=\"448\" data-widget_type=\"call-to-action.default\">\n\t\t\t\t<div class=\"elementor-widget-container\">\n\t\t\t\t\t\t\t<div class=\"elementor-cta\">\n\t\t\t\t\t<div class=\"elementor-cta__bg-wrapper\">\n\t\t\t\t<div class=\"elementor-cta__bg elementor-bg\" style=\"background-image: url(https:\/\/www.hannover-tourismus.de\/wp-content\/uploads\/2025\/06\/Gemini_Generated_Image_cpjjqicpjjqicpjj1-1024x1024.jpg);\" role=\"img\" aria-label=\"Komfortowy pok\u00f3j hotelowy z \u0142\u00f3\u017ckiem, drewnian\u0105 boazeri\u0105 i nowoczesnym o\u015bwietleniem w Hanowerze.\"><\/div>\n\t\t\t\t<div class=\"elementor-cta__bg-overlay\"><\/div>\n\t\t\t<\/div>\n\t\t\t\t\t\t\t<div class=\"elementor-cta__content\">\n\t\t\t\t\n\t\t\t\t\t\t\t\t\t<h2 class=\"elementor-cta__title elementor-cta__content-item elementor-content-item\">\n\t\t\t\t\t\tHotele - komfort i kr\u00f3tkie dystanse\t\t\t\t\t<\/h2>\n\t\t\t\t\n\t\t\t\t\t\t\t\t\t<div class=\"elementor-cta__description elementor-cta__content-item elementor-content-item\">\n\t\t\t\t\t\tJe\u015bli przywi\u0105zujesz szczeg\u00f3ln\u0105 wag\u0119 do obs\u0142ugi, centralnej lokalizacji i dobrych po\u0142\u0105cze\u0144 komunikacyjnych, hotel jest dobrym wyborem. \t\t\t\t\t<\/div>\n\t\t\t\t\n\t\t\t\t\t\t\t\t\t<div class=\"elementor-cta__button-wrapper elementor-cta__content-item elementor-content-item\">\n\t\t\t\t\t<a class=\"elementor-cta__button elementor-button elementor-size-\" href=\"https:\/\/welcome.visit-hannover.com\/Hotelportal\/start?reset=1&#038;persistentParameters=1\" target=\"_blank\" rel=\"noopener\">\n\t\t\t\t\t\tKliknij tutaj\t\t\t\t\t<\/a>\n\t\t\t\t\t<\/div>\n\t\t\t\t\t\t\t<\/div>\n\t\t\t\t\t\t<\/div>\n\t\t\t\t\t\t<\/div>\n\t\t\t\t<\/div>\n\t\t\t\t<div class=\"elementor-element elementor-element-1ec89b5 elementor-cta--skin-classic elementor-animated-content elementor-bg-transform elementor-bg-transform-zoom-in elementor-widget elementor-widget-call-to-action\" data-id=\"1ec89b5\" data-element_type=\"widget\" data-e-type=\"widget\" data-isc-images=\"450\" data-widget_type=\"call-to-action.default\">\n\t\t\t\t<div class=\"elementor-widget-container\">\n\t\t\t\t\t\t\t<div class=\"elementor-cta\">\n\t\t\t\t\t<div class=\"elementor-cta__bg-wrapper\">\n\t\t\t\t<div class=\"elementor-cta__bg elementor-bg\" style=\"background-image: url(https:\/\/www.hannover-tourismus.de\/wp-content\/uploads\/2025\/06\/poreen1896_68024_Photorealistic_image_of_a_friendly_modern_va_63a64b03-3a0d-4090-bb92-6d56e4f93cf2_0.png);\" role=\"img\" aria-label=\"Nowoczesny pok\u00f3j hotelowy z wygodnym \u0142\u00f3\u017ckiem i du\u017cym oknem z widokiem na miasto.\"><\/div>\n\t\t\t\t<div class=\"elementor-cta__bg-overlay\"><\/div>\n\t\t\t<\/div>\n\t\t\t\t\t\t\t<div class=\"elementor-cta__content\">\n\t\t\t\t\n\t\t\t\t\t\t\t\t\t<h2 class=\"elementor-cta__title elementor-cta__content-item elementor-content-item\">\n\t\t\t\t\t\tMieszkania - Poczuj si\u0119 jak w domu\t\t\t\t\t<\/h2>\n\t\t\t\t\n\t\t\t\t\t\t\t\t\t<div class=\"elementor-cta__description elementor-cta__content-item elementor-content-item\">\n\t\t\t\t\t\tJe\u015bli wolisz podr\u00f3\u017cowa\u0107 samodzielnie lub podr\u00f3\u017cujesz z rodzin\u0105, warto przyjrze\u0107 si\u0119 mieszkaniom wakacyjnym. \t\t\t\t\t<\/div>\n\t\t\t\t\n\t\t\t\t\t\t\t\t\t<div class=\"elementor-cta__button-wrapper elementor-cta__content-item elementor-content-item\">\n\t\t\t\t\t<a class=\"elementor-cta__button elementor-button elementor-size-\" href=\"https:\/\/tportal.tomas.travel\/hannover-privatvermietung\/ukv\/?lang=de\" target=\"_blank\" rel=\"noopener\">\n\t\t\t\t\t\tKliknij tutaj\t\t\t\t\t<\/a>\n\t\t\t\t\t<\/div>\n\t\t\t\t\t\t\t<\/div>\n\t\t\t\t\t\t<\/div>\n\t\t\t\t\t\t<\/div>\n\t\t\t\t<\/div>\n\t\t\t\t<div class=\"elementor-element elementor-element-8a51b53 elementor-cta--skin-classic elementor-animated-content elementor-bg-transform elementor-bg-transform-zoom-in elementor-widget elementor-widget-call-to-action\" data-id=\"8a51b53\" data-element_type=\"widget\" data-e-type=\"widget\" data-isc-images=\"452\" data-widget_type=\"call-to-action.default\">\n\t\t\t\t<div class=\"elementor-widget-container\">\n\t\t\t\t\t\t\t<div class=\"elementor-cta\">\n\t\t\t\t\t<div class=\"elementor-cta__bg-wrapper\">\n\t\t\t\t<div class=\"elementor-cta__bg elementor-bg\" style=\"background-image: url(https:\/\/www.hannover-tourismus.de\/wp-content\/uploads\/2025\/06\/Linden-Christian-Wyrwa-6-scaled-1-1024x683.jpg);\" role=\"img\" aria-label=\"Wycieczka po mie\u015bcie\"><\/div>\n\t\t\t\t<div class=\"elementor-cta__bg-overlay\"><\/div>\n\t\t\t<\/div>\n\t\t\t\t\t\t\t<div class=\"elementor-cta__content\">\n\t\t\t\t\n\t\t\t\t\t\t\t\t\t<h2 class=\"elementor-cta__title elementor-cta__content-item elementor-content-item\">\n\t\t\t\t\t\tPodr\u00f3\u017cowanie w grupie\t\t\t\t\t<\/h2>\n\t\t\t\t\n\t\t\t\t\t\t\t\t\t<div class=\"elementor-cta__description elementor-cta__content-item elementor-content-item\">\n\t\t\t\t\t\tHanower oferuje ekscytuj\u0105ce zaj\u0119cia rekreacyjne i liczne opcje zakwaterowania dla grup.\t\t\t\t\t<\/div>\n\t\t\t\t\n\t\t\t\t\t\t\t\t\t<div class=\"elementor-cta__button-wrapper elementor-cta__content-item elementor-content-item\">\n\t\t\t\t\t<a class=\"elementor-cta__button elementor-button elementor-size-\" href=\"https:\/\/www.hannover-tourismus.de\/pl\/wycieczki-grupowe\/\">\n\t\t\t\t\t\tKliknij tutaj\t\t\t\t\t<\/a>\n\t\t\t\t\t<\/div>\n\t\t\t\t\t\t\t<\/div>\n\t\t\t\t\t\t<\/div>\n\t\t\t\t\t\t<\/div>\n\t\t\t\t<\/div>\n\t\t\t\t\t<\/div>\n\t\t\t\t<\/div>\n\t\t<div class=\"elementor-element elementor-element-10fae9d e-flex e-con-boxed e-con e-parent\" data-id=\"10fae9d\" data-element_type=\"container\" data-e-type=\"container\">\n\t\t\t\t\t<div class=\"e-con-inner\">\n\t\t\t\t<div class=\"elementor-element elementor-element-176fd3a elementor-cta--layout-image-left elementor-cta--skin-classic elementor-animated-content elementor-bg-transform elementor-bg-transform-zoom-in elementor-widget elementor-widget-call-to-action\" data-id=\"176fd3a\" data-element_type=\"widget\" data-e-type=\"widget\" data-isc-images=\"96\" data-widget_type=\"call-to-action.default\">\n\t\t\t\t<div class=\"elementor-widget-container\">\n\t\t\t\t\t\t\t<div class=\"elementor-cta\">\n\t\t\t\t\t<div class=\"elementor-cta__bg-wrapper\">\n\t\t\t\t<div class=\"elementor-cta__bg elementor-bg\" style=\"background-image: url(https:\/\/www.hannover-tourismus.de\/wp-content\/uploads\/2025\/06\/HL-Header13-1024x327.png);\" role=\"img\" aria-label=\"Ratusz w Hanowerze z widokiem na rzek\u0119 i zielon\u0105 okolic\u0119, imponuj\u0105ca architektura i historyczne centrum miasta.\"><\/div>\n\t\t\t\t<div class=\"elementor-cta__bg-overlay\"><\/div>\n\t\t\t<\/div>\n\t\t\t\t\t\t\t<div class=\"elementor-cta__content\">\n\t\t\t\t\n\t\t\t\t\t\t\t\t\t<h2 class=\"elementor-cta__title elementor-cta__content-item elementor-content-item\">\n\t\t\t\t\t\tPakiety do\u015bwiadczenia\t\t\t\t\t<\/h2>\n\t\t\t\t\n\t\t\t\t\t\t\t\t\t<div class=\"elementor-cta__description elementor-cta__content-item elementor-content-item\">\n\t\t\t\t\t\tCiesz si\u0119 pakietami wra\u017ce\u0144 w Hanowerze - po\u0142\u0105cz wra\u017cenia i nocleg, aby sp\u0119dzi\u0107 czas z naciskiem na miasto i przyrod\u0119.\t\t\t\t\t<\/div>\n\t\t\t\t\n\t\t\t\t\t\t\t\t\t<div class=\"elementor-cta__button-wrapper elementor-cta__content-item elementor-content-item\">\n\t\t\t\t\t<a class=\"elementor-cta__button elementor-button elementor-size-\" href=\"https:\/\/www.hannover-tourismus.de\/pl\/pakiety-doswiadczen\/\">\n\t\t\t\t\t\tKliknij tutaj\t\t\t\t\t<\/a>\n\t\t\t\t\t<\/div>\n\t\t\t\t\t\t\t<\/div>\n\t\t\t\t\t\t<\/div>\n\t\t\t\t\t\t<\/div>\n\t\t\t\t<\/div>\n\t\t\t\t\t<\/div>\n\t\t\t\t<\/div>\n\t\t<div class=\"elementor-element elementor-element-8d49dcd e-grid e-con-boxed e-con e-parent\" data-id=\"8d49dcd\" data-element_type=\"container\" data-e-type=\"container\">\n\t\t\t\t\t<div class=\"e-con-inner\">\n\t\t\t\t<div class=\"elementor-element elementor-element-c1a422b elementor-cta--skin-classic elementor-animated-content elementor-bg-transform elementor-bg-transform-zoom-in elementor-widget elementor-widget-call-to-action\" data-id=\"c1a422b\" data-element_type=\"widget\" data-e-type=\"widget\" data-isc-images=\"455\" data-widget_type=\"call-to-action.default\">\n\t\t\t\t<div class=\"elementor-widget-container\">\n\t\t\t\t\t\t\t<div class=\"elementor-cta\">\n\t\t\t\t\t<div class=\"elementor-cta__bg-wrapper\">\n\t\t\t\t<div class=\"elementor-cta__bg elementor-bg\" style=\"background-image: url(https:\/\/www.hannover-tourismus.de\/wp-content\/uploads\/2025\/06\/Hauptbahnhof-Ernst-Agust-Platz-_Martin-Kirchner-1-scaled-1-1024x682.jpg);\" role=\"img\" aria-label=\"Dworzec G\u0142\u00f3wny w Hanowerze z lud\u017ami i hulajnogami elektrycznymi w \u015bwietle s\u0142onecznym.\"><\/div>\n\t\t\t\t<div class=\"elementor-cta__bg-overlay\"><\/div>\n\t\t\t<\/div>\n\t\t\t\t\t\t\t<div class=\"elementor-cta__content\">\n\t\t\t\t\n\t\t\t\t\t\t\t\t\t<h2 class=\"elementor-cta__title elementor-cta__content-item elementor-content-item\">\n\t\t\t\t\t\t Centralna lokalizacja i po\u0142\u0105czenia\t\t\t\t\t<\/h2>\n\t\t\t\t\n\t\t\t\t\t\t\t\t\t<div class=\"elementor-cta__description elementor-cta__content-item elementor-content-item\">\n\t\t\t\t\t\tPodr\u00f3\u017c do Hanoweru jest wygodna i nieskomplikowana - niezale\u017cnie od tego, czy podr\u00f3\u017cujesz poci\u0105giem, samochodem czy rowerem. \t\t\t\t\t<\/div>\n\t\t\t\t\n\t\t\t\t\t\t\t\t\t<div class=\"elementor-cta__button-wrapper elementor-cta__content-item elementor-content-item\">\n\t\t\t\t\t<a class=\"elementor-cta__button elementor-button elementor-size-\" href=\"https:\/\/www.visit-hannover.com\/Hotels,-FeWo,-B-Bs-Erlebnispakete\/Anreise-Abreise\" target=\"_blank\" rel=\"noopener\">\n\t\t\t\t\t\tKliknij tutaj\t\t\t\t\t<\/a>\n\t\t\t\t\t<\/div>\n\t\t\t\t\t\t\t<\/div>\n\t\t\t\t\t\t<\/div>\n\t\t\t\t\t\t<\/div>\n\t\t\t\t<\/div>\n\t\t\t\t<div class=\"elementor-element elementor-element-bd2b861 elementor-cta--skin-classic elementor-animated-content elementor-bg-transform elementor-bg-transform-zoom-in elementor-widget elementor-widget-call-to-action\" data-id=\"bd2b861\" data-element_type=\"widget\" data-e-type=\"widget\" data-isc-images=\"99\" data-widget_type=\"call-to-action.default\">\n\t\t\t\t<div class=\"elementor-widget-container\">\n\t\t\t\t\t\t\t<div class=\"elementor-cta\">\n\t\t\t\t\t<div class=\"elementor-cta__bg-wrapper\">\n\t\t\t\t<div class=\"elementor-cta__bg elementor-bg\" style=\"background-image: url(https:\/\/www.hannover-tourismus.de\/wp-content\/uploads\/2025\/06\/poreen1896_68024_Photorealistic_image_of_a_friendly_modern_va_5fc8692d-4e8c-47a6-ba8e-44ef38475cfe_2-1024x683.png);\" role=\"img\" aria-label=\"Jasna sypialnia z du\u017cymi oknami, ro\u015blinami i minimalistycznym wystrojem.\"><\/div>\n\t\t\t\t<div class=\"elementor-cta__bg-overlay\"><\/div>\n\t\t\t<\/div>\n\t\t\t\t\t\t\t<div class=\"elementor-cta__content\">\n\t\t\t\t\n\t\t\t\t\t\t\t\t\t<h2 class=\"elementor-cta__title elementor-cta__content-item elementor-content-item\">\n\t\t\t\t\t\tLimity po\u0142\u0105cze\u0144 dla wydarze\u0144\t\t\t\t\t<\/h2>\n\t\t\t\t\n\t\t\t\t\t\t\t\t\t<div class=\"elementor-cta__description elementor-cta__content-item elementor-content-item\">\n\t\t\t\t\t\tPlanujesz wydarzenie, konferencj\u0119 lub podr\u00f3\u017cujesz z du\u017c\u0105 grup\u0105? W takim razie warto skorzysta\u0107 z kontyngent\u00f3w. \t\t\t\t\t<\/div>\n\t\t\t\t\n\t\t\t\t\t\t\t\t\t<div class=\"elementor-cta__button-wrapper elementor-cta__content-item elementor-content-item\">\n\t\t\t\t\t<a class=\"elementor-cta__button elementor-button elementor-size-\" href=\"https:\/\/hannover-living.de\/abrufkontingent\/\" target=\"_blank\" rel=\"noopener\">\n\t\t\t\t\t\tKliknij tutaj\t\t\t\t\t<\/a>\n\t\t\t\t\t<\/div>\n\t\t\t\t\t\t\t<\/div>\n\t\t\t\t\t\t<\/div>\n\t\t\t\t\t\t<\/div>\n\t\t\t\t<\/div>\n\t\t\t\t<div class=\"elementor-element elementor-element-1550489 elementor-cta--skin-classic elementor-animated-content elementor-bg-transform elementor-bg-transform-zoom-in elementor-widget elementor-widget-call-to-action\" data-id=\"1550489\" data-element_type=\"widget\" data-e-type=\"widget\" data-isc-images=\"101\" data-widget_type=\"call-to-action.default\">\n\t\t\t\t<div class=\"elementor-widget-container\">\n\t\t\t\t\t\t\t<div class=\"elementor-cta\">\n\t\t\t\t\t<div class=\"elementor-cta__bg-wrapper\">\n\t\t\t\t<div class=\"elementor-cta__bg elementor-bg\" style=\"background-image: url(https:\/\/www.hannover-tourismus.de\/wp-content\/uploads\/2025\/06\/HL-Header12-1536x491.png);\" role=\"img\" aria-label=\"P\u00f3\u0142ka z przewodnikami i broszurami po Hanowerze.\"><\/div>\n\t\t\t\t<div class=\"elementor-cta__bg-overlay\"><\/div>\n\t\t\t<\/div>\n\t\t\t\t\t\t\t<div class=\"elementor-cta__content\">\n\t\t\t\t\n\t\t\t\t\t\t\t\t\t<h2 class=\"elementor-cta__title elementor-cta__content-item elementor-content-item\">\n\t\t\t\t\t\tCentrum Informacji Turystycznej\t\t\t\t\t<\/h2>\n\t\t\t\t\n\t\t\t\t\t\t\t\t\t<div class=\"elementor-cta__description elementor-cta__content-item elementor-content-item\">\n\t\t\t\t\t\tZesp\u00f3\u0142 na miejscu mo\u017ce r\u00f3wnie\u017c pom\u00f3c w kr\u00f3tkim czasie, je\u015bli plany podr\u00f3\u017cy ulegn\u0105 zmianie lub planujesz wycieczki po regionie. \t\t\t\t\t<\/div>\n\t\t\t\t\n\t\t\t\t\t\t\t\t\t<div class=\"elementor-cta__button-wrapper elementor-cta__content-item elementor-content-item\">\n\t\t\t\t\t<a class=\"elementor-cta__button elementor-button elementor-size-\" href=\"https:\/\/www.hannover-tourismus.de\/pl\/informacja-turystyczna-hanower\/\">\n\t\t\t\t\t\tKliknij tutaj\t\t\t\t\t<\/a>\n\t\t\t\t\t<\/div>\n\t\t\t\t\t\t\t<\/div>\n\t\t\t\t\t\t<\/div>\n\t\t\t\t\t\t<\/div>\n\t\t\t\t<\/div>\n\t\t<div class=\"elementor-element elementor-element-5e98c6e e-con-full e-flex e-con e-child\" data-id=\"5e98c6e\" data-element_type=\"container\" data-e-type=\"container\">\n\t\t\t\t<\/div>\n\t\t\t\t\t<\/div>\n\t\t\t\t<\/div>\n\t\t<div class=\"elementor-element elementor-element-7e36be6 e-flex e-con-boxed e-con e-parent\" data-id=\"7e36be6\" data-element_type=\"container\" data-e-type=\"container\">\n\t\t\t\t\t<div class=\"e-con-inner\">\n\t\t\t\t<div class=\"elementor-element elementor-element-c69cbb2 elementor-cta--layout-image-right elementor-cta--skin-classic elementor-animated-content elementor-bg-transform elementor-bg-transform-zoom-in elementor-widget elementor-widget-call-to-action\" data-id=\"c69cbb2\" data-element_type=\"widget\" data-e-type=\"widget\" data-isc-images=\"459\" data-widget_type=\"call-to-action.default\">\n\t\t\t\t<div class=\"elementor-widget-container\">\n\t\t\t\t\t\t\t<div class=\"elementor-cta\">\n\t\t\t\t\t<div class=\"elementor-cta__bg-wrapper\">\n\t\t\t\t<div class=\"elementor-cta__bg elementor-bg\" style=\"background-image: url(https:\/\/www.hannover-tourismus.de\/wp-content\/uploads\/2025\/06\/Titel-Suedstadt_Maschsee-Patrick-Grafjpg_WEB-1024x683.jpg);\" role=\"img\" aria-label=\"Zach\u00f3d s\u0142o\u0144ca nad jeziorem Maschsee z lud\u017ami siedz\u0105cymi na brzegu i podziwiaj\u0105cymi widok.\"><\/div>\n\t\t\t\t<div class=\"elementor-cta__bg-overlay\"><\/div>\n\t\t\t<\/div>\n\t\t\t\t\t\t\t<div class=\"elementor-cta__content\">\n\t\t\t\t\n\t\t\t\t\t\t\t\t\t<h2 class=\"elementor-cta__title elementor-cta__content-item elementor-content-item\">\n\t\t\t\t\t\tSpokojna lokalizacja czy \u015bcis\u0142e centrum? Najlepsze dzielnice, w kt\u00f3rych warto si\u0119 zatrzyma\u0107\t\t\t\t\t<\/h2>\n\t\t\t\t\n\t\t\t\t\t\t\t\t\t<div class=\"elementor-cta__description elementor-cta__content-item elementor-content-item\">\n\t\t\t\t\t\tW zale\u017cno\u015bci od preferencji, warto zwr\u00f3ci\u0107 uwag\u0119 na lokalizacj\u0119 zakwaterowania. \t\t\t\t\t<\/div>\n\t\t\t\t\n\t\t\t\t\t\t\t\t\t<div class=\"elementor-cta__button-wrapper elementor-cta__content-item elementor-content-item\">\n\t\t\t\t\t<a class=\"elementor-cta__button elementor-button elementor-size-\" href=\"https:\/\/hannover-living.de\/stadtteiltipps-city\/\" target=\"_blank\" rel=\"noopener\">\n\t\t\t\t\t\tKliknij tutaj\t\t\t\t\t<\/a>\n\t\t\t\t\t<\/div>\n\t\t\t\t\t\t\t<\/div>\n\t\t\t\t\t\t<\/div>\n\t\t\t\t\t\t<\/div>\n\t\t\t\t<\/div>\n\t\t\t\t\t<\/div>\n\t\t\t\t<\/div>\n\t\t<div class=\"elementor-element elementor-element-21f1e32 e-flex e-con-boxed e-con e-parent\" data-id=\"21f1e32\" data-element_type=\"container\" data-e-type=\"container\">\n\t\t\t\t\t<div class=\"e-con-inner\">\n\t\t\t\t<div class=\"elementor-element elementor-element-2d5e69c elementor-widget elementor-widget-text-editor\" data-id=\"2d5e69c\" data-element_type=\"widget\" data-e-type=\"widget\" data-widget_type=\"text-editor.default\">\n\t\t\t\t<div class=\"elementor-widget-container\">\n\t\t\t\t\t\t\t\t\t<p><strong>Informacje turystyczne<\/strong><br \/>Ernst-August-Platz 8<br \/>D-30159 Hanower<br \/>Telefon: + 49 (0) 511 \/ 12345-111<br \/><a href=\"mailto:info@hannover-tourismus.de\">info@hannover-tourismus.de<\/a><\/p>\t\t\t\t\t\t\t\t<\/div>\n\t\t\t\t<\/div>\n\t\t\t\t\t<\/div>\n\t\t\t\t<\/div>\n\t\t\t\t<\/div>","protected":false},"excerpt":{"rendered":"<p>Hotel und Apartments &#8211; Eure Unterkunft in Hannover St\u00e4dtetrip, Messebesuch oder Familienurlaub \u2013 wer eine Unterkunft in Hannover sucht, findet eine beeindruckende Auswahl an passenden \u00dcbernachtungsm\u00f6glichkeiten. Die nieders\u00e4chsische Landeshauptstadt \u00fcberzeugt mit zentralen Hotels, charmanten Ferienwohnungen\/ Apartments und gem\u00fctlichen Privatunterk\u00fcnften. Hotels &#8211; Komfort und kurze Wege Wer besonderen Wert auf Service, zentrale Lage und gute Anbindung [&hellip;]<\/p>\n","protected":false},"author":2,"featured_media":0,"parent":0,"menu_order":0,"comment_status":"closed","ping_status":"closed","template":"","meta":{"footnotes":""},"class_list":["post-445","page","type-page","status-publish","hentry"],"_links":{"self":[{"href":"https:\/\/www.hannover-tourismus.de\/pl\/wp-json\/wp\/v2\/pages\/445","targetHints":{"allow":["GET"]}}],"collection":[{"href":"https:\/\/www.hannover-tourismus.de\/pl\/wp-json\/wp\/v2\/pages"}],"about":[{"href":"https:\/\/www.hannover-tourismus.de\/pl\/wp-json\/wp\/v2\/types\/page"}],"author":[{"embeddable":true,"href":"https:\/\/www.hannover-tourismus.de\/pl\/wp-json\/wp\/v2\/users\/2"}],"replies":[{"embeddable":true,"href":"https:\/\/www.hannover-tourismus.de\/pl\/wp-json\/wp\/v2\/comments?post=445"}],"version-history":[{"count":8,"href":"https:\/\/www.hannover-tourismus.de\/pl\/wp-json\/wp\/v2\/pages\/445\/revisions"}],"predecessor-version":[{"id":492,"href":"https:\/\/www.hannover-tourismus.de\/pl\/wp-json\/wp\/v2\/pages\/445\/revisions\/492"}],"wp:attachment":[{"href":"https:\/\/www.hannover-tourismus.de\/pl\/wp-json\/wp\/v2\/media?parent=445"}],"curies":[{"name":"wp","href":"https:\/\/api.w.org\/{rel}","templated":true}]}}