{"id":179,"date":"2025-06-18T13:29:09","date_gmt":"2025-06-18T11:29:09","guid":{"rendered":"https:\/\/www.hannover-tourismus.de\/?page_id=179"},"modified":"2026-02-26T08:37:04","modified_gmt":"2026-02-26T06:37:04","slug":"opdruk","status":"publish","type":"page","link":"https:\/\/www.hannover-tourismus.de\/nl\/impressum\/","title":{"rendered":"Juridische kennisgeving"},"content":{"rendered":"<h1 class=\"wp-block-heading\">Juridische kennisgeving<\/h1>\r\n\r\n\r\n\r\n<h3 class=\"wp-block-heading\">Informatie volgens \u00a7 5 DDG<\/h3>\r\n\r\n\r\n\r\n<p>Hannover Marketing en Tourismus GmbH<br \/>Algemeen directeur:<br \/>Christian Katz<br \/>Vahrenwalderstraat 7<br \/>30165 Hannover<br \/>e-mail:\u00a0<a href=\"mailto:info@hannover-tourismus.de\">info@hannover-tourismus.de<\/a><br \/>Telefoon: +49 511 12349-00<br \/>Fax: +49 511 123490-10<\/p>\r\n\r\n\r\n\r\n<p><strong>Contact:<\/strong><br \/>Doreen Schmidtchen<br \/>Telefoon: +49 511 168 349-31<br \/>Fax: +49 511 123490-10<br \/>E-mail: schmidtchen@hannover-marketing.de<\/p>\r\n\r\n\r\n\r\n<p>Handelsregister: Sectie B nr. 59223<br \/>Register rechtbank: Hannover<\/p>\r\n\r\n\r\n\r\n<p><strong>Verkoopbelasting ID<\/strong><br \/>Omzetbelastingidentificatienummer volgens \u00a7 27 a van de wet op de omzetbelasting:<br \/>DE211133985<\/p>\r\n\r\n\r\n\r\n<p><strong>EU-geschillenbeslechting<br \/><\/strong>De Europese Commissie biedt een platform voor online geschillenbeslechting (OS):\u00a0<a href=\"https:\/\/ec.europa.eu\/consumers\/odr\" target=\"_blank\" rel=\"noreferrer noopener\">https:\/\/ec.europa.eu\/consumers\/odr<\/a>.<br \/>U vindt ons e-mailadres in de bovenstaande wettelijke kennisgeving.<\/p>\r\n\r\n\r\n\r\n<p><strong>Aansprakelijkheid voor inhoud<br \/><\/strong>Als serviceprovider zijn we verantwoordelijk voor onze eigen inhoud op deze pagina's in overeenstemming met \u00a7 7 (1) DDG en algemene wetgeving. Volgens \u00a7\u00a7 8 tot 10 DDG zijn we als serviceprovider echter niet verplicht om doorgegeven of opgeslagen informatie van derden te controleren of omstandigheden te onderzoeken die duiden op illegale activiteiten.<\/p>\r\n\r\n\r\n\r\n<p>Verplichtingen om informatie te verwijderen of het gebruik ervan te blokkeren in overeenstemming met de algemene wetgeving blijven hierdoor onaangetast. Aansprakelijkheid in dit verband is echter pas mogelijk vanaf het moment dat we ons bewust worden van een specifieke inbreuk. Zodra we ons bewust worden van dergelijke inbreuken, zullen we deze inhoud onmiddellijk verwijderen.<\/p>\r\n\r\n\r\n\r\n<p><strong>Aansprakelijkheid voor links<br \/><\/strong>Onze website bevat links naar externe websites van derden op de inhoud waarvan wij geen invloed hebben. Daarom kunnen wij geen aansprakelijkheid aanvaarden voor deze inhoud van derden. Voor de inhoud van de gelinkte pagina's is altijd de desbetreffende aanbieder of exploitant van de pagina's verantwoordelijk. De gekoppelde pagina's werden op het moment van koppelen gecontroleerd op mogelijke wetsovertredingen. Illegale inhoud was op het moment van linken niet herkenbaar.<\/p>\r\n\r\n\r\n\r\n<p>Een permanente controle van de inhoud van de gelinkte pagina's is echter niet redelijk zonder concreet bewijs van een overtreding. Als we ons bewust worden van wettelijke overtredingen, zullen we dergelijke links onmiddellijk verwijderen.<\/p>\r\n\r\n\r\n\r\n<p><strong>Copyright<br \/><\/strong>De door de sitebeheerders op deze pagina's gecre\u00eberde inhoud en werken vallen onder het Duitse auteursrecht. Voor vermenigvuldiging, bewerking, verspreiding en elke vorm van gebruik buiten de grenzen van het auteursrecht is de schriftelijke toestemming van de betreffende auteur of maker vereist. Downloads en kopie\u00ebn van deze site zijn alleen toegestaan voor priv\u00e9-, niet-commercieel gebruik.<\/p>\r\n\r\n\r\n\r\n<p>Voor zover de inhoud op deze site niet door de exploitant is gemaakt, worden de auteursrechten van derden gerespecteerd. Inhoud van derden wordt als zodanig aangeduid. Mocht u desondanks een schending van het auteursrecht constateren, dan verzoeken wij u ons hiervan op de hoogte te stellen. Als wij kennis nemen van inbreuken, zullen wij dergelijke inhoud onmiddellijk verwijderen.<\/p>\r\n\r\n\r\n\r\n<p>De informatie die Hannover Marketing &amp; Tourismus GmbH op zijn website ter beschikking stelt, wordt voortdurend gecontroleerd en geactualiseerd. Desondanks is het mogelijk dat gegevens ondanks zorgvuldige controle in de tussentijd zijn gewijzigd. Hannover Marketing &amp; Tourismus GmbH aanvaardt daarom geen aansprakelijkheid of garantie voor de juistheid, volledigheid en actualiteit van de op deze pagina's verstrekte informatie. Dit geldt ook voor alle websites waarnaar op deze website via hyperlinks wordt verwezen. Hannover Marketing &amp; Tourismus GmbH is niet aansprakelijk voor de inhoud van deze sites.<\/p>","protected":false},"excerpt":{"rendered":"<p>Impressum Angaben gem\u00e4\u00df \u00a7 5 DDG Hannover Marketing und Tourismus GmbHGesch\u00e4ftsf\u00fchrer:Christian KatzVahrenwalder Stra\u00dfe 730165 HannoverE-Mail:\u00a0info@hannover-tourismus.deTel.: +49 511 12349-00Fax: +49 511 123490-10 Kontakt:Doreen SchmidtchenTel.: +49 511 168 349-31Fax: +49 511 123490-10E-Mail: schmidtchen@hannover-marketing.de Handelsregister: Abt. B Nr. 59223Registergericht: Hannover Umsatzsteuer-IDUmsatzsteuer-Identifikationsnummer gem\u00e4\u00df \u00a7 27 a Umsatzsteuergesetz:DE211133985 EU-StreitschlichtungDie Europ\u00e4ische Kommission stellt eine Plattform zur Online-Streitbeilegung (OS) bereit:\u00a0https:\/\/ec.europa.eu\/consumers\/odr.Unsere E-Mail-Adresse finden [&hellip;]<\/p>\n","protected":false},"author":1,"featured_media":0,"parent":0,"menu_order":0,"comment_status":"closed","ping_status":"closed","template":"","meta":{"footnotes":""},"class_list":["post-179","page","type-page","status-publish","hentry"],"_links":{"self":[{"href":"https:\/\/www.hannover-tourismus.de\/nl\/wp-json\/wp\/v2\/pages\/179","targetHints":{"allow":["GET"]}}],"collection":[{"href":"https:\/\/www.hannover-tourismus.de\/nl\/wp-json\/wp\/v2\/pages"}],"about":[{"href":"https:\/\/www.hannover-tourismus.de\/nl\/wp-json\/wp\/v2\/types\/page"}],"author":[{"embeddable":true,"href":"https:\/\/www.hannover-tourismus.de\/nl\/wp-json\/wp\/v2\/users\/1"}],"replies":[{"embeddable":true,"href":"https:\/\/www.hannover-tourismus.de\/nl\/wp-json\/wp\/v2\/comments?post=179"}],"version-history":[{"count":3,"href":"https:\/\/www.hannover-tourismus.de\/nl\/wp-json\/wp\/v2\/pages\/179\/revisions"}],"predecessor-version":[{"id":5602,"href":"https:\/\/www.hannover-tourismus.de\/nl\/wp-json\/wp\/v2\/pages\/179\/revisions\/5602"}],"wp:attachment":[{"href":"https:\/\/www.hannover-tourismus.de\/nl\/wp-json\/wp\/v2\/media?parent=179"}],"curies":[{"name":"wp","href":"https:\/\/api.w.org\/{rel}","templated":true}]}}