{"id":179,"date":"2025-06-18T13:29:09","date_gmt":"2025-06-18T11:29:09","guid":{"rendered":"https:\/\/www.hannover-tourismus.de\/?page_id=179"},"modified":"2026-02-26T08:37:04","modified_gmt":"2026-02-26T06:37:04","slug":"%ea%b0%81%ec%9d%b8","status":"publish","type":"page","link":"https:\/\/www.hannover-tourismus.de\/ko\/impressum\/","title":{"rendered":"Legal notice"},"content":{"rendered":"<h1 class=\"wp-block-heading\">Legal notice<\/h1>\r\n\r\n\r\n\r\n<h3 class=\"wp-block-heading\">5 DDG\uc5d0 \ub530\ub978 \uc815\ubcf4<\/h3>\r\n\r\n\r\n\r\n<p>\ud558\ub178\ubc84 \ub9c8\ucf00\ud305 \ubc0f \uad00\uad11\uccad GmbH<br \/>\uc804\ubb34 \uc774\uc0ac:<br \/>\ud06c\ub9ac\uc2a4\ucc2c \uce74\uce20<br \/>\ubc14\ub80c\ubc1c\ub354 \uac70\ub9ac 7<br \/>30165 \ud558\ub178\ubc84<br \/>\uc774\uba54\uc77c:\u00a0<a href=\"mailto:info@hannover-tourismus.de\">info@hannover-tourismus.de<\/a><br \/>\uc804\ud654: +49 511 12349-00<br \/>\ud329\uc2a4: +49 511 123490-10<\/p>\r\n\r\n\r\n\r\n<p><strong>\uc5f0\ub77d\ucc98:<\/strong><br \/>\ub3c4\ub9b0 \uc288\ubbf8\ud2b8\uccb8<br \/>\uc804\ud654: +49 511 168 349-31<br \/>\ud329\uc2a4: +49 511 123490-10<br \/>\uc774\uba54\uc77c: schmidtchen@hannover-marketing.de<\/p>\r\n\r\n\r\n\r\n<p>\uc0c1\uc5c5 \ub4f1\uae30: \uc139\uc158 B \ubc88\ud638 59223<br \/>\ub4f1\ub85d \ubc95\uc6d0: \ud558\ub178\ubc84<\/p>\r\n\r\n\r\n\r\n<p><strong>\ud310\ub9e4\uc138 ID<\/strong><br \/>\ud310\ub9e4\uc138\ubc95 \uc81c27\uc870\uc5d0 \ub530\ub978 \ud310\ub9e4\uc138 \uc2dd\ubcc4 \ubc88\ud638\uc785\ub2c8\ub2e4:<br \/>DE211133985<\/p>\r\n\r\n\r\n\r\n<p><strong>EU \ubd84\uc7c1 \ud574\uacb0<br \/><\/strong>\uc720\ub7fd\uc704\uc6d0\ud68c\ub294 \uc628\ub77c\uc778 \ubd84\uc7c1 \ud574\uacb0(OS)\uc744 \uc704\ud55c \ud50c\ub7ab\ud3fc\uc744 \uc81c\uacf5\ud569\ub2c8\ub2e4:\u00a0<a href=\"https:\/\/ec.europa.eu\/consumers\/odr\" target=\"_blank\" rel=\"noreferrer noopener\">https:\/\/ec.europa.eu\/consumers\/odr<\/a>.<br \/>\ub2f9\uc0ac\uc758 \uc774\uba54\uc77c \uc8fc\uc18c\ub294 \uc704\uc758 \ubc95\uc801 \uace0\uc9c0\uc5d0\uc11c \ud655\uc778\ud560 \uc218 \uc788\uc2b5\ub2c8\ub2e4.<\/p>\r\n\r\n\r\n\r\n<p><strong>\ucf58\ud150\uce20\uc5d0 \ub300\ud55c \ucc45\uc784<br \/><\/strong>\uc11c\ube44\uc2a4 \uc81c\uacf5\uc790\ub85c\uc11c \ub2f9\uc0ac\ub294 \uc81c7\uc870(1) DDG \ubc0f \uc77c\ubc18 \ubc95\ub960\uc5d0 \ub530\ub77c \uc774 \ud398\uc774\uc9c0\uc758 \uc790\uccb4 \ucf58\ud150\uce20\uc5d0 \ub300\ud55c \ucc45\uc784\uc774 \uc788\uc2b5\ub2c8\ub2e4. \uadf8\ub7ec\ub098 DDG 8~10\uc870\uc5d0 \ub530\ub77c \ub2f9\uc0ac\ub294 \uc11c\ube44\uc2a4 \uc81c\uacf5\uc5c5\uccb4\ub85c\uc11c \uc804\uc1a1 \ub610\ub294 \uc800\uc7a5\ub41c \uc81c3\uc790 \uc815\ubcf4\ub97c \ubaa8\ub2c8\ud130\ub9c1\ud558\uac70\ub098 \ubd88\ubc95 \ud65c\ub3d9\uc744 \ub098\ud0c0\ub0b4\ub294 \uc0c1\ud669\uc744 \uc870\uc0ac\ud560 \uc758\ubb34\uac00 \uc5c6\uc2b5\ub2c8\ub2e4.<\/p>\r\n\r\n\r\n\r\n<p>\uc77c\ubc18 \ubc95\ub960\uc5d0 \ub530\ub77c \uc815\ubcf4 \uc0ac\uc6a9\uc744 \uc0ad\uc81c\ud558\uac70\ub098 \ucc28\ub2e8\ud574\uc57c \ud558\ub294 \uc758\ubb34\ub294 \uc774\uc5d0 \uc601\ud5a5\uc744 \ubc1b\uc9c0 \uc54a\uc2b5\ub2c8\ub2e4. \uadf8\ub7ec\ub098 \uc774\uc640 \uad00\ub828\ud55c \ucc45\uc784\uc740 \uad6c\uccb4\uc801\uc778 \uce68\ud574 \uc0ac\uc2e4\uc744 \uc778\uc9c0\ud55c \uc2dc\uc810\ubd80\ud130 \uac00\ub2a5\ud569\ub2c8\ub2e4. \uc774\ub7ec\ud55c \uce68\ud574\ub97c \uc778\uc9c0\ud558\ub294 \uc989\uc2dc \ud574\ub2f9 \ucf58\ud150\uce20\ub97c \uc0ad\uc81c\ud569\ub2c8\ub2e4.<\/p>\r\n\r\n\r\n\r\n<p><strong>\ub9c1\ud06c\uc5d0 \ub300\ud55c \ucc45\uc784<br \/><\/strong>\ub2f9\uc0ac \uc6f9\uc0ac\uc774\ud2b8\uc5d0\ub294 \ub2f9\uc0ac\uac00 \ucf58\ud150\uce20\uc5d0 \uc601\ud5a5\uc744 \ubbf8\uce58\uc9c0 \uc54a\ub294 \uc678\ubd80 \ud0c0\uc0ac \uc6f9\uc0ac\uc774\ud2b8\ub85c \uc5f0\uacb0\ub418\ub294 \ub9c1\ud06c\uac00 \ud3ec\ud568\ub418\uc5b4 \uc788\uc2b5\ub2c8\ub2e4. \ub530\ub77c\uc11c \ub2f9\uc0ac\ub294 \uc774\ub7ec\ud55c \uc81c3\uc790 \ucf58\ud150\uce20\uc5d0 \ub300\ud574 \uc5b4\ub5a0\ud55c \ucc45\uc784\ub3c4 \uc9c0\uc9c0 \uc54a\uc2b5\ub2c8\ub2e4. \ub9c1\ud06c\ub41c \ud398\uc774\uc9c0\uc758 \ucf58\ud150\uce20\uc5d0 \ub300\ud55c \ucc45\uc784\uc740 \ud56d\uc0c1 \ud574\ub2f9 \ud398\uc774\uc9c0\uc758 \uc81c\uacf5\uc790 \ub610\ub294 \uc6b4\uc601\uc790\uc5d0\uac8c \uc788\uc2b5\ub2c8\ub2e4. \ub9c1\ud06c\ub41c \ud398\uc774\uc9c0\uc758 \ubc95\uc801 \uc704\ubc18 \uac00\ub2a5\uc131\uc740 \ub9c1\ud06c \uc2dc\uc810\uc5d0 \ud655\uc778\ub418\uc5c8\uc2b5\ub2c8\ub2e4. \ub9c1\ud06c \ub2f9\uc2dc\uc5d0\ub294 \ubd88\ubc95 \ucf58\ud150\uce20\ub97c \uc778\uc2dd\ud560 \uc218 \uc5c6\uc5c8\uc2b5\ub2c8\ub2e4.<\/p>\r\n\r\n\r\n\r\n<p>\uadf8\ub7ec\ub098 \ub9c1\ud06c\ub41c \ud398\uc774\uc9c0\uc758 \ucf58\ud150\uce20\ub97c \uc601\uad6c\uc801\uc73c\ub85c \ubaa8\ub2c8\ud130\ub9c1\ud558\ub294 \uac83\uc740 \uce68\ud574\uc5d0 \ub300\ud55c \uad6c\uccb4\uc801\uc778 \uc99d\uac70\uac00 \uc5c6\ub294 \ud55c \ud569\ub9ac\uc801\uc774\uc9c0 \uc54a\uc2b5\ub2c8\ub2e4. \ub2f9\uc0ac\ub294 \ubc95\uc801 \uce68\ud574\ub97c \uc778\uc9c0\ud558\ub294 \uacbd\uc6b0 \ud574\ub2f9 \ub9c1\ud06c\ub97c \uc989\uc2dc \uc0ad\uc81c\ud569\ub2c8\ub2e4.<\/p>\r\n\r\n\r\n\r\n<p><strong>\uc800\uc791\uad8c<br \/><\/strong>\uc774 \ud398\uc774\uc9c0\uc5d0\uc11c \uc0ac\uc774\ud2b8 \uc6b4\uc601\uc790\uac00 \ub9cc\ub4e0 \ucf58\ud150\uce20\uc640 \uc800\uc791\ubb3c\uc740 \ub3c5\uc77c \uc800\uc791\uad8c\ubc95\uc758 \uc801\uc6a9\uc744 \ubc1b\uc2b5\ub2c8\ub2e4. \uc800\uc791\uad8c\ubc95\uc758 \ud55c\uacc4\ub97c \ubc97\uc5b4\ub09c \ubcf5\uc81c, \uac00\uacf5, \ubc30\ud3ec \ubc0f \ubaa8\ub4e0 \uc885\ub958\uc758 \ud65c\uc6a9\uc5d0\ub294 \ud574\ub2f9 \uc800\uc791\uc790 \ub610\ub294 \uc81c\uc791\uc790\uc758 \uc11c\uba74 \ub3d9\uc758\uac00 \ud544\uc694\ud569\ub2c8\ub2e4. \uc774 \uc0ac\uc774\ud2b8\uc758 \ub2e4\uc6b4\ub85c\ub4dc \ubc0f \uc0ac\ubcf8\uc740 \uac1c\uc778\uc801, \ube44\uc0c1\uc5c5\uc801 \uc6a9\ub3c4\ub85c\ub9cc \ud5c8\uc6a9\ub429\ub2c8\ub2e4.<\/p>\r\n\r\n\r\n\r\n<p>\uc774 \uc0ac\uc774\ud2b8\uc758 \ucf58\ud150\uce20\uac00 \uc6b4\uc601\uc790\uac00 \uc9c1\uc811 \uc81c\uc791\ud558\uc9c0 \uc54a\uc740 \ud55c, \uc81c3\uc790\uc758 \uc800\uc791\uad8c\uc740 \uc874\uc911\ub429\ub2c8\ub2e4. \ud2b9\ud788 \uc81c3\uc790 \ucf58\ud150\uce20\uc5d0\ub294 \uadf8\ub7ec\ud55c \ud45c\uc2dc\uac00 \ub418\uc5b4 \uc788\uc2b5\ub2c8\ub2e4. \uadf8\ub7fc\uc5d0\ub3c4 \ubd88\uad6c\ud558\uace0 \uc800\uc791\uad8c \uce68\ud574\ub97c \uc778\uc9c0\ud55c \uacbd\uc6b0, \uadf8\uc5d0 \ub530\ub77c \ub2f9\uc0ac\uc5d0 \uc54c\ub824\uc8fc\uc2dc\uae30 \ubc14\ub78d\ub2c8\ub2e4. \ub2f9\uc0ac\ub294 \uc800\uc791\uad8c \uce68\ud574\ub97c \uc778\uc9c0\ud558\ub294 \uacbd\uc6b0 \ud574\ub2f9 \ucf58\ud150\uce20\ub97c \uc989\uc2dc \uc0ad\uc81c\ud569\ub2c8\ub2e4.<\/p>\r\n\r\n\r\n\r\n<p>\ud558\ub178\ubc84 \ub9c8\ucf00\ud305 &amp; \uad00\uad11\uccad\uc5d0\uc11c \uc6f9\uc0ac\uc774\ud2b8\uc5d0 \uc81c\uacf5\ud558\ub294 \uc815\ubcf4\ub294 \uc9c0\uc18d\uc801\uc778 \ubaa8\ub2c8\ud130\ub9c1 \ub300\uc0c1\uc774\uba70 \uc9c0\uc18d\uc801\uc73c\ub85c \uc5c5\ub370\uc774\ud2b8\ub429\ub2c8\ub2e4. \uadf8\ub7ec\ub098 \uc8fc\uc758 \uae4a\uac8c \ud655\uc778\ud588\uc74c\uc5d0\ub3c4 \ubd88\uad6c\ud558\uace0 \uadf8 \uc0ac\uc774\uc5d0 \ub370\uc774\ud130\uac00 \ubcc0\uacbd\ub418\uc5c8\uc744 \uc218 \uc788\uc2b5\ub2c8\ub2e4. \uc774\ub7ec\ud55c \uc774\uc720\ub85c \ud558\ub178\ubc84 \ub9c8\ucf00\ud305 &amp; \uad00\uad11\uccad\uc740 \uc774 \ud398\uc774\uc9c0\uc5d0 \uc81c\uacf5\ub41c \uc815\ubcf4\uc758 \uc815\ud655\uc131, \uc644\uc804\uc131 \ubc0f \uc2dc\uc758\uc131\uacfc \uad00\ub828\ud558\uc5ec \uc5b4\ub5a0\ud55c \ucc45\uc784\uc774\ub098 \ubcf4\uc99d\ub3c4 \ud558\uc9c0 \uc54a\uc2b5\ub2c8\ub2e4. \uc774\ub294 \ubcf8 \uc6f9\uc0ac\uc774\ud2b8\uc758 \ud558\uc774\ud37c\ub9c1\ud06c\ub85c \uc5f0\uacb0\ub41c \ubaa8\ub4e0 \uc6f9\uc0ac\uc774\ud2b8\uc5d0\ub3c4 \uc801\uc6a9\ub429\ub2c8\ub2e4. \ud558\ub178\ubc84 \ub9c8\ucf00\ud305 &amp; \uad00\uad11\uccad\uc740 \uc774\ub7ec\ud55c \uc0ac\uc774\ud2b8\uc758 \ucf58\ud150\uce20\uc5d0 \ub300\ud574 \ucc45\uc784\uc744 \uc9c0\uc9c0 \uc54a\uc2b5\ub2c8\ub2e4.<\/p>","protected":false},"excerpt":{"rendered":"<p>Impressum Angaben gem\u00e4\u00df \u00a7 5 DDG Hannover Marketing und Tourismus GmbHGesch\u00e4ftsf\u00fchrer:Christian KatzVahrenwalder Stra\u00dfe 730165 HannoverE-Mail:\u00a0info@hannover-tourismus.deTel.: +49 511 12349-00Fax: +49 511 123490-10 Kontakt:Doreen SchmidtchenTel.: +49 511 168 349-31Fax: +49 511 123490-10E-Mail: schmidtchen@hannover-marketing.de Handelsregister: Abt. B Nr. 59223Registergericht: Hannover Umsatzsteuer-IDUmsatzsteuer-Identifikationsnummer gem\u00e4\u00df \u00a7 27 a Umsatzsteuergesetz:DE211133985 EU-StreitschlichtungDie Europ\u00e4ische Kommission stellt eine Plattform zur Online-Streitbeilegung (OS) bereit:\u00a0https:\/\/ec.europa.eu\/consumers\/odr.Unsere E-Mail-Adresse finden [&hellip;]<\/p>\n","protected":false},"author":1,"featured_media":0,"parent":0,"menu_order":0,"comment_status":"closed","ping_status":"closed","template":"","meta":{"footnotes":""},"class_list":["post-179","page","type-page","status-publish","hentry"],"_links":{"self":[{"href":"https:\/\/www.hannover-tourismus.de\/ko\/wp-json\/wp\/v2\/pages\/179","targetHints":{"allow":["GET"]}}],"collection":[{"href":"https:\/\/www.hannover-tourismus.de\/ko\/wp-json\/wp\/v2\/pages"}],"about":[{"href":"https:\/\/www.hannover-tourismus.de\/ko\/wp-json\/wp\/v2\/types\/page"}],"author":[{"embeddable":true,"href":"https:\/\/www.hannover-tourismus.de\/ko\/wp-json\/wp\/v2\/users\/1"}],"replies":[{"embeddable":true,"href":"https:\/\/www.hannover-tourismus.de\/ko\/wp-json\/wp\/v2\/comments?post=179"}],"version-history":[{"count":3,"href":"https:\/\/www.hannover-tourismus.de\/ko\/wp-json\/wp\/v2\/pages\/179\/revisions"}],"predecessor-version":[{"id":5602,"href":"https:\/\/www.hannover-tourismus.de\/ko\/wp-json\/wp\/v2\/pages\/179\/revisions\/5602"}],"wp:attachment":[{"href":"https:\/\/www.hannover-tourismus.de\/ko\/wp-json\/wp\/v2\/media?parent=179"}],"curies":[{"name":"wp","href":"https:\/\/api.w.org\/{rel}","templated":true}]}}