{"id":1720,"date":"2025-06-23T16:03:05","date_gmt":"2025-06-23T14:03:05","guid":{"rendered":"https:\/\/www.hannover-tourismus.de\/?page_id=1720"},"modified":"2025-06-23T16:03:17","modified_gmt":"2025-06-23T14:03:17","slug":"%e3%82%a2%e3%82%af%e3%82%bb%e3%82%b7%e3%83%93%e3%83%aa%e3%83%86%e3%82%a3%e5%ae%a3%e8%a8%80","status":"publish","type":"page","link":"https:\/\/www.hannover-tourismus.de\/ja\/erklaerung-zur-barrierefreiheit\/","title":{"rendered":"\u30a2\u30af\u30bb\u30b7\u30d3\u30ea\u30c6\u30a3\u5ba3\u8a00"},"content":{"rendered":"<div data-elementor-type=\"wp-page\" data-elementor-id=\"1720\" class=\"elementor elementor-1720\" data-elementor-post-type=\"page\">\n\t\t\t\t<div class=\"elementor-element elementor-element-7bf2cd2 e-flex e-con-boxed e-con e-parent\" data-id=\"7bf2cd2\" data-element_type=\"container\" data-e-type=\"container\">\n\t\t\t\t\t<div class=\"e-con-inner\">\n\t\t\t\t<div class=\"elementor-element elementor-element-a6836d0 elementor-widget elementor-widget-heading\" data-id=\"a6836d0\" data-element_type=\"widget\" data-e-type=\"widget\" data-widget_type=\"heading.default\">\n\t\t\t\t<div class=\"elementor-widget-container\">\n\t\t\t\t\t<h1 class=\"elementor-heading-title elementor-size-default\">\u30a2\u30af\u30bb\u30b7\u30d3\u30ea\u30c6\u30a3\u5ba3\u8a00<\/h1>\t\t\t\t<\/div>\n\t\t\t\t<\/div>\n\t\t\t\t<div class=\"elementor-element elementor-element-bdde30c elementor-widget elementor-widget-text-editor\" data-id=\"bdde30c\" data-element_type=\"widget\" data-e-type=\"widget\" data-widget_type=\"text-editor.default\">\n\t\t\t\t<div class=\"elementor-widget-container\">\n\t\t\t\t\t\t\t\t\t<ol><li><strong> \u9069\u7528\u7bc4\u56f2<\/strong><\/li><\/ol><p style=\"padding-left: 40px;\">\u3053\u306e\u30a2\u30af\u30bb\u30b7\u30d3\u30ea\u30c6\u30a3\u306b\u95a2\u3059\u308b\u5ba3\u8a00\u306f\u3001\u4ee5\u4e0b\u306e\u30a6\u30a7\u30d6\u30b5\u30a4\u30c8\u306b\u9069\u7528\u3055\u308c\u307e\u3059\uff1a<br \/><strong>\u30cf\u30ce\u30fc\u30d0\u30fc\u30fb\u30de\u30fc\u30b1\u30c6\u30a3\u30f3\u30b0\uff06\u30c4\u30fc\u30ea\u30ba\u30e0\u793e\uff08HMTG\uff09<\/strong><br \/><a href=\"http:\/\/www.hannover-living.de\" target=\"_blank\" rel=\"noopener\">www.hannover-living.de<\/a> \/ <a href=\"http:\/\/www.hannover-tourismus.de\/ja\/\">http:\/\/www.hannover-tourismus.de<\/a><\/p><ol start=\"2\"><li><strong> \u6cd5\u7684\u6839\u62e0<\/strong><\/li><\/ol><p style=\"padding-left: 40px;\">\u672c\u30a6\u30a7\u30d6\u30b5\u30a4\u30c8\u306f\u3001\u4ee5\u4e0b\u306e\u65b9\u91dd\u306b\u57fa\u3065\u304d\u3001\u30a6\u30a7\u30d6\u30d7\u30ec\u30bc\u30f3\u30b9\u3092\u7dad\u6301\u3059\u308b\u3088\u3046\u52aa\u3081\u307e\u3059\u3002 <strong>\u30a2\u30af\u30bb\u30b7\u30d3\u30ea\u30c6\u30a3\u5f37\u5316\u6cd5\uff08BFSG\uff09<\/strong> \u305d\u3057\u3066 <strong>\u60c5\u5831\u6280\u8853\u30d0\u30ea\u30a2\u30d5\u30ea\u30fc\u6761\u4f8b\uff08BITV2.0\uff09<\/strong> \u30d0\u30ea\u30a2\u30d5\u30ea\u30fc\u306e\u30a2\u30af\u30bb\u30b7\u30d3\u30ea\u30c6\u30a3\u3002<\/p><ol start=\"3\"><li><strong> \u8981\u6c42\u4e8b\u9805\u3078\u306e\u9069\u5408\u72b6\u6cc1<\/strong><\/li><\/ol><p style=\"padding-left: 40px;\">\u3053\u306e\u30a6\u30a7\u30d6\u30b5\u30a4\u30c8\u306f <strong>\u4e00\u90e8\u30d0\u30ea\u30a2\u30d5\u30ea\u30fc<\/strong>.BITV 2.0\u306e\u8981\u4ef6\u306f\u90e8\u5206\u7684\u306b\u6e80\u305f\u3055\u308c\u3066\u3044\u308b\u3002<\/p><ol start=\"4\"><li><strong> \u76e3\u67fb\u306e\u65b9\u6cd5<\/strong><\/li><\/ol><p style=\"padding-left: 40px;\">\u30a2\u30af\u30bb\u30b7\u30d3\u30ea\u30c6\u30a3\u30fb\u30c1\u30a7\u30c3\u30af\u306f\u3001\u305d\u306e\u4e00\u74b0\u3068\u3057\u3066\u5b9f\u65bd\u3055\u308c\u305f\u3002 <strong>\u81ea\u5df1\u8a55\u4fa1<\/strong> HMTG\u306b\u3088\u3063\u3066\u884c\u308f\u308c\u305f\u3002\u500b\u3005\u306e\u8981\u7d20\u306f\u3001\u6280\u8853\u30c6\u30b9\u30c8\u30c4\u30fc\u30eb\u3092\u4f7f\u3063\u3066\u7121\u4f5c\u70ba\u306b\u30c1\u30a7\u30c3\u30af\u3055\u308c\u305f\u3002\u5305\u62ec\u7684\u306a\u5916\u90e8\u76e3\u67fb\u306f\u73fe\u5728\u8a08\u753b\u4e2d\u3067\u3042\u308b\u3002<\/p><ol start=\"5\"><li><strong> \u30a2\u30af\u30bb\u30b9\u3067\u304d\u306a\u3044\u30b3\u30f3\u30c6\u30f3\u30c4<\/strong><\/li><\/ol><p style=\"padding-left: 40px;\">\u4e00\u90e8\u306e\u5730\u57df\u3067\u306f\u73fe\u5728\u3082 <strong>\u5b8c\u5168\u306a\u30d0\u30ea\u30a2\u30d5\u30ea\u30fc\u3067\u306f\u306a\u3044<\/strong>:<\/p><ul><li style=\"list-style-type: none;\"><ul><li><strong>PDF\u30c9\u30ad\u30e5\u30e1\u30f3\u30c8\u3068\u57cb\u3081\u8fbc\u307f\u30e1\u30c7\u30a3\u30a2\uff1a<\/strong> \u4e00\u90e8\u306e\u53e4\u3044PDF\u30d5\u30a1\u30a4\u30eb\u306f\u30d0\u30ea\u30a2\u30d5\u30ea\u30fc\u3067\u306f\u3042\u308a\u307e\u305b\u3093\u3002\u307e\u305f\u3001\u57cb\u3081\u8fbc\u307e\u308c\u305f\u30d3\u30c7\u30aa\u306b\u3082\u5b57\u5e55\u3084\u97f3\u58f0\u8aac\u660e\u304c\u3042\u308b\u3068\u306f\u9650\u308a\u307e\u305b\u3093\u3002<\/li><li><strong>\u4ee3\u66ff\u30c6\u30ad\u30b9\u30c8<\/strong> \u753b\u50cf\u3001\u7279\u306b\u53e4\u3044\u8a18\u4e8b\u306b\u306f\u5341\u5206\u306a\u4ee3\u66ff\u30c6\u30ad\u30b9\u30c8\u304c\u306a\u3044\u3053\u3068\u304c\u3042\u308b\u3002<\/li><li><strong>\u30b3\u30f3\u30c8\u30e9\u30b9\u30c8\u3068\u30ad\u30fc\u30dc\u30fc\u30c9\u30ca\u30d3\u30b2\u30fc\u30b7\u30e7\u30f3\uff1a<\/strong> \u30ca\u30d3\u30b2\u30fc\u30b7\u30e7\u30f3\u3084\u30c7\u30b6\u30a4\u30f3\u8981\u7d20\u306e\u4e2d\u306b\u306f\u3001\u5168\u4f53\u7684\u306b\u30b3\u30f3\u30c8\u30e9\u30b9\u30c8\u304c\u5341\u5206\u3067\u306a\u304b\u3063\u305f\u308a\u3001\u30ad\u30fc\u30dc\u30fc\u30c9\u304b\u3089\u5b8c\u5168\u306b\u30a2\u30af\u30bb\u30b9\u3067\u304d\u306a\u304b\u3063\u305f\u308a\u3059\u308b\u3082\u306e\u304c\u3042\u308a\u307e\u3059\u3002<\/li><\/ul><\/li><\/ul><p style=\"padding-left: 40px;\"><strong>\u8a08\u753b\u3055\u308c\u305f\u63aa\u7f6e<\/strong><\/p><ul><li style=\"list-style-type: none;\"><ul><li>PDF\u3084\u753b\u50cf\u30b3\u30f3\u30c6\u30f3\u30c4\u3092\u6bb5\u968e\u7684\u306b\u4fee\u6b63\u3002<\/li><li>\u30ab\u30e9\u30fc\u30b3\u30f3\u30c8\u30e9\u30b9\u30c8\u3068\u30ca\u30d3\u30b2\u30fc\u30b7\u30e7\u30f3\u306e\u6700\u9069\u5316\u3002<\/li><li>\u30a2\u30af\u30bb\u30b7\u30d6\u30eb\u306a\u30de\u30eb\u30c1\u30e1\u30c7\u30a3\u30a2\u8981\u7d20\u306e\u7d71\u5408\u3002<\/li><\/ul><\/li><\/ul><p style=\"padding-left: 40px;\"><strong>\u00a0<\/strong><\/p><ol start=\"6\"><li><strong> \u30d0\u30ea\u30a2\u30d5\u30ea\u30fc\u306e\u4ee3\u66ff\u6848<\/strong><\/li><\/ol><p style=\"padding-left: 40px;\">\u30a2\u30af\u30bb\u30b7\u30d6\u30eb\u3067\u306a\u3044\u30b3\u30f3\u30c6\u30f3\u30c4\u306b\u3064\u3044\u3066\u306f\u3001\u3054\u8981\u671b\u306b\u5fdc\u3058\u3066\u4ee5\u4e0b\u306e\u30b5\u30fc\u30d3\u30b9\u3092\u63d0\u4f9b\u3057\u307e\u3059\u3002 <strong>\u30a2\u30af\u30bb\u30b7\u30d6\u30eb\u306a\u4ee3\u66ff\u30d5\u30a9\u30fc\u30de\u30c3\u30c8<\/strong> (\u30a2\u30af\u30bb\u30b7\u30d6\u30eb\u306aPDF\u3084\u30c6\u30ad\u30b9\u30c8\u30d9\u30fc\u30b9\u306e\u60c5\u5831\u306a\u3069\uff09\u3002\u4e0b\u8a18\u306e\u304a\u554f\u3044\u5408\u308f\u305b\u30aa\u30d7\u30b7\u30e7\u30f3\u3092\u3054\u5229\u7528\u304f\u3060\u3055\u3044\u3002<\/p><ol start=\"7\"><li><strong> \u5ba3\u8a00\u306e\u6e96\u5099<\/strong><\/li><\/ol><p style=\"padding-left: 40px;\">\u3053\u306e\u5ba3\u8a00\u306f <strong>23 2025\u5e746\u6708<\/strong> \u6700\u7d42\u66f4\u65b0\u65e5 <strong>23 2025\u5e746\u6708<\/strong> \u3092\u66f4\u65b0\u3057\u305f\u3002<\/p><ol start=\"8\"><li><strong> \u30d5\u30a3\u30fc\u30c9\u30d0\u30c3\u30af\u3068\u9023\u7d61\u5148<\/strong><\/li><\/ol><p style=\"padding-left: 40px;\">\u5f53\u30a6\u30a7\u30d6\u30b5\u30a4\u30c8\u306e\u30d0\u30ea\u30a2\u30d5\u30ea\u30fc\u8a2d\u8a08\u306b\u4e0d\u5099\u304c\u3042\u308b\u5834\u5408\u3001\u307e\u305f\u306f\u30d0\u30ea\u30a2\u30d5\u30ea\u30fc\u3067\u306a\u3044\u30b3\u30f3\u30c6\u30f3\u30c4\u306b\u95a2\u3059\u308b\u60c5\u5831\u304c\u5fc5\u8981\u306a\u5834\u5408\u306f\u3001\u3054\u9060\u616e\u306a\u304f\u304a\u554f\u3044\u5408\u308f\u305b\u304f\u3060\u3055\u3044\uff1a<\/p><p style=\"padding-left: 40px;\"><strong>\u30cf\u30ce\u30fc\u30d0\u30fc\u30fb\u30de\u30fc\u30b1\u30c6\u30a3\u30f3\u30b0\uff06\u30c4\u30fc\u30ea\u30ba\u30e0\u793e<\/strong><br \/>\u30f4\u30a1\u30fc\u30ec\u30f3\u30f4\u30a1\u30eb\u30c0\u30fc\u901a\u308a7<br \/>30165\u30cf\u30ce\u30fc\u30d0\u30fc<br \/>E\u30e1\u30fc\u30eb <a href=\"mailto:info@hannover-tourismus.de\">info@hannover-tourismus.de<\/a><br \/>\u96fb\u8a71\uff1a+49 (0)511 12345-0<\/p><ol start=\"9\"><li><strong> \u5f37\u5236\u57f7\u884c\u624b\u7d9a\u304d<\/strong><\/li><\/ol><p style=\"padding-left: 40px;\">\u672c\u30a6\u30a7\u30d6\u30b5\u30a4\u30c8\u306b\u95a2\u3059\u308b\u30a2\u30af\u30bb\u30b7\u30d3\u30ea\u30c6\u30a3\u306e\u554f\u3044\u5408\u308f\u305b\u306b\u5bfe\u3057\u3001\u6e80\u8db3\u306e\u3044\u304f\u56de\u7b54\u304c\u5f97\u3089\u308c\u306a\u3044\u5834\u5408\u306f\u3001\u95a2\u9023\u3059\u308b\u5b9f\u65bd\u6a5f\u95a2\u306b\u3054\u9023\u7d61\u304f\u3060\u3055\u3044\uff1a<\/p><p style=\"padding-left: 40px;\"><strong>\u30cb\u30fc\u30c0\u30fc\u30b6\u30af\u30bb\u30f3\u5dde\u30c7\u30b8\u30bf\u30eb\u30fb\u30a2\u30af\u30bb\u30b7\u30d3\u30ea\u30c6\u30a3\u62c5\u5f53\u59d4\u54e1<\/strong><br \/>\u30cb\u30fc\u30c0\u30fc\u30b6\u30af\u30bb\u30f3\u5dde\u5185\u52d9\u7701\u30fb\u30b9\u30dd\u30fc\u30c4\u7701<br \/>\u30cf\u30f3\u30ca\u30fb\u30a2\u30ec\u30f3\u30c8\u30d7\u30e9\u30c3\u30c4 2<br \/>30159 \u30cf\u30ce\u30fc\u30d5\u30a1\u30fc<br \/>E\u30e1\u30fc\u30eb <a href=\"mailto:digitale-barrierefreiheit@mi.niedersachsen.de\">digitale-barrierefreiheit@mi.niedersachsen.de<\/a><br \/>\u96fb\u8a71\uff1a+49 (0)511 120-0<br \/>\u30a6\u30a7\u30d6\u30b5\u30a4\u30c8 <a href=\"https:\/\/www.mi.niedersachsen.de\" target=\"_blank\" rel=\"noopener\">www.mi.niedersachsen.de<\/a><\/p>\t\t\t\t\t\t\t\t<\/div>\n\t\t\t\t<\/div>\n\t\t\t\t\t<\/div>\n\t\t\t\t<\/div>\n\t\t\t\t<\/div>","protected":false},"excerpt":{"rendered":"<p>Erkl\u00e4rung zur Barrierefreiheit Geltungsbereich Diese Erkl\u00e4rung zur Barrierefreiheit gilt f\u00fcr den Webauftritt der:Hannover Marketing und Tourismus GmbH (HMTG)www.hannover-living.de \/ http:\/\/www.hannover-tourismus.de Rechtsgrundlagen Diese Website ist bem\u00fcht, ihren Webauftritt im Einklang mit dem Barrierefreiheitsst\u00e4rkungsgesetz (BFSG) und der Barrierefreie-Informationstechnik-Verordnung (BITV 2.0) barrierefrei zug\u00e4nglich zu machen. Stand der Vereinbarkeit mit den Anforderungen Dieser Webauftritt ist teilweise barrierefrei. Die Anforderungen der BITV 2.0 werden teilweise erf\u00fcllt. Methodik der Pr\u00fcfung Die \u00dcberpr\u00fcfung der Barrierefreiheit erfolgte im Rahmen einer Selbsteinsch\u00e4tzung durch die HMTG. Einzelne Elemente wurden stichprobenartig mit Hilfe technischer Pr\u00fcfwerkzeuge kontrolliert. Eine umfassende externe Pr\u00fcfung ist derzeit in Planung. Nicht barrierefreie Inhalte Einige Bereiche sind derzeit noch nicht vollst\u00e4ndig barrierefrei: PDF-Dokumente und eingebettete Medien: \u00c4ltere PDF-Dateien [&hellip;]<\/p>\n","protected":false},"author":1,"featured_media":0,"parent":0,"menu_order":0,"comment_status":"closed","ping_status":"closed","template":"","meta":{"footnotes":""},"class_list":["post-1720","page","type-page","status-publish","hentry"],"_links":{"self":[{"href":"https:\/\/www.hannover-tourismus.de\/ja\/wp-json\/wp\/v2\/pages\/1720","targetHints":{"allow":["GET"]}}],"collection":[{"href":"https:\/\/www.hannover-tourismus.de\/ja\/wp-json\/wp\/v2\/pages"}],"about":[{"href":"https:\/\/www.hannover-tourismus.de\/ja\/wp-json\/wp\/v2\/types\/page"}],"author":[{"embeddable":true,"href":"https:\/\/www.hannover-tourismus.de\/ja\/wp-json\/wp\/v2\/users\/1"}],"replies":[{"embeddable":true,"href":"https:\/\/www.hannover-tourismus.de\/ja\/wp-json\/wp\/v2\/comments?post=1720"}],"version-history":[{"count":3,"href":"https:\/\/www.hannover-tourismus.de\/ja\/wp-json\/wp\/v2\/pages\/1720\/revisions"}],"predecessor-version":[{"id":1723,"href":"https:\/\/www.hannover-tourismus.de\/ja\/wp-json\/wp\/v2\/pages\/1720\/revisions\/1723"}],"wp:attachment":[{"href":"https:\/\/www.hannover-tourismus.de\/ja\/wp-json\/wp\/v2\/media?parent=1720"}],"curies":[{"name":"wp","href":"https:\/\/api.w.org\/{rel}","templated":true}]}}