{"id":179,"date":"2025-06-18T13:29:09","date_gmt":"2025-06-18T11:29:09","guid":{"rendered":"https:\/\/www.hannover-tourismus.de\/?page_id=179"},"modified":"2026-02-26T08:37:04","modified_gmt":"2026-02-26T06:37:04","slug":"impronta","status":"publish","type":"page","link":"https:\/\/www.hannover-tourismus.de\/it\/impressum\/","title":{"rendered":"Avviso legale"},"content":{"rendered":"<h1 class=\"wp-block-heading\">Avviso legale<\/h1>\r\n\r\n\r\n\r\n<h3 class=\"wp-block-heading\">Informazioni ai sensi del \u00a7 5 DDG<\/h3>\r\n\r\n\r\n\r\n<p>Hannover Marketing e Tourismus GmbH<br \/>Amministratore delegato:<br \/>Christian Katz<br \/>Via Vahrenwalder 7<br \/>30165 Hannover<br \/>E-mail:\u00a0<a href=\"mailto:info@hannover-tourismus.de\">info@hannover-tourismus.de<\/a><br \/>Telefono: +49 511 12349-00<br \/>Fax: +49 511 123490-10<\/p>\r\n\r\n\r\n\r\n<p><strong>Contatto:<\/strong><br \/>Doreen Schmidtchen<br \/>Telefono: +49 511 168 349-31<br \/>Fax: +49 511 123490-10<br \/>E-mail: schmidtchen@hannover-marketing.de<\/p>\r\n\r\n\r\n\r\n<p>Registro delle imprese: Sezione B n. 59223<br \/>Tribunale di registrazione: Hannover<\/p>\r\n\r\n\r\n\r\n<p><strong>ID imposta sulle vendite<\/strong><br \/>Numero di identificazione dell'imposta sulle vendite ai sensi del \u00a7 27 a della legge sull'imposta sulle vendite:<br \/>DE211133985<\/p>\r\n\r\n\r\n\r\n<p><strong>Risoluzione delle controversie nell'UE<br \/><\/strong>La Commissione europea mette a disposizione una piattaforma per la risoluzione delle controversie online (OS):\u00a0<a href=\"https:\/\/ec.europa.eu\/consumers\/odr\" target=\"_blank\" rel=\"noreferrer noopener\">https:\/\/ec.europa.eu\/consumers\/odr<\/a>.<br \/>Il nostro indirizzo e-mail \u00e8 riportato nella nota legale di cui sopra.<\/p>\r\n\r\n\r\n\r\n<p><strong>Responsabilit\u00e0 per i contenuti<br \/><\/strong>In qualit\u00e0 di fornitore di servizi, siamo responsabili dei nostri contenuti su queste pagine ai sensi dell'art. 7 (1) DDG e della legislazione generale. Tuttavia, ai sensi dei \u00a7\u00a7 8-10 DDG, in qualit\u00e0 di fornitore di servizi non siamo obbligati a controllare le informazioni trasmesse o memorizzate da terzi o a indagare su circostanze che indicano un'attivit\u00e0 illegale.<\/p>\r\n\r\n\r\n\r\n<p>L'obbligo di rimuovere o bloccare l'uso delle informazioni in conformit\u00e0 alla legislazione generale rimane inalterato. Tuttavia, la responsabilit\u00e0 in questo senso \u00e8 possibile solo dal momento in cui veniamo a conoscenza di una specifica violazione. Non appena verremo a conoscenza di tali violazioni, provvederemo a rimuovere immediatamente tali contenuti.<\/p>\r\n\r\n\r\n\r\n<p><strong>Responsabilit\u00e0 per i link<br \/><\/strong>Il nostro sito web contiene link a siti esterni di terzi sui cui contenuti non abbiamo alcuna influenza. Pertanto, non ci assumiamo alcuna responsabilit\u00e0 per questi contenuti di terzi. Il rispettivo fornitore o gestore delle pagine \u00e8 sempre responsabile del contenuto delle pagine collegate. Le pagine collegate sono state controllate per verificare eventuali violazioni di legge al momento del collegamento. I contenuti illegali non erano riconoscibili al momento del collegamento.<\/p>\r\n\r\n\r\n\r\n<p>Tuttavia, il monitoraggio permanente del contenuto delle pagine collegate non \u00e8 ragionevole senza prove concrete di una violazione. Se veniamo a conoscenza di violazioni legali, rimuoveremo immediatamente tali link.<\/p>\r\n\r\n\r\n\r\n<p><strong>Copyright<br \/><\/strong>I contenuti e le opere create dagli operatori del sito su queste pagine sono soggetti alla legge tedesca sul diritto d'autore. La duplicazione, l'elaborazione, la distribuzione e qualsiasi tipo di utilizzo al di fuori dei limiti della legge sul copyright richiedono il consenso scritto del rispettivo autore o creatore. Download e copie di questo sito sono consentiti solo per uso privato e non commerciale.<\/p>\r\n\r\n\r\n\r\n<p>Nella misura in cui i contenuti di questo sito non sono stati creati dal gestore, vengono rispettati i diritti d'autore di terzi. In particolare, i contenuti di terzi sono contrassegnati come tali. Se tuttavia doveste venire a conoscenza di una violazione del copyright, vi preghiamo di informarci. Qualora venissimo a conoscenza di violazioni, provvederemo a rimuovere immediatamente tali contenuti.<\/p>\r\n\r\n\r\n\r\n<p>Le informazioni fornite da Hannover Marketing &amp; Tourismus GmbH sul suo sito web sono soggette a un costante monitoraggio e vengono aggiornate di continuo. Tuttavia, \u00e8 possibile che i dati siano cambiati nel frattempo nonostante un attento controllo. Per questo motivo, Hannover Marketing &amp; Tourismus GmbH non si assume alcuna responsabilit\u00e0 o garanzia in merito all'accuratezza, alla completezza e all'attualit\u00e0 delle informazioni fornite in queste pagine. Ci\u00f2 vale anche per tutti i siti web a cui si fa riferimento tramite collegamento ipertestuale su questo sito. Hannover Marketing &amp; Tourismus GmbH non \u00e8 responsabile del contenuto di questi siti.<\/p>","protected":false},"excerpt":{"rendered":"<p>Impressum Angaben gem\u00e4\u00df \u00a7 5 DDG Hannover Marketing und Tourismus GmbHGesch\u00e4ftsf\u00fchrer:Christian KatzVahrenwalder Stra\u00dfe 730165 HannoverE-Mail:\u00a0info@hannover-tourismus.deTel.: +49 511 12349-00Fax: +49 511 123490-10 Kontakt:Doreen SchmidtchenTel.: +49 511 168 349-31Fax: +49 511 123490-10E-Mail: schmidtchen@hannover-marketing.de Handelsregister: Abt. B Nr. 59223Registergericht: Hannover Umsatzsteuer-IDUmsatzsteuer-Identifikationsnummer gem\u00e4\u00df \u00a7 27 a Umsatzsteuergesetz:DE211133985 EU-StreitschlichtungDie Europ\u00e4ische Kommission stellt eine Plattform zur Online-Streitbeilegung (OS) bereit:\u00a0https:\/\/ec.europa.eu\/consumers\/odr.Unsere E-Mail-Adresse finden [&hellip;]<\/p>\n","protected":false},"author":1,"featured_media":0,"parent":0,"menu_order":0,"comment_status":"closed","ping_status":"closed","template":"","meta":{"footnotes":""},"class_list":["post-179","page","type-page","status-publish","hentry"],"_links":{"self":[{"href":"https:\/\/www.hannover-tourismus.de\/it\/wp-json\/wp\/v2\/pages\/179","targetHints":{"allow":["GET"]}}],"collection":[{"href":"https:\/\/www.hannover-tourismus.de\/it\/wp-json\/wp\/v2\/pages"}],"about":[{"href":"https:\/\/www.hannover-tourismus.de\/it\/wp-json\/wp\/v2\/types\/page"}],"author":[{"embeddable":true,"href":"https:\/\/www.hannover-tourismus.de\/it\/wp-json\/wp\/v2\/users\/1"}],"replies":[{"embeddable":true,"href":"https:\/\/www.hannover-tourismus.de\/it\/wp-json\/wp\/v2\/comments?post=179"}],"version-history":[{"count":3,"href":"https:\/\/www.hannover-tourismus.de\/it\/wp-json\/wp\/v2\/pages\/179\/revisions"}],"predecessor-version":[{"id":5602,"href":"https:\/\/www.hannover-tourismus.de\/it\/wp-json\/wp\/v2\/pages\/179\/revisions\/5602"}],"wp:attachment":[{"href":"https:\/\/www.hannover-tourismus.de\/it\/wp-json\/wp\/v2\/media?parent=179"}],"curies":[{"name":"wp","href":"https:\/\/api.w.org\/{rel}","templated":true}]}}