{"id":179,"date":"2025-06-18T13:29:09","date_gmt":"2025-06-18T11:29:09","guid":{"rendered":"https:\/\/www.hannover-tourismus.de\/?page_id=179"},"modified":"2026-02-26T08:37:04","modified_gmt":"2026-02-26T06:37:04","slug":"mentions-legales","status":"publish","type":"page","link":"https:\/\/www.hannover-tourismus.de\/fr\/impressum\/","title":{"rendered":"Mentions l\u00e9gales"},"content":{"rendered":"<h1 class=\"wp-block-heading\">Mentions l\u00e9gales<\/h1>\r\n\r\n\r\n\r\n<h3 class=\"wp-block-heading\">Informations selon le \u00a7 5 DDG<\/h3>\r\n\r\n\r\n\r\n<p>Hannover Marketing und Tourismus GmbH<br \/>Directeur g\u00e9n\u00e9ral :<br \/>Christian Katz<br \/>7, rue Vahrenwalder<br \/>30165 Hanovre<br \/>Courrier \u00e9lectronique :\u00a0<a href=\"mailto:info@hannover-tourismus.de\">info@hannover-tourismus.de<\/a><br \/>T\u00e9l. : +49 511 12349-00<br \/>T\u00e9l\u00e9copieur : +49 511 123490-10<\/p>\r\n\r\n\r\n\r\n<p><strong>Contact :<\/strong><br \/>Doreen Schmidtchen<br \/>T\u00e9l. : +49 511 168 349-31<br \/>T\u00e9l\u00e9copieur : +49 511 123490-10<br \/>Courrier \u00e9lectronique : schmidtchen@hannover-marketing.de<\/p>\r\n\r\n\r\n\r\n<p>Registre du commerce : Abt. B Nr. 59223<br \/>Tribunal d'enregistrement : Hanovre<\/p>\r\n\r\n\r\n\r\n<p><strong>Num\u00e9ro d'identification de la taxe sur le chiffre d'affaires<\/strong><br \/>Num\u00e9ro d'identification de la taxe sur le chiffre d'affaires conform\u00e9ment au \u00a7 27 a de la loi sur la taxe sur le chiffre d'affaires :<br \/>DE211133985<\/p>\r\n\r\n\r\n\r\n<p><strong>R\u00e8glement des litiges de l'UE<br \/><\/strong>La Commission europ\u00e9enne met \u00e0 disposition une plateforme de r\u00e8glement en ligne des litiges (RLL) :\u00a0<a href=\"https:\/\/ec.europa.eu\/consumers\/odr\" target=\"_blank\" rel=\"noreferrer noopener\">https:\/\/ec.europa.eu\/consumers\/odr<\/a>.<br \/>Vous trouverez notre adresse e-mail en haut dans les mentions l\u00e9gales.<\/p>\r\n\r\n\r\n\r\n<p><strong>Responsabilit\u00e9 du contenu<br \/><\/strong>En tant que prestataire de services, nous sommes responsables, conform\u00e9ment au \u00a7 7 alin\u00e9a 1 de la loi allemande sur la protection des donn\u00e9es (DDG), de nos propres contenus sur ces pages selon les lois g\u00e9n\u00e9rales. Selon les \u00a7\u00a7 8 \u00e0 10 de la DDG, nous ne sommes toutefois pas tenus, en tant que prestataire de services, de surveiller les informations externes transmises ou enregistr\u00e9es ou de rechercher les circonstances qui indiquent une activit\u00e9 ill\u00e9gale.<\/p>\r\n\r\n\r\n\r\n<p>Les obligations de supprimer ou de bloquer l'utilisation d'informations conform\u00e9ment aux lois g\u00e9n\u00e9rales restent inchang\u00e9es. Une responsabilit\u00e9 \u00e0 cet \u00e9gard n'est toutefois possible qu'\u00e0 partir du moment o\u00f9 une violation concr\u00e8te de la loi est connue. D\u00e8s la prise de connaissance d'une telle violation, nous supprimerons imm\u00e9diatement les contenus concern\u00e9s.<\/p>\r\n\r\n\r\n\r\n<p><strong>Responsabilit\u00e9 pour les liens<br \/><\/strong>Notre offre contient des liens vers des sites web externes de tiers, sur le contenu desquels nous n'avons aucune influence. C'est pourquoi nous ne pouvons pas non plus nous porter garants de ces contenus externes. Le fournisseur ou l'exploitant des pages li\u00e9es est toujours responsable des contenus de ces pages. Les pages li\u00e9es ont \u00e9t\u00e9 contr\u00f4l\u00e9es au moment de la cr\u00e9ation du lien afin de v\u00e9rifier qu'elles ne pr\u00e9sentaient pas d'infraction \u00e0 la loi. Aucun contenu ill\u00e9gal n'a \u00e9t\u00e9 identifi\u00e9 au moment de la cr\u00e9ation des liens.<\/p>\r\n\r\n\r\n\r\n<p>Un contr\u00f4le permanent du contenu des pages li\u00e9es n'est cependant pas exigible sans indices concrets d'une violation de la loi. D\u00e8s que nous aurons connaissance d'une violation de la loi, nous supprimerons imm\u00e9diatement les liens concern\u00e9s.<\/p>\r\n\r\n\r\n\r\n<p><strong>Droit d'auteur<br \/><\/strong>Les contenus et les \u0153uvres cr\u00e9\u00e9s par les exploitants de ces pages sont soumis au droit d'auteur allemand. La reproduction, le traitement, la diffusion et toute forme d'exploitation en dehors des limites du droit d'auteur requi\u00e8rent l'accord \u00e9crit de l'auteur ou du cr\u00e9ateur concern\u00e9. Les t\u00e9l\u00e9chargements et les copies de ce site ne sont autoris\u00e9s que pour un usage priv\u00e9 et non commercial.<\/p>\r\n\r\n\r\n\r\n<p>Dans la mesure o\u00f9 les contenus de ce site n'ont pas \u00e9t\u00e9 cr\u00e9\u00e9s par l'exploitant, les droits d'auteur de tiers sont respect\u00e9s. Les contenus de tiers sont notamment identifi\u00e9s comme tels. Si vous deviez n\u00e9anmoins constater une violation des droits d'auteur, nous vous prions de nous en informer. D\u00e8s la prise de connaissance d'une violation de la loi, nous supprimerons imm\u00e9diatement les contenus concern\u00e9s.<\/p>\r\n\r\n\r\n\r\n<p>Les informations que la Hannover Marketing &amp; Tourismus GmbH met \u00e0 disposition sur son site Internet sont soumises \u00e0 un contr\u00f4le permanent et sont actualis\u00e9es en permanence. Toutefois, il est possible que des donn\u00e9es aient chang\u00e9 entre-temps malgr\u00e9 un contr\u00f4le minutieux. C'est pourquoi la Hannover Marketing &amp; Tourismus GmbH n'assume aucune responsabilit\u00e9 ou garantie quant \u00e0 l'exactitude, l'exhaustivit\u00e9 et l'actualit\u00e9 des informations propos\u00e9es sur ces pages. Ceci s'applique \u00e9galement \u00e0 tous les sites Internet auxquels il est fait r\u00e9f\u00e9rence dans cette pr\u00e9sentation par des hyperliens. Hannover Marketing &amp; Tourismus GmbH n'est pas responsable du contenu de ces sites.<\/p>","protected":false},"excerpt":{"rendered":"<p>Impressum Angaben gem\u00e4\u00df \u00a7 5 DDG Hannover Marketing und Tourismus GmbHGesch\u00e4ftsf\u00fchrer:Christian KatzVahrenwalder Stra\u00dfe 730165 HannoverE-Mail:\u00a0info@hannover-tourismus.deTel.: +49 511 12349-00Fax: +49 511 123490-10 Kontakt:Doreen SchmidtchenTel.: +49 511 168 349-31Fax: +49 511 123490-10E-Mail: schmidtchen@hannover-marketing.de Handelsregister: Abt. B Nr. 59223Registergericht: Hannover Umsatzsteuer-IDUmsatzsteuer-Identifikationsnummer gem\u00e4\u00df \u00a7 27 a Umsatzsteuergesetz:DE211133985 EU-StreitschlichtungDie Europ\u00e4ische Kommission stellt eine Plattform zur Online-Streitbeilegung (OS) bereit:\u00a0https:\/\/ec.europa.eu\/consumers\/odr.Unsere E-Mail-Adresse finden [&hellip;]<\/p>\n","protected":false},"author":1,"featured_media":0,"parent":0,"menu_order":0,"comment_status":"closed","ping_status":"closed","template":"","meta":{"footnotes":""},"class_list":["post-179","page","type-page","status-publish","hentry"],"_links":{"self":[{"href":"https:\/\/www.hannover-tourismus.de\/fr\/wp-json\/wp\/v2\/pages\/179","targetHints":{"allow":["GET"]}}],"collection":[{"href":"https:\/\/www.hannover-tourismus.de\/fr\/wp-json\/wp\/v2\/pages"}],"about":[{"href":"https:\/\/www.hannover-tourismus.de\/fr\/wp-json\/wp\/v2\/types\/page"}],"author":[{"embeddable":true,"href":"https:\/\/www.hannover-tourismus.de\/fr\/wp-json\/wp\/v2\/users\/1"}],"replies":[{"embeddable":true,"href":"https:\/\/www.hannover-tourismus.de\/fr\/wp-json\/wp\/v2\/comments?post=179"}],"version-history":[{"count":3,"href":"https:\/\/www.hannover-tourismus.de\/fr\/wp-json\/wp\/v2\/pages\/179\/revisions"}],"predecessor-version":[{"id":5602,"href":"https:\/\/www.hannover-tourismus.de\/fr\/wp-json\/wp\/v2\/pages\/179\/revisions\/5602"}],"wp:attachment":[{"href":"https:\/\/www.hannover-tourismus.de\/fr\/wp-json\/wp\/v2\/media?parent=179"}],"curies":[{"name":"wp","href":"https:\/\/api.w.org\/{rel}","templated":true}]}}