{"id":179,"date":"2025-06-18T13:29:09","date_gmt":"2025-06-18T11:29:09","guid":{"rendered":"https:\/\/www.hannover-tourismus.de\/?page_id=179"},"modified":"2026-02-26T08:37:04","modified_gmt":"2026-02-26T06:37:04","slug":"%d0%be%d1%82%d0%bf%d0%b5%d1%87%d0%b0%d1%82%d1%8a%d0%ba","status":"publish","type":"page","link":"https:\/\/www.hannover-tourismus.de\/bg\/impressum\/","title":{"rendered":"Legal notice"},"content":{"rendered":"<h1 class=\"wp-block-heading\">Legal notice<\/h1>\r\n\r\n\r\n\r\n<h3 class=\"wp-block-heading\">\u0418\u043d\u0444\u043e\u0440\u043c\u0430\u0446\u0438\u044f \u0441\u044a\u0433\u043b\u0430\u0441\u043d\u043e \u00a7 5 DDG<\/h3>\r\n\r\n\r\n\r\n<p>Hannover Marketing and Tourismus GmbH<br \/>\u0423\u043f\u0440\u0430\u0432\u043b\u044f\u0432\u0430\u0449 \u0434\u0438\u0440\u0435\u043a\u0442\u043e\u0440:<br \/>\u041a\u0440\u0438\u0441\u0442\u0438\u0430\u043d \u041a\u0430\u0446<br \/>\u0423\u043b\u0438\u0446\u0430 Vahrenwalder 7<br \/>30165 \u0425\u0430\u043d\u043e\u0432\u0435\u0440<br \/>\u0415\u043b\u0435\u043a\u0442\u0440\u043e\u043d\u043d\u0430 \u043f\u043e\u0449\u0430:\u00a0<a href=\"mailto:info@hannover-tourismus.de\">info@hannover-tourismus.de<\/a><br \/>\u0422\u0435\u043b\u0435\u0444\u043e\u043d: +49 511 12349-00<br \/>\u0424\u0430\u043a\u0441: +49 511 123490-10<\/p>\r\n\r\n\r\n\r\n<p><strong>\u0417\u0430 \u043a\u043e\u043d\u0442\u0430\u043a\u0442:<\/strong><br \/>\u0414\u043e\u0440\u0438\u043d \u0428\u043c\u0438\u0434\u0447\u0435\u043d<br \/>\u0422\u0435\u043b\u0435\u0444\u043e\u043d: +49 511 168 349-31<br \/>\u0424\u0430\u043a\u0441: +49 511 123490-10<br \/>\u0415\u043b\u0435\u043a\u0442\u0440\u043e\u043d\u043d\u0430 \u043f\u043e\u0449\u0430: schmidtchen@hannover-marketing.de<\/p>\r\n\r\n\r\n\r\n<p>\u0422\u044a\u0440\u0433\u043e\u0432\u0441\u043a\u0438 \u0440\u0435\u0433\u0438\u0441\u0442\u044a\u0440: \u0440\u0430\u0437\u0434\u0435\u043b \u0411 \u2116 59223<br \/>\u0420\u0435\u0433\u0438\u0441\u0442\u0440\u0430\u0446\u0438\u043e\u043d\u0435\u043d \u0441\u044a\u0434: Hanover<\/p>\r\n\r\n\r\n\r\n<p><strong>\u0414\u0430\u043d\u044a\u0447\u0435\u043d \u0438\u0434\u0435\u043d\u0442\u0438\u0444\u0438\u043a\u0430\u0446\u0438\u043e\u043d\u0435\u043d \u043d\u043e\u043c\u0435\u0440 \u0437\u0430 \u043f\u0440\u043e\u0434\u0430\u0436\u0431\u0438\u0442\u0435<\/strong><br \/>\u0418\u0434\u0435\u043d\u0442\u0438\u0444\u0438\u043a\u0430\u0446\u0438\u043e\u043d\u0435\u043d \u043d\u043e\u043c\u0435\u0440 \u0437\u0430 \u0434\u0430\u043d\u044a\u043a \u0432\u044a\u0440\u0445\u0443 \u043f\u0440\u043e\u0434\u0430\u0436\u0431\u0438\u0442\u0435 \u0441\u044a\u0433\u043b\u0430\u0441\u043d\u043e \u00a7 27\u0430 \u043e\u0442 \u0417\u0430\u043a\u043e\u043d\u0430 \u0437\u0430 \u0434\u0430\u043d\u044a\u043a\u0430 \u0432\u044a\u0440\u0445\u0443 \u043f\u0440\u043e\u0434\u0430\u0436\u0431\u0438\u0442\u0435:<br \/>DE211133985<\/p>\r\n\r\n\r\n\r\n<p><strong>\u0420\u0430\u0437\u0440\u0435\u0448\u0430\u0432\u0430\u043d\u0435 \u043d\u0430 \u0441\u043f\u043e\u0440\u043e\u0432\u0435 \u0432 \u0415\u0421<br \/><\/strong>\u0415\u0432\u0440\u043e\u043f\u0435\u0439\u0441\u043a\u0430\u0442\u0430 \u043a\u043e\u043c\u0438\u0441\u0438\u044f \u043f\u0440\u0435\u0434\u043e\u0441\u0442\u0430\u0432\u044f \u043f\u043b\u0430\u0442\u0444\u043e\u0440\u043c\u0430 \u0437\u0430 \u043e\u043d\u043b\u0430\u0439\u043d \u0440\u0435\u0448\u0430\u0432\u0430\u043d\u0435 \u043d\u0430 \u0441\u043f\u043e\u0440\u043e\u0432\u0435 (\u041e\u0421):\u00a0<a href=\"https:\/\/ec.europa.eu\/consumers\/odr\" target=\"_blank\" rel=\"noreferrer noopener\">https:\/\/ec.europa.eu\/consumers\/odr<\/a>.<br \/>\u0410\u0434\u0440\u0435\u0441\u044a\u0442 \u043d\u0438 \u0437\u0430 \u0435\u043b\u0435\u043a\u0442\u0440\u043e\u043d\u043d\u0430 \u043f\u043e\u0449\u0430 \u0435 \u043f\u043e\u0441\u043e\u0447\u0435\u043d \u0432 \u043f\u0440\u0430\u0432\u043d\u043e\u0442\u043e \u0438\u0437\u0432\u0435\u0441\u0442\u0438\u0435 \u043f\u043e-\u0433\u043e\u0440\u0435.<\/p>\r\n\r\n\r\n\r\n<p><strong>\u041e\u0442\u0433\u043e\u0432\u043e\u0440\u043d\u043e\u0441\u0442 \u0437\u0430 \u0441\u044a\u0434\u044a\u0440\u0436\u0430\u043d\u0438\u0435\u0442\u043e<br \/><\/strong>\u0412 \u043a\u0430\u0447\u0435\u0441\u0442\u0432\u043e\u0442\u043e \u0441\u0438 \u043d\u0430 \u0434\u043e\u0441\u0442\u0430\u0432\u0447\u0438\u043a \u043d\u0430 \u0443\u0441\u043b\u0443\u0433\u0438 \u043d\u0438\u0435 \u043d\u043e\u0441\u0438\u043c \u043e\u0442\u0433\u043e\u0432\u043e\u0440\u043d\u043e\u0441\u0442 \u0437\u0430 \u0441\u043e\u0431\u0441\u0442\u0432\u0435\u043d\u043e\u0442\u043e \u0441\u0438 \u0441\u044a\u0434\u044a\u0440\u0436\u0430\u043d\u0438\u0435 \u043d\u0430 \u0442\u0435\u0437\u0438 \u0441\u0442\u0440\u0430\u043d\u0438\u0446\u0438 \u0432 \u0441\u044a\u043e\u0442\u0432\u0435\u0442\u0441\u0442\u0432\u0438\u0435 \u0441 \u0447\u043b\u0435\u043d 7, \u043f\u0430\u0440\u0430\u0433\u0440\u0430\u0444 1 \u043e\u0442 DDG \u0438 \u043e\u0431\u0449\u043e\u0442\u043e \u0437\u0430\u043a\u043e\u043d\u043e\u0434\u0430\u0442\u0435\u043b\u0441\u0442\u0432\u043e. \u0412\u044a\u043f\u0440\u0435\u043a\u0438 \u0442\u043e\u0432\u0430, \u0441\u044a\u0433\u043b\u0430\u0441\u043d\u043e \u00a7\u00a7 8 \u0434\u043e 10 DDG, \u043a\u0430\u0442\u043e \u0434\u043e\u0441\u0442\u0430\u0432\u0447\u0438\u043a \u043d\u0430 \u0443\u0441\u043b\u0443\u0433\u0438 \u043d\u0438\u0435 \u043d\u0435 \u0441\u043c\u0435 \u0437\u0430\u0434\u044a\u043b\u0436\u0435\u043d\u0438 \u0434\u0430 \u0441\u043b\u0435\u0434\u0438\u043c \u043f\u0440\u0435\u0434\u0430\u0432\u0430\u043d\u0430\u0442\u0430 \u0438\u043b\u0438 \u0441\u044a\u0445\u0440\u0430\u043d\u044f\u0432\u0430\u043d\u0430\u0442\u0430 \u0438\u043d\u0444\u043e\u0440\u043c\u0430\u0446\u0438\u044f \u043e\u0442 \u0442\u0440\u0435\u0442\u0438 \u0441\u0442\u0440\u0430\u043d\u0438 \u0438\u043b\u0438 \u0434\u0430 \u0440\u0430\u0437\u0441\u043b\u0435\u0434\u0432\u0430\u043c\u0435 \u043e\u0431\u0441\u0442\u043e\u044f\u0442\u0435\u043b\u0441\u0442\u0432\u0430, \u043a\u043e\u0438\u0442\u043e \u043f\u043e\u043a\u0430\u0437\u0432\u0430\u0442 \u043d\u0435\u0437\u0430\u043a\u043e\u043d\u043d\u0430 \u0434\u0435\u0439\u043d\u043e\u0441\u0442.<\/p>\r\n\r\n\r\n\r\n<p>\u0417\u0430\u0434\u044a\u043b\u0436\u0435\u043d\u0438\u044f\u0442\u0430 \u0437\u0430 \u043f\u0440\u0435\u043c\u0430\u0445\u0432\u0430\u043d\u0435 \u0438\u043b\u0438 \u0431\u043b\u043e\u043a\u0438\u0440\u0430\u043d\u0435 \u043d\u0430 \u0438\u0437\u043f\u043e\u043b\u0437\u0432\u0430\u043d\u0435\u0442\u043e \u043d\u0430 \u0438\u043d\u0444\u043e\u0440\u043c\u0430\u0446\u0438\u044f \u0432 \u0441\u044a\u043e\u0442\u0432\u0435\u0442\u0441\u0442\u0432\u0438\u0435 \u0441 \u043e\u0431\u0449\u043e\u0442\u043e \u0437\u0430\u043a\u043e\u043d\u043e\u0434\u0430\u0442\u0435\u043b\u0441\u0442\u0432\u043e \u043e\u0441\u0442\u0430\u0432\u0430\u0442 \u043d\u0435\u0437\u0430\u0441\u0435\u0433\u043d\u0430\u0442\u0438 \u043e\u0442 \u0442\u043e\u0432\u0430. \u041e\u0442\u0433\u043e\u0432\u043e\u0440\u043d\u043e\u0441\u0442\u0442\u0430 \u0432 \u0442\u043e\u0432\u0430 \u043e\u0442\u043d\u043e\u0448\u0435\u043d\u0438\u0435 \u043e\u0431\u0430\u0447\u0435 \u0435 \u0432\u044a\u0437\u043c\u043e\u0436\u043d\u0430 \u0441\u0430\u043c\u043e \u043e\u0442 \u043c\u043e\u043c\u0435\u043d\u0442\u0430, \u0432 \u043a\u043e\u0439\u0442\u043e \u0441\u043c\u0435 \u0443\u0437\u043d\u0430\u043b\u0438 \u0437\u0430 \u043a\u043e\u043d\u043a\u0440\u0435\u0442\u043d\u043e \u043d\u0430\u0440\u0443\u0448\u0435\u043d\u0438\u0435. \u0412\u0435\u0434\u043d\u0430\u0433\u0430 \u0449\u043e\u043c \u0440\u0430\u0437\u0431\u0435\u0440\u0435\u043c \u0437\u0430 \u0442\u0430\u043a\u0438\u0432\u0430 \u043d\u0430\u0440\u0443\u0448\u0435\u043d\u0438\u044f, \u0449\u0435 \u043f\u0440\u0435\u043c\u0430\u0445\u043d\u0435\u043c \u0442\u043e\u0432\u0430 \u0441\u044a\u0434\u044a\u0440\u0436\u0430\u043d\u0438\u0435 \u043d\u0435\u0437\u0430\u0431\u0430\u0432\u043d\u043e.<\/p>\r\n\r\n\r\n\r\n<p><strong>\u041e\u0442\u0433\u043e\u0432\u043e\u0440\u043d\u043e\u0441\u0442 \u0437\u0430 \u0432\u0440\u044a\u0437\u043a\u0438<br \/><\/strong>\u041d\u0430\u0448\u0438\u044f\u0442 \u0443\u0435\u0431\u0441\u0430\u0439\u0442 \u0441\u044a\u0434\u044a\u0440\u0436\u0430 \u0432\u0440\u044a\u0437\u043a\u0438 \u043a\u044a\u043c \u0432\u044a\u043d\u0448\u043d\u0438 \u0443\u0435\u0431\u0441\u0430\u0439\u0442\u043e\u0432\u0435 \u043d\u0430 \u0442\u0440\u0435\u0442\u0438 \u0441\u0442\u0440\u0430\u043d\u0438, \u0432\u044a\u0440\u0445\u0443 \u0447\u0438\u0435\u0442\u043e \u0441\u044a\u0434\u044a\u0440\u0436\u0430\u043d\u0438\u0435 \u043d\u044f\u043c\u0430\u043c\u0435 \u0432\u043b\u0438\u044f\u043d\u0438\u0435. \u041f\u043e\u0440\u0430\u0434\u0438 \u0442\u043e\u0432\u0430 \u043d\u0435 \u043c\u043e\u0436\u0435\u043c \u0434\u0430 \u043f\u043e\u0435\u043c\u0435\u043c \u043d\u0438\u043a\u0430\u043a\u0432\u0430 \u043e\u0442\u0433\u043e\u0432\u043e\u0440\u043d\u043e\u0441\u0442 \u0437\u0430 \u0442\u043e\u0432\u0430 \u0441\u044a\u0434\u044a\u0440\u0436\u0430\u043d\u0438\u0435 \u043d\u0430 \u0442\u0440\u0435\u0442\u0438 \u0441\u0442\u0440\u0430\u043d\u0438. \u0421\u044a\u043e\u0442\u0432\u0435\u0442\u043d\u0438\u044f\u0442 \u0434\u043e\u0441\u0442\u0430\u0432\u0447\u0438\u043a \u0438\u043b\u0438 \u043e\u043f\u0435\u0440\u0430\u0442\u043e\u0440 \u043d\u0430 \u0441\u0442\u0440\u0430\u043d\u0438\u0446\u0438\u0442\u0435 \u0432\u0438\u043d\u0430\u0433\u0438 \u043d\u043e\u0441\u0438 \u043e\u0442\u0433\u043e\u0432\u043e\u0440\u043d\u043e\u0441\u0442 \u0437\u0430 \u0441\u044a\u0434\u044a\u0440\u0436\u0430\u043d\u0438\u0435\u0442\u043e \u043d\u0430 \u0441\u0432\u044a\u0440\u0437\u0430\u043d\u0438\u0442\u0435 \u0441\u0442\u0440\u0430\u043d\u0438\u0446\u0438. \u0421\u0432\u044a\u0440\u0437\u0430\u043d\u0438\u0442\u0435 \u0441\u0442\u0440\u0430\u043d\u0438\u0446\u0438 \u0441\u0430 \u043f\u0440\u043e\u0432\u0435\u0440\u0435\u043d\u0438 \u0437\u0430 \u0432\u044a\u0437\u043c\u043e\u0436\u043d\u0438 \u0437\u0430\u043a\u043e\u043d\u043e\u0432\u0438 \u043d\u0430\u0440\u0443\u0448\u0435\u043d\u0438\u044f \u0432 \u043c\u043e\u043c\u0435\u043d\u0442\u0430 \u043d\u0430 \u0441\u0432\u044a\u0440\u0437\u0432\u0430\u043d\u0435. \u041d\u0435\u0437\u0430\u043a\u043e\u043d\u043d\u043e\u0442\u043e \u0441\u044a\u0434\u044a\u0440\u0436\u0430\u043d\u0438\u0435 \u043d\u0435 \u0435 \u0431\u0438\u043b\u043e \u0440\u0430\u0437\u043f\u043e\u0437\u043d\u0430\u0442\u043e \u043f\u043e \u0432\u0440\u0435\u043c\u0435 \u043d\u0430 \u0441\u0432\u044a\u0440\u0437\u0432\u0430\u043d\u0435\u0442\u043e.<\/p>\r\n\r\n\r\n\r\n<p>\u041f\u043e\u0441\u0442\u043e\u044f\u043d\u043d\u043e\u0442\u043e \u043d\u0430\u0431\u043b\u044e\u0434\u0435\u043d\u0438\u0435 \u043d\u0430 \u0441\u044a\u0434\u044a\u0440\u0436\u0430\u043d\u0438\u0435\u0442\u043e \u043d\u0430 \u0441\u0432\u044a\u0440\u0437\u0430\u043d\u0438\u0442\u0435 \u0441\u0442\u0440\u0430\u043d\u0438\u0446\u0438 \u043e\u0431\u0430\u0447\u0435 \u043d\u0435 \u0435 \u0440\u0430\u0437\u0443\u043c\u043d\u043e, \u0430\u043a\u043e \u043d\u044f\u043c\u0430 \u043a\u043e\u043d\u043a\u0440\u0435\u0442\u043d\u0438 \u0434\u043e\u043a\u0430\u0437\u0430\u0442\u0435\u043b\u0441\u0442\u0432\u0430 \u0437\u0430 \u043d\u0430\u0440\u0443\u0448\u0435\u043d\u0438\u0435. \u0410\u043a\u043e \u0440\u0430\u0437\u0431\u0435\u0440\u0435\u043c \u0437\u0430 \u043d\u044f\u043a\u0430\u043a\u0432\u0438 \u0437\u0430\u043a\u043e\u043d\u043e\u0432\u0438 \u043d\u0430\u0440\u0443\u0448\u0435\u043d\u0438\u044f, \u0449\u0435 \u043f\u0440\u0435\u043c\u0430\u0445\u043d\u0435\u043c \u0442\u0435\u0437\u0438 \u0432\u0440\u044a\u0437\u043a\u0438 \u043d\u0435\u0437\u0430\u0431\u0430\u0432\u043d\u043e.<\/p>\r\n\r\n\r\n\r\n<p><strong>\u0410\u0432\u0442\u043e\u0440\u0441\u043a\u043e \u043f\u0440\u0430\u0432\u043e<br \/><\/strong>\u0421\u044a\u0434\u044a\u0440\u0436\u0430\u043d\u0438\u0435\u0442\u043e \u0438 \u043f\u0440\u043e\u0438\u0437\u0432\u0435\u0434\u0435\u043d\u0438\u044f\u0442\u0430, \u0441\u044a\u0437\u0434\u0430\u0434\u0435\u043d\u0438 \u043e\u0442 \u043e\u043f\u0435\u0440\u0430\u0442\u043e\u0440\u0438\u0442\u0435 \u043d\u0430 \u0441\u0430\u0439\u0442\u0430 \u043d\u0430 \u0442\u0435\u0437\u0438 \u0441\u0442\u0440\u0430\u043d\u0438\u0446\u0438, \u0441\u0430 \u043e\u0431\u0435\u043a\u0442 \u043d\u0430 \u0433\u0435\u0440\u043c\u0430\u043d\u0441\u043a\u043e\u0442\u043e \u0437\u0430\u043a\u043e\u043d\u043e\u0434\u0430\u0442\u0435\u043b\u0441\u0442\u0432\u043e \u0437\u0430 \u0430\u0432\u0442\u043e\u0440\u0441\u043a\u043e\u0442\u043e \u043f\u0440\u0430\u0432\u043e. \u0420\u0430\u0437\u043c\u043d\u043e\u0436\u0430\u0432\u0430\u043d\u0435\u0442\u043e, \u043e\u0431\u0440\u0430\u0431\u043e\u0442\u043a\u0430\u0442\u0430, \u0440\u0430\u0437\u043f\u0440\u043e\u0441\u0442\u0440\u0430\u043d\u0435\u043d\u0438\u0435\u0442\u043e \u0438 \u0432\u0441\u044f\u043a\u0430\u043a\u044a\u0432 \u0432\u0438\u0434 \u0438\u0437\u043f\u043e\u043b\u0437\u0432\u0430\u043d\u0435 \u0438\u0437\u0432\u044a\u043d \u0440\u0430\u043c\u043a\u0438\u0442\u0435 \u043d\u0430 \u0437\u0430\u043a\u043e\u043d\u0430 \u0437\u0430 \u0430\u0432\u0442\u043e\u0440\u0441\u043a\u043e\u0442\u043e \u043f\u0440\u0430\u0432\u043e \u0438\u0437\u0438\u0441\u043a\u0432\u0430\u0442 \u043f\u0438\u0441\u043c\u0435\u043d\u043e\u0442\u043e \u0441\u044a\u0433\u043b\u0430\u0441\u0438\u0435 \u043d\u0430 \u0441\u044a\u043e\u0442\u0432\u0435\u0442\u043d\u0438\u044f \u0430\u0432\u0442\u043e\u0440 \u0438\u043b\u0438 \u0441\u044a\u0437\u0434\u0430\u0442\u0435\u043b. \u0418\u0437\u0442\u0435\u0433\u043b\u044f\u043d\u0435\u0442\u043e \u0438 \u043a\u043e\u043f\u0438\u0440\u0430\u043d\u0435\u0442\u043e \u043d\u0430 \u0442\u043e\u0437\u0438 \u0441\u0430\u0439\u0442 \u0435 \u0440\u0430\u0437\u0440\u0435\u0448\u0435\u043d\u043e \u0441\u0430\u043c\u043e \u0437\u0430 \u043b\u0438\u0447\u043d\u0430 \u0443\u043f\u043e\u0442\u0440\u0435\u0431\u0430 \u0441 \u043d\u0435\u0442\u044a\u0440\u0433\u043e\u0432\u0441\u043a\u0430 \u0446\u0435\u043b.<\/p>\r\n\r\n\r\n\r\n<p>\u0414\u043e\u043a\u043e\u043b\u043a\u043e\u0442\u043e \u0441\u044a\u0434\u044a\u0440\u0436\u0430\u043d\u0438\u0435\u0442\u043e \u043d\u0430 \u0442\u043e\u0437\u0438 \u0441\u0430\u0439\u0442 \u043d\u0435 \u0435 \u0441\u044a\u0437\u0434\u0430\u0434\u0435\u043d\u043e \u043e\u0442 \u043e\u043f\u0435\u0440\u0430\u0442\u043e\u0440\u0430, \u0430\u0432\u0442\u043e\u0440\u0441\u043a\u0438\u0442\u0435 \u043f\u0440\u0430\u0432\u0430 \u043d\u0430 \u0442\u0440\u0435\u0442\u0438 \u0441\u0442\u0440\u0430\u043d\u0438 \u0441\u0435 \u0441\u043f\u0430\u0437\u0432\u0430\u0442. \u041f\u043e-\u0441\u043f\u0435\u0446\u0438\u0430\u043b\u043d\u043e, \u0441\u044a\u0434\u044a\u0440\u0436\u0430\u043d\u0438\u0435\u0442\u043e \u043d\u0430 \u0442\u0440\u0435\u0442\u0438 \u0441\u0442\u0440\u0430\u043d\u0438 \u0435 \u043e\u0431\u043e\u0437\u043d\u0430\u0447\u0435\u043d\u043e \u043a\u0430\u0442\u043e \u0442\u0430\u043a\u043e\u0432\u0430. \u0410\u043a\u043e \u0432\u044a\u043f\u0440\u0435\u043a\u0438 \u0442\u043e\u0432\u0430 \u0432\u0438 \u0441\u0442\u0430\u043d\u0435 \u0438\u0437\u0432\u0435\u0441\u0442\u043d\u043e, \u0447\u0435 \u0438\u043c\u0430 \u043d\u0430\u0440\u0443\u0448\u0435\u043d\u0438\u0435 \u043d\u0430 \u0430\u0432\u0442\u043e\u0440\u0441\u043a\u0438\u0442\u0435 \u043f\u0440\u0430\u0432\u0430, \u043c\u043e\u043b\u044f, \u0438\u043d\u0444\u043e\u0440\u043c\u0438\u0440\u0430\u0439\u0442\u0435 \u043d\u0438 \u0437\u0430 \u0442\u043e\u0432\u0430. \u0410\u043a\u043e \u0440\u0430\u0437\u0431\u0435\u0440\u0435\u043c \u0437\u0430 \u043d\u0430\u0440\u0443\u0448\u0435\u043d\u0438\u044f, \u0449\u0435 \u043f\u0440\u0435\u043c\u0430\u0445\u043d\u0435\u043c \u0442\u043e\u0432\u0430 \u0441\u044a\u0434\u044a\u0440\u0436\u0430\u043d\u0438\u0435 \u043d\u0435\u0437\u0430\u0431\u0430\u0432\u043d\u043e.<\/p>\r\n\r\n\r\n\r\n<p>\u0418\u043d\u0444\u043e\u0440\u043c\u0430\u0446\u0438\u044f\u0442\u0430, \u043f\u0440\u0435\u0434\u043e\u0441\u0442\u0430\u0432\u0435\u043d\u0430 \u043e\u0442 Hannover Marketing &amp; Tourismus GmbH \u043d\u0430 \u043d\u0435\u0439\u043d\u0438\u044f \u0443\u0435\u0431\u0441\u0430\u0439\u0442, \u043f\u043e\u0434\u043b\u0435\u0436\u0438 \u043d\u0430 \u043f\u043e\u0441\u0442\u043e\u044f\u043d\u0435\u043d \u043c\u043e\u043d\u0438\u0442\u043e\u0440\u0438\u043d\u0433 \u0438 \u0441\u0435 \u0430\u043a\u0442\u0443\u0430\u043b\u0438\u0437\u0438\u0440\u0430 \u043d\u0435\u043f\u0440\u0435\u043a\u044a\u0441\u043d\u0430\u0442\u043e. \u0412\u044a\u043f\u0440\u0435\u043a\u0438 \u0442\u043e\u0432\u0430 \u0435 \u0432\u044a\u0437\u043c\u043e\u0436\u043d\u043e \u0434\u0430\u043d\u043d\u0438\u0442\u0435 \u0434\u0430 \u0441\u0430 \u0441\u0435 \u043f\u0440\u043e\u043c\u0435\u043d\u0438\u043b\u0438 \u043c\u0435\u0436\u0434\u0443\u0432\u0440\u0435\u043c\u0435\u043d\u043d\u043e, \u0432\u044a\u043f\u0440\u0435\u043a\u0438 \u0432\u043d\u0438\u043c\u0430\u0442\u0435\u043b\u043d\u0430\u0442\u0430 \u043f\u0440\u043e\u0432\u0435\u0440\u043a\u0430. \u041f\u043e \u0442\u0430\u0437\u0438 \u043f\u0440\u0438\u0447\u0438\u043d\u0430 Hannover Marketing &amp; Tourismus GmbH \u043d\u0435 \u043f\u043e\u0435\u043c\u0430 \u043d\u0438\u043a\u0430\u043a\u0432\u0430 \u043e\u0442\u0433\u043e\u0432\u043e\u0440\u043d\u043e\u0441\u0442 \u0438\u043b\u0438 \u0433\u0430\u0440\u0430\u043d\u0446\u0438\u044f \u043f\u043e \u043e\u0442\u043d\u043e\u0448\u0435\u043d\u0438\u0435 \u043d\u0430 \u0442\u043e\u0447\u043d\u043e\u0441\u0442\u0442\u0430, \u043f\u044a\u043b\u043d\u043e\u0442\u0430\u0442\u0430 \u0438 \u0430\u043a\u0442\u0443\u0430\u043b\u043d\u043e\u0441\u0442\u0442\u0430 \u043d\u0430 \u0438\u043d\u0444\u043e\u0440\u043c\u0430\u0446\u0438\u044f\u0442\u0430, \u043f\u0440\u0435\u0434\u043e\u0441\u0442\u0430\u0432\u0435\u043d\u0430 \u043d\u0430 \u0442\u0435\u0437\u0438 \u0441\u0442\u0440\u0430\u043d\u0438\u0446\u0438. \u0422\u043e\u0432\u0430 \u0441\u0435 \u043e\u0442\u043d\u0430\u0441\u044f \u0438 \u0437\u0430 \u0432\u0441\u0438\u0447\u043a\u0438 \u0443\u0435\u0431\u0441\u0430\u0439\u0442\u043e\u0432\u0435, \u043a\u044a\u043c \u043a\u043e\u0438\u0442\u043e \u0441\u0435 \u043f\u0440\u0435\u043f\u0440\u0430\u0449\u0430 \u0447\u0440\u0435\u0437 \u0445\u0438\u043f\u0435\u0440\u0432\u0440\u044a\u0437\u043a\u0430 \u043d\u0430 \u0442\u043e\u0437\u0438 \u0443\u0435\u0431\u0441\u0430\u0439\u0442. Hannover Marketing &amp; Tourismus GmbH \u043d\u0435 \u043d\u043e\u0441\u0438 \u043e\u0442\u0433\u043e\u0432\u043e\u0440\u043d\u043e\u0441\u0442 \u0437\u0430 \u0441\u044a\u0434\u044a\u0440\u0436\u0430\u043d\u0438\u0435\u0442\u043e \u043d\u0430 \u0442\u0435\u0437\u0438 \u0441\u0430\u0439\u0442\u043e\u0432\u0435.<\/p>","protected":false},"excerpt":{"rendered":"<p>Impressum Angaben gem\u00e4\u00df \u00a7 5 DDG Hannover Marketing und Tourismus GmbHGesch\u00e4ftsf\u00fchrer:Christian KatzVahrenwalder Stra\u00dfe 730165 HannoverE-Mail:\u00a0info@hannover-tourismus.deTel.: +49 511 12349-00Fax: +49 511 123490-10 Kontakt:Doreen SchmidtchenTel.: +49 511 168 349-31Fax: +49 511 123490-10E-Mail: schmidtchen@hannover-marketing.de Handelsregister: Abt. B Nr. 59223Registergericht: Hannover Umsatzsteuer-IDUmsatzsteuer-Identifikationsnummer gem\u00e4\u00df \u00a7 27 a Umsatzsteuergesetz:DE211133985 EU-StreitschlichtungDie Europ\u00e4ische Kommission stellt eine Plattform zur Online-Streitbeilegung (OS) bereit:\u00a0https:\/\/ec.europa.eu\/consumers\/odr.Unsere E-Mail-Adresse finden [&hellip;]<\/p>\n","protected":false},"author":1,"featured_media":0,"parent":0,"menu_order":0,"comment_status":"closed","ping_status":"closed","template":"","meta":{"footnotes":""},"class_list":["post-179","page","type-page","status-publish","hentry"],"_links":{"self":[{"href":"https:\/\/www.hannover-tourismus.de\/bg\/wp-json\/wp\/v2\/pages\/179","targetHints":{"allow":["GET"]}}],"collection":[{"href":"https:\/\/www.hannover-tourismus.de\/bg\/wp-json\/wp\/v2\/pages"}],"about":[{"href":"https:\/\/www.hannover-tourismus.de\/bg\/wp-json\/wp\/v2\/types\/page"}],"author":[{"embeddable":true,"href":"https:\/\/www.hannover-tourismus.de\/bg\/wp-json\/wp\/v2\/users\/1"}],"replies":[{"embeddable":true,"href":"https:\/\/www.hannover-tourismus.de\/bg\/wp-json\/wp\/v2\/comments?post=179"}],"version-history":[{"count":3,"href":"https:\/\/www.hannover-tourismus.de\/bg\/wp-json\/wp\/v2\/pages\/179\/revisions"}],"predecessor-version":[{"id":5602,"href":"https:\/\/www.hannover-tourismus.de\/bg\/wp-json\/wp\/v2\/pages\/179\/revisions\/5602"}],"wp:attachment":[{"href":"https:\/\/www.hannover-tourismus.de\/bg\/wp-json\/wp\/v2\/media?parent=179"}],"curies":[{"name":"wp","href":"https:\/\/api.w.org\/{rel}","templated":true}]}}