{"id":1720,"date":"2025-06-23T16:03:05","date_gmt":"2025-06-23T14:03:05","guid":{"rendered":"https:\/\/www.hannover-tourismus.de\/?page_id=1720"},"modified":"2025-06-23T16:03:17","modified_gmt":"2025-06-23T14:03:17","slug":"%d0%b4%d0%b5%d0%ba%d0%bb%d0%b0%d1%80%d0%b0%d1%86%d0%b8%d1%8f-%d0%b7%d0%b0-%d0%b4%d0%be%d1%81%d1%82%d1%8a%d0%bf%d0%bd%d0%be%d1%81%d1%82","status":"publish","type":"page","link":"https:\/\/www.hannover-tourismus.de\/bg\/erklaerung-zur-barrierefreiheit\/","title":{"rendered":"\u0414\u0435\u043a\u043b\u0430\u0440\u0430\u0446\u0438\u044f \u0437\u0430 \u0434\u043e\u0441\u0442\u044a\u043f\u043d\u043e\u0441\u0442"},"content":{"rendered":"<div data-elementor-type=\"wp-page\" data-elementor-id=\"1720\" class=\"elementor elementor-1720\" data-elementor-post-type=\"page\">\n\t\t\t\t<div class=\"elementor-element elementor-element-7bf2cd2 e-flex e-con-boxed e-con e-parent\" data-id=\"7bf2cd2\" data-element_type=\"container\" data-e-type=\"container\">\n\t\t\t\t\t<div class=\"e-con-inner\">\n\t\t\t\t<div class=\"elementor-element elementor-element-a6836d0 elementor-widget elementor-widget-heading\" data-id=\"a6836d0\" data-element_type=\"widget\" data-e-type=\"widget\" data-widget_type=\"heading.default\">\n\t\t\t\t<div class=\"elementor-widget-container\">\n\t\t\t\t\t<h1 class=\"elementor-heading-title elementor-size-default\">\u0414\u0435\u043a\u043b\u0430\u0440\u0430\u0446\u0438\u044f \u0437\u0430 \u0434\u043e\u0441\u0442\u044a\u043f\u043d\u043e\u0441\u0442<\/h1>\t\t\t\t<\/div>\n\t\t\t\t<\/div>\n\t\t\t\t<div class=\"elementor-element elementor-element-bdde30c elementor-widget elementor-widget-text-editor\" data-id=\"bdde30c\" data-element_type=\"widget\" data-e-type=\"widget\" data-widget_type=\"text-editor.default\">\n\t\t\t\t<div class=\"elementor-widget-container\">\n\t\t\t\t\t\t\t\t\t<ol><li><strong> \u041e\u0431\u0445\u0432\u0430\u0442 \u043d\u0430 \u043f\u0440\u0438\u043b\u043e\u0436\u0435\u043d\u0438\u0435<\/strong><\/li><\/ol><p style=\"padding-left: 40px;\">\u041d\u0430\u0441\u0442\u043e\u044f\u0449\u0430\u0442\u0430 \u0434\u0435\u043a\u043b\u0430\u0440\u0430\u0446\u0438\u044f \u0437\u0430 \u0434\u043e\u0441\u0442\u044a\u043f\u043d\u043e\u0441\u0442 \u0441\u0435 \u043e\u0442\u043d\u0430\u0441\u044f \u0437\u0430 \u0443\u0435\u0431\u0441\u0430\u0439\u0442\u0430 \u043d\u0430:<br \/><strong>Hannover Marketing and Tourismus GmbH (HMTG)<\/strong><br \/><a href=\"http:\/\/www.hannover-living.de\" target=\"_blank\" rel=\"noopener\">www.hannover-living.de<\/a> \/ <a href=\"http:\/\/www.hannover-tourismus.de\/bg\/\">http:\/\/www.hannover-tourismus.de<\/a><\/p><ol start=\"2\"><li><strong> \u041f\u0440\u0430\u0432\u043d\u043e \u043e\u0441\u043d\u043e\u0432\u0430\u043d\u0438\u0435<\/strong><\/li><\/ol><p style=\"padding-left: 40px;\">\u0422\u043e\u0437\u0438 \u0443\u0435\u0431\u0441\u0430\u0439\u0442 \u0441\u0435 \u0441\u0442\u0440\u0435\u043c\u0438 \u0434\u0430 \u043f\u043e\u0434\u0434\u044a\u0440\u0436\u0430 \u0441\u0432\u043e\u0435\u0442\u043e \u0443\u0435\u0431 \u043f\u0440\u0438\u0441\u044a\u0441\u0442\u0432\u0438\u0435 \u0432 \u0441\u044a\u043e\u0442\u0432\u0435\u0442\u0441\u0442\u0432\u0438\u0435 \u0441 <strong>\u0417\u0430\u043a\u043e\u043d \u0437\u0430 \u0437\u0430\u0441\u0438\u043b\u0432\u0430\u043d\u0435 \u043d\u0430 \u0434\u043e\u0441\u0442\u044a\u043f\u043d\u043e\u0441\u0442\u0442\u0430 (BFSG)<\/strong> \u0438 <strong>\u041d\u0430\u0440\u0435\u0434\u0431\u0430 \u0437\u0430 \u0438\u043d\u0444\u043e\u0440\u043c\u0430\u0446\u0438\u043e\u043d\u043d\u0438\u0442\u0435 \u0442\u0435\u0445\u043d\u043e\u043b\u043e\u0433\u0438\u0438 \u0431\u0435\u0437 \u0431\u0430\u0440\u0438\u0435\u0440\u0438 (BITV 2.0)<\/strong> \u0434\u043e\u0441\u0442\u044a\u043f\u043d\u043e\u0441\u0442 \u0431\u0435\u0437 \u0431\u0430\u0440\u0438\u0435\u0440\u0438.<\/p><ol start=\"3\"><li><strong> \u0421\u044a\u0441\u0442\u043e\u044f\u043d\u0438\u0435 \u043d\u0430 \u0441\u044a\u0432\u043c\u0435\u0441\u0442\u0438\u043c\u043e\u0441\u0442 \u0441 \u0438\u0437\u0438\u0441\u043a\u0432\u0430\u043d\u0438\u044f\u0442\u0430<\/strong><\/li><\/ol><p style=\"padding-left: 40px;\">\u0422\u043e\u0437\u0438 \u0443\u0435\u0431\u0441\u0430\u0439\u0442 \u0435 <strong>\u0427\u0430\u0441\u0442\u0438\u0447\u043d\u043e \u0431\u0435\u0437 \u0431\u0430\u0440\u0438\u0435\u0440\u0438<\/strong>. \u0418\u0437\u0438\u0441\u043a\u0432\u0430\u043d\u0438\u044f\u0442\u0430 \u043d\u0430 BITV 2.0 \u0441\u0430 \u0438\u0437\u043f\u044a\u043b\u043d\u0435\u043d\u0438 \u0447\u0430\u0441\u0442\u0438\u0447\u043d\u043e.<\/p><ol start=\"4\"><li><strong> \u041c\u0435\u0442\u043e\u0434\u043e\u043b\u043e\u0433\u0438\u044f \u043d\u0430 \u043e\u0434\u0438\u0442\u0430<\/strong><\/li><\/ol><p style=\"padding-left: 40px;\">\u041f\u0440\u043e\u0432\u0435\u0440\u043a\u0430\u0442\u0430 \u043d\u0430 \u0434\u043e\u0441\u0442\u044a\u043f\u043d\u043e\u0441\u0442\u0442\u0430 \u0431\u0435\u0448\u0435 \u0438\u0437\u0432\u044a\u0440\u0448\u0435\u043d\u0430 \u043a\u0430\u0442\u043e \u0447\u0430\u0441\u0442 \u043e\u0442 <strong>\u0421\u0430\u043c\u043e\u043e\u0446\u0435\u043d\u043a\u0430<\/strong> \u043e\u0442 HMTG. \u041e\u0442\u0434\u0435\u043b\u043d\u0438\u0442\u0435 \u0435\u043b\u0435\u043c\u0435\u043d\u0442\u0438 \u0431\u044f\u0445\u0430 \u043f\u0440\u043e\u0432\u0435\u0440\u0435\u043d\u0438 \u043d\u0430 \u0441\u043b\u0443\u0447\u0430\u0435\u043d \u043f\u0440\u0438\u043d\u0446\u0438\u043f \u0441 \u043f\u043e\u043c\u043e\u0449\u0442\u0430 \u043d\u0430 \u0442\u0435\u0445\u043d\u0438\u0447\u0435\u0441\u043a\u0438 \u0441\u0440\u0435\u0434\u0441\u0442\u0432\u0430 \u0437\u0430 \u0442\u0435\u0441\u0442\u0432\u0430\u043d\u0435. \u0412 \u043c\u043e\u043c\u0435\u043d\u0442\u0430 \u0441\u0435 \u043f\u043b\u0430\u043d\u0438\u0440\u0430 \u0446\u044f\u043b\u043e\u0441\u0442\u0435\u043d \u0432\u044a\u043d\u0448\u0435\u043d \u043e\u0434\u0438\u0442.<\/p><ol start=\"5\"><li><strong> \u041d\u0435\u0434\u043e\u0441\u0442\u044a\u043f\u043d\u043e \u0441\u044a\u0434\u044a\u0440\u0436\u0430\u043d\u0438\u0435<\/strong><\/li><\/ol><p style=\"padding-left: 40px;\">\u041d\u044f\u043a\u043e\u0438 \u043e\u0431\u043b\u0430\u0441\u0442\u0438 \u0432\u0441\u0435 \u043e\u0449\u0435 \u0441\u0430 <strong>\u041d\u0435 \u0435 \u043d\u0430\u043f\u044a\u043b\u043d\u043e \u0431\u0435\u0437 \u0431\u0430\u0440\u0438\u0435\u0440\u0438<\/strong>:<\/p><ul><li style=\"list-style-type: none;\"><ul><li><strong>PDF \u0434\u043e\u043a\u0443\u043c\u0435\u043d\u0442\u0438 \u0438 \u0432\u0433\u0440\u0430\u0434\u0435\u043d\u0438 \u043c\u0435\u0434\u0438\u0438:<\/strong> \u041d\u044f\u043a\u043e\u0438 \u043f\u043e-\u0441\u0442\u0430\u0440\u0438 PDF \u0444\u0430\u0439\u043b\u043e\u0432\u0435 \u043d\u0435 \u0441\u0430 \u0431\u0435\u0437 \u0431\u0430\u0440\u0438\u0435\u0440\u0438. \u0412\u0433\u0440\u0430\u0434\u0435\u043d\u0438\u0442\u0435 \u0432\u0438\u0434\u0435\u043e\u043a\u043b\u0438\u043f\u043e\u0432\u0435 \u0441\u044a\u0449\u043e \u043d\u0435 \u0432\u0438\u043d\u0430\u0433\u0438 \u0438\u043c\u0430\u0442 \u0441\u0443\u0431\u0442\u0438\u0442\u0440\u0438 \u0438\u043b\u0438 \u0430\u0443\u0434\u0438\u043e\u043e\u043f\u0438\u0441\u0430\u043d\u0438\u044f.<\/li><li><strong>\u0410\u043b\u0442\u0435\u0440\u043d\u0430\u0442\u0438\u0432\u043d\u0438 \u0442\u0435\u043a\u0441\u0442\u043e\u0432\u0435:<\/strong> \u0418\u0437\u043e\u0431\u0440\u0430\u0436\u0435\u043d\u0438\u044f\u0442\u0430, \u043e\u0441\u043e\u0431\u0435\u043d\u043e \u0432 \u043f\u043e-\u0441\u0442\u0430\u0440\u0438 \u0441\u0442\u0430\u0442\u0438\u0438, \u043f\u043e\u043d\u044f\u043a\u043e\u0433\u0430 \u043d\u044f\u043c\u0430\u0442 \u0434\u043e\u0441\u0442\u0430\u0442\u044a\u0447\u043d\u043e \u0430\u043b\u0442\u0435\u0440\u043d\u0430\u0442\u0438\u0432\u043d\u0438 \u0442\u0435\u043a\u0441\u0442\u043e\u0432\u0435.<\/li><li><strong>\u041a\u043e\u043d\u0442\u0440\u0430\u0441\u0442\u0438 \u0438 \u043d\u0430\u0432\u0438\u0433\u0430\u0446\u0438\u044f \u043f\u043e \u043a\u043b\u0430\u0432\u0438\u0430\u0442\u0443\u0440\u0430\u0442\u0430:<\/strong> \u041d\u044f\u043a\u043e\u0438 \u0435\u043b\u0435\u043c\u0435\u043d\u0442\u0438 \u043d\u0430 \u043d\u0430\u0432\u0438\u0433\u0430\u0446\u0438\u044f\u0442\u0430 \u0438 \u0434\u0438\u0437\u0430\u0439\u043d\u0430 \u0432\u0441\u0435 \u043e\u0449\u0435 \u043d\u0435 \u0441\u0430 \u0434\u043e\u0441\u0442\u0430\u0442\u044a\u0447\u043d\u043e \u043a\u043e\u043d\u0442\u0440\u0430\u0441\u0442\u043d\u0438 \u0438\u043b\u0438 \u043d\u0435 \u0441\u0430 \u043d\u0430\u043f\u044a\u043b\u043d\u043e \u0434\u043e\u0441\u0442\u044a\u043f\u043d\u0438 \u0447\u0440\u0435\u0437 \u043a\u043b\u0430\u0432\u0438\u0430\u0442\u0443\u0440\u0430\u0442\u0430.<\/li><\/ul><\/li><\/ul><p style=\"padding-left: 40px;\"><strong>\u041f\u043b\u0430\u043d\u0438\u0440\u0430\u043d\u0438 \u043c\u0435\u0440\u043a\u0438:<\/strong><\/p><ul><li style=\"list-style-type: none;\"><ul><li>\u0420\u0435\u0432\u0438\u0437\u0438\u044f \u0441\u0442\u044a\u043f\u043a\u0430 \u043f\u043e \u0441\u0442\u044a\u043f\u043a\u0430 \u043d\u0430 PDF \u0444\u0430\u0439\u043b\u043e\u0432\u0435 \u0438 \u0441\u044a\u0434\u044a\u0440\u0436\u0430\u043d\u0438\u0435 \u043d\u0430 \u0438\u0437\u043e\u0431\u0440\u0430\u0436\u0435\u043d\u0438\u044f.<\/li><li>\u041e\u043f\u0442\u0438\u043c\u0438\u0437\u0438\u0440\u0430\u043d\u0435 \u043d\u0430 \u0446\u0432\u0435\u0442\u043e\u0432\u0438\u0442\u0435 \u043a\u043e\u043d\u0442\u0440\u0430\u0441\u0442\u0438 \u0438 \u043d\u0430\u0432\u0438\u0433\u0430\u0446\u0438\u044f\u0442\u0430.<\/li><li>\u0418\u043d\u0442\u0435\u0433\u0440\u0438\u0440\u0430\u043d\u0435 \u043d\u0430 \u0434\u043e\u0441\u0442\u044a\u043f\u043d\u0438 \u043c\u0443\u043b\u0442\u0438\u043c\u0435\u0434\u0438\u0439\u043d\u0438 \u0435\u043b\u0435\u043c\u0435\u043d\u0442\u0438.<\/li><\/ul><\/li><\/ul><p style=\"padding-left: 40px;\"><strong>\u00a0<\/strong><\/p><ol start=\"6\"><li><strong> \u0410\u043b\u0442\u0435\u0440\u043d\u0430\u0442\u0438\u0432\u0438 \u0431\u0435\u0437 \u0431\u0430\u0440\u0438\u0435\u0440\u0438<\/strong><\/li><\/ol><p style=\"padding-left: 40px;\">\u0417\u0430 \u043d\u0435\u0434\u043e\u0441\u0442\u044a\u043f\u043d\u043e \u0441\u044a\u0434\u044a\u0440\u0436\u0430\u043d\u0438\u0435 \u043f\u0440\u0435\u0434\u043b\u0430\u0433\u0430\u043c\u0435 \u043f\u0440\u0438 \u043f\u043e\u0438\u0441\u043a\u0432\u0430\u043d\u0435 <strong>\u0410\u043b\u0442\u0435\u0440\u043d\u0430\u0442\u0438\u0432\u043d\u0438 \u0434\u043e\u0441\u0442\u044a\u043f\u043d\u0438 \u0444\u043e\u0440\u043c\u0430\u0442\u0438<\/strong> (\u043d\u0430\u043f\u0440. \u0434\u043e\u0441\u0442\u044a\u043f\u043d\u0438 PDF \u0444\u0430\u0439\u043b\u043e\u0432\u0435 \u0438\u043b\u0438 \u0442\u0435\u043a\u0441\u0442\u043e\u0432\u0430 \u0438\u043d\u0444\u043e\u0440\u043c\u0430\u0446\u0438\u044f). \u041c\u043e\u043b\u044f, \u0438\u0437\u043f\u043e\u043b\u0437\u0432\u0430\u0439\u0442\u0435 \u043e\u043f\u0446\u0438\u044f\u0442\u0430 \u0437\u0430 \u043a\u043e\u043d\u0442\u0430\u043a\u0442 \u043f\u043e-\u0434\u043e\u043b\u0443.<\/p><ol start=\"7\"><li><strong> \u0418\u0437\u0433\u043e\u0442\u0432\u044f\u043d\u0435 \u043d\u0430 \u0434\u0435\u043a\u043b\u0430\u0440\u0430\u0446\u0438\u044f\u0442\u0430<\/strong><\/li><\/ol><p style=\"padding-left: 40px;\">\u0422\u0430\u0437\u0438 \u0434\u0435\u043a\u043b\u0430\u0440\u0430\u0446\u0438\u044f \u0435 \u0438\u0437\u0434\u0430\u0434\u0435\u043d\u0430 \u043d\u0430 <strong>23 \u044e\u043d\u0438 2025 \u0433.<\/strong> \u0441\u044a\u0437\u0434\u0430\u0434\u0435\u043d\u0430 \u0438 \u043f\u043e\u0441\u043b\u0435\u0434\u043d\u043e \u0430\u043a\u0442\u0443\u0430\u043b\u0438\u0437\u0438\u0440\u0430\u043d\u0430 \u043d\u0430 <strong>23 \u044e\u043d\u0438 2025 \u0433.<\/strong> \u0430\u043a\u0442\u0443\u0430\u043b\u0438\u0437\u0438\u0440\u0430\u043d.<\/p><ol start=\"8\"><li><strong> \u041e\u0431\u0440\u0430\u0442\u043d\u0430 \u0432\u0440\u044a\u0437\u043a\u0430 \u0438 \u043a\u043e\u043d\u0442\u0430\u043a\u0442<\/strong><\/li><\/ol><p style=\"padding-left: 40px;\">\u0410\u043a\u043e \u0437\u0430\u0431\u0435\u043b\u0435\u0436\u0438\u0442\u0435 \u043d\u044f\u043a\u0430\u043a\u0432\u0438 \u043d\u0435\u0434\u043e\u0441\u0442\u0430\u0442\u044a\u0446\u0438 \u043f\u043e \u043e\u0442\u043d\u043e\u0448\u0435\u043d\u0438\u0435 \u043d\u0430 \u0431\u0435\u0437\u0431\u0430\u0440\u0438\u0435\u0440\u0435\u043d \u0434\u0438\u0437\u0430\u0439\u043d \u043d\u0430 \u043d\u0430\u0448\u0438\u044f \u0443\u0435\u0431\u0441\u0430\u0439\u0442 \u0438\u043b\u0438 \u0430\u043a\u043e \u0441\u0435 \u043d\u0443\u0436\u0434\u0430\u0435\u0442\u0435 \u043e\u0442 \u0438\u043d\u0444\u043e\u0440\u043c\u0430\u0446\u0438\u044f \u0437\u0430 \u0441\u044a\u0434\u044a\u0440\u0436\u0430\u043d\u0438\u0435, \u043a\u043e\u0435\u0442\u043e \u043d\u0435 \u0435 \u0431\u0435\u0437 \u0431\u0430\u0440\u0438\u0435\u0440\u0438, \u043c\u043e\u043b\u044f, \u043d\u0435 \u0441\u0435 \u043a\u043e\u043b\u0435\u0431\u0430\u0439\u0442\u0435 \u0434\u0430 \u0441\u0435 \u0441\u0432\u044a\u0440\u0436\u0435\u0442\u0435 \u0441 \u043d\u0430\u0441:<\/p><p style=\"padding-left: 40px;\"><strong>Hannover Marketing and Tourismus GmbH<\/strong><br \/>\u0423\u043b\u0438\u0446\u0430 Vahrenwalder 7<br \/>30165 \u0425\u0430\u043d\u043e\u0432\u0435\u0440<br \/>\u0415\u043b\u0435\u043a\u0442\u0440\u043e\u043d\u043d\u0430 \u043f\u043e\u0449\u0430: <a href=\"mailto:info@hannover-tourismus.de\">info@hannover-tourismus.de<\/a><br \/>\u0422\u0435\u043b\u0435\u0444\u043e\u043d: +49 (0)511 12345-0<\/p><ol start=\"9\"><li><strong> \u041f\u0440\u043e\u0438\u0437\u0432\u043e\u0434\u0441\u0442\u0432\u043e \u043f\u043e \u043f\u0440\u0438\u043d\u0443\u0434\u0438\u0442\u0435\u043b\u043d\u043e \u0438\u0437\u043f\u044a\u043b\u043d\u0435\u043d\u0438\u0435<\/strong><\/li><\/ol><p style=\"padding-left: 40px;\">\u0410\u043a\u043e \u043d\u0435 \u043f\u043e\u043b\u0443\u0447\u0438\u0442\u0435 \u0437\u0430\u0434\u043e\u0432\u043e\u043b\u0438\u0442\u0435\u043b\u0435\u043d \u043e\u0442\u0433\u043e\u0432\u043e\u0440 \u043d\u0430 \u0437\u0430\u043f\u0438\u0442\u0432\u0430\u043d\u0435 \u043e\u0442\u043d\u043e\u0441\u043d\u043e \u0434\u043e\u0441\u0442\u044a\u043f\u043d\u043e\u0441\u0442\u0442\u0430 \u043d\u0430 \u0442\u043e\u0437\u0438 \u0443\u0435\u0431\u0441\u0430\u0439\u0442, \u043c\u043e\u0436\u0435\u0442\u0435 \u0434\u0430 \u0441\u0435 \u043e\u0431\u044a\u0440\u043d\u0435\u0442\u0435 \u043a\u044a\u043c \u0441\u044a\u043e\u0442\u0432\u0435\u0442\u043d\u0438\u044f \u043f\u0440\u0430\u0432\u043e\u043f\u0440\u0438\u043b\u0430\u0433\u0430\u0449 \u043e\u0440\u0433\u0430\u043d:<\/p><p style=\"padding-left: 40px;\"><strong>\u0414\u044a\u0440\u0436\u0430\u0432\u0435\u043d \u043a\u043e\u043c\u0438\u0441\u0430\u0440 \u0437\u0430 \u0446\u0438\u0444\u0440\u043e\u0432\u0430\u0442\u0430 \u0434\u043e\u0441\u0442\u044a\u043f\u043d\u043e\u0441\u0442 \u0414\u043e\u043b\u043d\u0430 \u0421\u0430\u043a\u0441\u043e\u043d\u0438\u044f<\/strong><br \/>\u0414\u043e\u043b\u043d\u0430 \u0421\u0430\u043a\u0441\u043e\u043d\u0438\u044f \u041c\u0438\u043d\u0438\u0441\u0442\u0435\u0440\u0441\u0442\u0432\u043e \u043d\u0430 \u0432\u044a\u0442\u0440\u0435\u0448\u043d\u0438\u0442\u0435 \u0440\u0430\u0431\u043e\u0442\u0438 \u0438 \u0441\u043f\u043e\u0440\u0442\u0430<br \/>Hanna-Arendt-Platz 2<br \/>30159 \u0425\u0430\u043d\u043e\u0432\u0435\u0440<br \/>\u0415\u043b\u0435\u043a\u0442\u0440\u043e\u043d\u043d\u0430 \u043f\u043e\u0449\u0430: <a href=\"mailto:digitale-barrierefreiheit@mi.niedersachsen.de\">digitale-barrierefreiheit@mi.niedersachsen.de<\/a><br \/>\u0422\u0435\u043b\u0435\u0444\u043e\u043d: +49 (0)511 120-0<br \/>\u0423\u0435\u0431\u0441\u0430\u0439\u0442: <a href=\"https:\/\/www.mi.niedersachsen.de\" target=\"_blank\" rel=\"noopener\">www.mi.niedersachsen.de<\/a><\/p>\t\t\t\t\t\t\t\t<\/div>\n\t\t\t\t<\/div>\n\t\t\t\t\t<\/div>\n\t\t\t\t<\/div>\n\t\t\t\t<\/div>","protected":false},"excerpt":{"rendered":"<p>Erkl\u00e4rung zur Barrierefreiheit Geltungsbereich Diese Erkl\u00e4rung zur Barrierefreiheit gilt f\u00fcr den Webauftritt der:Hannover Marketing und Tourismus GmbH (HMTG)www.hannover-living.de \/ http:\/\/www.hannover-tourismus.de Rechtsgrundlagen Diese Website ist bem\u00fcht, ihren Webauftritt im Einklang mit dem Barrierefreiheitsst\u00e4rkungsgesetz (BFSG) und der Barrierefreie-Informationstechnik-Verordnung (BITV 2.0) barrierefrei zug\u00e4nglich zu machen. Stand der Vereinbarkeit mit den Anforderungen Dieser Webauftritt ist teilweise barrierefrei. Die Anforderungen [&hellip;]<\/p>\n","protected":false},"author":1,"featured_media":0,"parent":0,"menu_order":0,"comment_status":"closed","ping_status":"closed","template":"","meta":{"footnotes":""},"class_list":["post-1720","page","type-page","status-publish","hentry"],"_links":{"self":[{"href":"https:\/\/www.hannover-tourismus.de\/bg\/wp-json\/wp\/v2\/pages\/1720","targetHints":{"allow":["GET"]}}],"collection":[{"href":"https:\/\/www.hannover-tourismus.de\/bg\/wp-json\/wp\/v2\/pages"}],"about":[{"href":"https:\/\/www.hannover-tourismus.de\/bg\/wp-json\/wp\/v2\/types\/page"}],"author":[{"embeddable":true,"href":"https:\/\/www.hannover-tourismus.de\/bg\/wp-json\/wp\/v2\/users\/1"}],"replies":[{"embeddable":true,"href":"https:\/\/www.hannover-tourismus.de\/bg\/wp-json\/wp\/v2\/comments?post=1720"}],"version-history":[{"count":3,"href":"https:\/\/www.hannover-tourismus.de\/bg\/wp-json\/wp\/v2\/pages\/1720\/revisions"}],"predecessor-version":[{"id":1723,"href":"https:\/\/www.hannover-tourismus.de\/bg\/wp-json\/wp\/v2\/pages\/1720\/revisions\/1723"}],"wp:attachment":[{"href":"https:\/\/www.hannover-tourismus.de\/bg\/wp-json\/wp\/v2\/media?parent=1720"}],"curies":[{"name":"wp","href":"https:\/\/api.w.org\/{rel}","templated":true}]}}